{"id":45743,"date":"2023-12-07T08:16:40","date_gmt":"2023-12-07T07:16:40","guid":{"rendered":"https:\/\/www.raschvin.com\/produkt\/grande-alberone-prosecco-rose-d-o-c\/"},"modified":"2024-06-19T19:10:23","modified_gmt":"2024-06-19T17:10:23","slug":"grande-alberone-prosecco-rose-d-o-c","status":"publish","type":"product","link":"https:\/\/www.raschvin.com\/sv\/produkt\/grande-alberone-prosecco-rose-d-o-c\/","title":{"rendered":"Grande Alberone Prosecco Ros\u00e9 D.O.C. 75 cl."},"content":{"rendered":"<p>Inneb\u00f6rden av vad m\u00e5nga f\u00f6rknippar med ett klassiskt vin i italiensk stil. Trevlig och ih\u00e5llande.<\/p>\n<p>Bra p\u00e5:<br \/>\nAperitif, f\u00f6rr\u00e4tter, kyckling och kalkon<\/p>\n<p>LEVANDE OCH KRISPT<\/p>\n<p>Delikat rosa f\u00e4rg med ih\u00e5llande, fina bubblor. F\u00f6rf\u00f6risk doft av k\u00f6rsb\u00e4r och r\u00f6da b\u00e4r med l\u00e4tta blommiga toner. Skarp och uppfriskande i munnen.<\/p>\n<p>Grande Alberone Prosecco Ros\u00e9 kan avnjutas under hela m\u00e5ltiden, passar utm\u00e4rkt som aperitif, till f\u00f6rr\u00e4tt eller l\u00e4tt k\u00f6tt. \u00c4ven perfekt i cocktails.<\/p>\n<p>Serveringstemperatur: 6-8\u00b0C<\/p>\n<p>Tillverkning<\/p>\n<p>Grande Alberone Prosecco Ros\u00e9 vinifieras p\u00e5 traditionellt s\u00e4tt.<\/p>\n<p>Om tillverkaren<\/p>\n<p>Provinco Italia \u00e4r en del av Italian Wine Brands SpA. Med ett gediget n\u00e4tverk av vinleverant\u00f6rer har IWB producerat vin p\u00e5 sina egna ving\u00e5rdar i mer \u00e4n 100 \u00e5r. Produktionsomr\u00e5dena \u00e4r breda. IWB har viner fr\u00e5n Piemonte till Puglia, men \u00e4ven mellanomr\u00e5dena Veneto och Toscana samt de stora \u00f6arna Sicilien och Sardinien finns i deras utbud. IWB har b\u00e5de Barolo, prosecco och de stora toskanska r\u00f6da vinerna, men \u00e4ven viner fr\u00e5n nya sp\u00e4nnande omr\u00e5den som Primitivo di Manduria.<br \/>\nMed mottot &#8221;vi menar kvalitet&#8221; har det innovativa f\u00f6retaget manifesterat sig som en av de ledande leverant\u00f6rerna av italienska kvalitetsviner.<br \/>\nProvinco Italia har ett mycket tydligt uppdrag, &#8221;vi utvecklar innovativa produkter av h\u00f6gsta kvalitet fr\u00e5n alla Italiens vinregioner. Kvalitet och service \u00e4r v\u00e5ra ledord\u201d.<\/p>\n","protected":false},"excerpt":{"rendered":"<p>Vino di Italia \u2013 Veneto<\/p>\n","protected":false},"featured_media":45808,"template":"","meta":{"_acf_changed":false,"rs_blank_template":"","rs_page_bg_color":"","slide_template_v7":""},"product_brand":[],"product_cat":[2776,2784,2787],"product_tag":[],"class_list":{"0":"post-45743","1":"product","2":"type-product","3":"status-publish","4":"has-post-thumbnail","6":"product_cat-mousserende-sv","7":"product_cat-prosecco-sv","8":"product_cat-sparkling-rose-sv","9":"pa_drue-glera-sv","10":"pa_drue-pinot-nero-sv","11":"pa_land-italien-sv","12":"pa_procent-11-sv","13":"pa_producent-provinco-sv","14":"pa_region-veneto-sv","15":"pa_serveringstemperatur-6-8-sv","16":"pa_volume-75-sv","18":"first","19":"instock","20":"taxable","21":"shipping-taxable","22":"purchasable","23":"product-type-simple"},"bundled_by":["119989"],"bundle_stock_status":"instock","bundle_stock_quantity":null,"bundle_virtual":false,"bundle_layout":"","bundle_add_to_cart_form_location":"","bundle_editable_in_cart":false,"bundle_sold_individually_context":"","bundle_item_grouping":"","bundle_min_size":"","bundle_max_size":"","bundle_price":[],"bundled_items":[],"bundle_sell_ids":[],"acf":[],"_links":{"self":[{"href":"https:\/\/www.raschvin.com\/sv\/wp-json\/wp\/v2\/product\/45743","targetHints":{"allow":["GET"]}}],"collection":[{"href":"https:\/\/www.raschvin.com\/sv\/wp-json\/wp\/v2\/product"}],"about":[{"href":"https:\/\/www.raschvin.com\/sv\/wp-json\/wp\/v2\/types\/product"}],"wp:featuredmedia":[{"embeddable":true,"href":"https:\/\/www.raschvin.com\/sv\/wp-json\/wp\/v2\/media\/45808"}],"wp:attachment":[{"href":"https:\/\/www.raschvin.com\/sv\/wp-json\/wp\/v2\/media?parent=45743"}],"wp:term":[{"taxonomy":"product_brand","embeddable":true,"href":"https:\/\/www.raschvin.com\/sv\/wp-json\/wp\/v2\/product_brand?post=45743"},{"taxonomy":"product_cat","embeddable":true,"href":"https:\/\/www.raschvin.com\/sv\/wp-json\/wp\/v2\/product_cat?post=45743"},{"taxonomy":"product_tag","embeddable":true,"href":"https:\/\/www.raschvin.com\/sv\/wp-json\/wp\/v2\/product_tag?post=45743"}],"curies":[{"name":"wp","href":"https:\/\/api.w.org\/{rel}","templated":true}]}}