{"id":45621,"date":"2023-12-04T07:37:31","date_gmt":"2023-12-04T06:37:31","guid":{"rendered":"https:\/\/www.raschvin.com\/produkt\/teeling-whiskey-rising-reserve-no-2-21-years-70-cl-46\/"},"modified":"2023-12-04T07:37:31","modified_gmt":"2023-12-04T06:37:31","slug":"teeling-whiskey-rising-reserve-no-2-21-years-70-cl-46","status":"publish","type":"product","link":"https:\/\/www.raschvin.com\/sv\/produkt\/teeling-whiskey-rising-reserve-no-2-21-years-70-cl-46\/","title":{"rendered":"Teeling Whiskey \u2013 Rising Reserve No.2 21 Years 70 cl. 46%"},"content":{"rendered":"<p>Teeling Rising Reserve No. 2: A Triumph in Tradition and Innovation<\/p>\n<p>Med ett arv som g\u00e5r tillbaka till 1782, har familjen Teeling varit synonymt med konsten att tillverka irl\u00e4ndsk whisky. Den senaste invigningen av Teeling Whisky Distillery i Dublins Liberties-distrikt markerade ett avg\u00f6rande \u00f6gonblick \u2013 ett f\u00f6rverkligande av deras m\u00e5ng\u00e5riga vision att \u00e5terinf\u00f6ra traditionen med irl\u00e4ndsk destillering i huvudstaden, vilket driver Teeling och irl\u00e4ndsk whisky tillbaka in i rampljuset.<\/p>\n<p>F\u00f6r att fira denna \u00e5terkomst och inleda n\u00e4sta kapitel av den irl\u00e4ndska whiskyns gyllene era, presenterar Teeling stolt den andra delen i deras Rising Reserve-serie \u2013 en 21 \u00e5r gammal Single Malt whisky som genomgick en sekund\u00e4r mognadsperiod i h\u00f6gkvalitativ ex. -Marsala fat.<\/p>\n<p>Stigande reserv nr 2:<\/p>\n<p>Rising Reserve-serien f\u00f6ljer i fotsp\u00e5ren av de eftertraktade, framg\u00e5ngsrika och prisbel\u00f6nta Revival- och Renaissance-sl\u00e4ppen. Ursprungligen skapade f\u00f6r att fira \u00f6ppnandet av Teeling Whisky Distillery, dessa serier fungerade som hyllningar till \u00e5terupplivandet och \u00e5terf\u00f6delsen av destilleringstraditionen i Dublin. Den andra medlemmen i Rising Reserve-serien \u00e4r en 21-\u00e5rig Single Malt som initialt mognat p\u00e5 ex-bourbonfat i 16 \u00e5r. D\u00e4refter genomgick denna whisky en efterbehandlingsperiod p\u00e5 unika, h\u00f6gkvalitativa ex-Marsala-fat, som str\u00e4cker sig i \u00f6ver 5 \u00e5r. Denna process ger h\u00e4rliga smaker av citrus, kaprifolliknande s\u00f6tma och en mild kryddighet till whiskyn.<\/p>\n<p>Smakanteckningar:<\/p>\n<p>Arom:<br \/>\nEn mild vaniljs\u00f6tma fl\u00e4tas samman med rostad aprikos, tobak och rik kryddad frukt. S\u00f6t bitter apelsin och rostad mandel ger komplexiteten till den aromatiska profilen.<\/p>\n<p>Gom:<br \/>\nKr\u00e4mig och varm i gommen, med v\u00e5gor av farinsocker och stuvad frukt. Detta f\u00f6ljs av ektanniner och kanelliknande kryddor, vilket skapar en v\u00e4l avrundad och sofistikerad smakprofil.<\/p>\n<p>Avsluta:<br \/>\nAvslutningen \u00e4r l\u00e5ng och varm, d\u00e4r kaprifol, rikt oraffinerat r\u00f6rsocker, citrus och kryddor graci\u00f6st fl\u00e4tas samman och v\u00e4xlar och l\u00e4mnar ett kvardr\u00f6jande och minnesv\u00e4rt intryck.<\/p>\n<p>Limited Edition Excellence:<\/p>\n<p>Sl\u00e4ppt som en del av en begr\u00e4nsad upplaga av 6000 flaskor, Rising Reserve No. 2 f\u00f6rkroppsligar toppen av hantverk och innovation. \u00c4ktenskapet mellan ex-Bourbon och Marsala fat skapar en symfoni av smaker som speglar b\u00e5de tradition och modernitet, vilket g\u00f6r varje flaska till en samlarskatt.<\/p>\n<p>Slutsats:<\/p>\n<p>Teeling Rising Reserve No. 2, buteljerad 2023, \u00e4r ett bevis p\u00e5 Teelings engagemang f\u00f6r att t\u00e4nja p\u00e5 gr\u00e4nserna f\u00f6r irl\u00e4ndsk whisky. Eftersom Rising Reserve-serien forts\u00e4tter att skapa sitt arv, st\u00e5r den h\u00e4r utg\u00e5van som en harmonisk blandning av h\u00e4vdvunna hantverk och v\u00e5gad innovation \u2013 en f\u00f6rkroppsligande av andan som har f\u00f6rt Teeling och irl\u00e4ndsk whisky till framkanten av den globala scenen.<\/p>\n","protected":false},"excerpt":{"rendered":"<p>Single Malt Irish Whiskey<\/p>\n","protected":false},"featured_media":45628,"template":"","meta":{"_acf_changed":false,"rs_blank_template":"","rs_page_bg_color":"","slide_template_v7":""},"product_brand":[],"product_cat":[2387,4651,2392],"product_tag":[],"class_list":{"0":"post-45621","1":"product","2":"type-product","3":"status-publish","4":"has-post-thumbnail","6":"product_cat-avec-sv","7":"product_cat-single-malt-sv","8":"product_cat-whisky-sv","9":"pa_aargang-2023-sv","10":"pa_land-irland-sv","11":"pa_procent-46-sv","12":"pa_producent-teeling-sv","13":"pa_region-dublin-sv","14":"pa_traefad-bourbon-sv","15":"pa_traefad-marsala-sv","16":"pa_volume-70-sv-2","18":"first","19":"instock","20":"sale","21":"taxable","22":"shipping-taxable","23":"purchasable","24":"product-type-simple"},"bundled_by":[],"bundle_stock_status":"instock","bundle_stock_quantity":null,"bundle_virtual":false,"bundle_layout":"","bundle_add_to_cart_form_location":"","bundle_editable_in_cart":false,"bundle_sold_individually_context":"","bundle_item_grouping":"","bundle_min_size":"","bundle_max_size":"","bundle_price":[],"bundled_items":[],"bundle_sell_ids":[],"acf":[],"_links":{"self":[{"href":"https:\/\/www.raschvin.com\/sv\/wp-json\/wp\/v2\/product\/45621","targetHints":{"allow":["GET"]}}],"collection":[{"href":"https:\/\/www.raschvin.com\/sv\/wp-json\/wp\/v2\/product"}],"about":[{"href":"https:\/\/www.raschvin.com\/sv\/wp-json\/wp\/v2\/types\/product"}],"wp:featuredmedia":[{"embeddable":true,"href":"https:\/\/www.raschvin.com\/sv\/wp-json\/wp\/v2\/media\/45628"}],"wp:attachment":[{"href":"https:\/\/www.raschvin.com\/sv\/wp-json\/wp\/v2\/media?parent=45621"}],"wp:term":[{"taxonomy":"product_brand","embeddable":true,"href":"https:\/\/www.raschvin.com\/sv\/wp-json\/wp\/v2\/product_brand?post=45621"},{"taxonomy":"product_cat","embeddable":true,"href":"https:\/\/www.raschvin.com\/sv\/wp-json\/wp\/v2\/product_cat?post=45621"},{"taxonomy":"product_tag","embeddable":true,"href":"https:\/\/www.raschvin.com\/sv\/wp-json\/wp\/v2\/product_tag?post=45621"}],"curies":[{"name":"wp","href":"https:\/\/api.w.org\/{rel}","templated":true}]}}