{"id":45087,"date":"2023-11-23T20:21:10","date_gmt":"2023-11-23T19:21:10","guid":{"rendered":"https:\/\/www.raschvin.com\/produkt\/fireball-5-cl-33\/"},"modified":"2023-11-23T20:21:10","modified_gmt":"2023-11-23T19:21:10","slug":"fireball-5-cl-33","status":"publish","type":"product","link":"https:\/\/www.raschvin.com\/sv\/produkt\/fireball-5-cl-33\/","title":{"rendered":"Fireball 5 cl. 33%"},"content":{"rendered":"<p>Fireball Whisky Liqueur har varit en mycket popul\u00e4r lik\u00f6r i Nordamerika sedan 80-talet. Fireball Whisky Liqueur \u00e4r gjord p\u00e5 kanadensisk whisky och naturlig kanel, som \u00e4r v\u00e4ldigt genomtr\u00e4ngande utan att vara f\u00f6r s\u00f6t.<br \/>\nDoften \u00e4r en blandning av intensiv, s\u00f6t kanel i b\u00f6rjan och en syrlig kanel i slutet. Smaken b\u00f6rjar med s\u00f6t kanel. Sedan tar en stark, brinnande smak \u00f6ver, som l\u00e5ngsamt byggs upp i munnen. Intensiteten dr\u00f6jer l\u00e5ngsamt kvar och l\u00e4mnar en uppfriskande och n\u00e4stan mentolliknande eftersmak.<\/p>\n","protected":false},"excerpt":{"rendered":"<p>Liqueur Blended With Cinnamon &#038; Whiskey<\/p>\n","protected":false},"featured_media":79186,"template":"","meta":{"_acf_changed":false,"rs_blank_template":"","rs_page_bg_color":"","slide_template_v7":""},"product_brand":[],"product_cat":[2387,2407,2390,2402,4682],"product_tag":[],"class_list":{"0":"post-45087","1":"product","2":"type-product","3":"status-publish","4":"has-post-thumbnail","6":"product_cat-avec-sv","7":"product_cat-shots-sv","8":"product_cat-sprit","9":"product_cat-sprit-sv","10":"product_cat-whiskylikor","11":"pa_land-canada-sv","12":"pa_procent-33-sv","13":"pa_producent-sazerac-company-sv","14":"pa_volume-5-sv","16":"first","17":"instock","18":"taxable","19":"shipping-taxable","20":"purchasable","21":"product-type-simple"},"bundled_by":[],"bundle_stock_status":"instock","bundle_stock_quantity":null,"bundle_virtual":false,"bundle_layout":"","bundle_add_to_cart_form_location":"","bundle_editable_in_cart":false,"bundle_sold_individually_context":"","bundle_item_grouping":"","bundle_min_size":"","bundle_max_size":"","bundle_price":[],"bundled_items":[],"bundle_sell_ids":[],"acf":[],"_links":{"self":[{"href":"https:\/\/www.raschvin.com\/sv\/wp-json\/wp\/v2\/product\/45087","targetHints":{"allow":["GET"]}}],"collection":[{"href":"https:\/\/www.raschvin.com\/sv\/wp-json\/wp\/v2\/product"}],"about":[{"href":"https:\/\/www.raschvin.com\/sv\/wp-json\/wp\/v2\/types\/product"}],"wp:featuredmedia":[{"embeddable":true,"href":"https:\/\/www.raschvin.com\/sv\/wp-json\/wp\/v2\/media\/79186"}],"wp:attachment":[{"href":"https:\/\/www.raschvin.com\/sv\/wp-json\/wp\/v2\/media?parent=45087"}],"wp:term":[{"taxonomy":"product_brand","embeddable":true,"href":"https:\/\/www.raschvin.com\/sv\/wp-json\/wp\/v2\/product_brand?post=45087"},{"taxonomy":"product_cat","embeddable":true,"href":"https:\/\/www.raschvin.com\/sv\/wp-json\/wp\/v2\/product_cat?post=45087"},{"taxonomy":"product_tag","embeddable":true,"href":"https:\/\/www.raschvin.com\/sv\/wp-json\/wp\/v2\/product_tag?post=45087"}],"curies":[{"name":"wp","href":"https:\/\/api.w.org\/{rel}","templated":true}]}}