{"id":44975,"date":"2025-11-09T15:22:42","date_gmt":"2025-11-09T14:22:42","guid":{"rendered":"https:\/\/www.raschvin.com\/produkt\/o-p-anderson-julaquavit-2023-eco-70-cl-40\/"},"modified":"2025-11-09T15:25:13","modified_gmt":"2025-11-09T14:25:13","slug":"o-p-anderson-julaquavit-2023-eco-70-cl-40","status":"publish","type":"product","link":"https:\/\/www.raschvin.com\/sv\/produkt\/o-p-anderson-julaquavit-2023-eco-70-cl-40\/","title":{"rendered":"O.P Anderson Julaquavit 2025 (ECO) 70 cl. 40%"},"content":{"rendered":"<p>O.P. Andersons klassiska kryddblandning har h\u00e4r f\u00e5tt en festlig touch med toner av apelsin, kanel, konjak och sherry. Med lagring p\u00e5 konjakfat f\u00e5r den en fyllig och rundad smak.<\/p>\n<p>Match<\/p>\n<p>Akvavitkryddorna framh\u00e4ver sillens smak och den friska citrusnoten \u00e4r utm\u00e4rkt med laxen. Inslagen av konjak och sherry lyfter smakerna i v\u00e4rmen p\u00e5 julbordet och f\u00f6r den lagrade osten. Kanelen, apelsinen och konjaken g\u00f6r det gott \u00e4ven till dessertbordet. \u00c4ven utm\u00e4rkt att dricka ensam som konjak eller whisky.<\/p>\n<p>OP Anderson Julaquavit, som lanserades till julen 2015, blev en omedelbar succ\u00e9 och har sedan dess varit den \u00e5rliga b\u00e4sts\u00e4ljande julsnapsen p\u00e5 Systembolaget. Basen best\u00e5r av traditionella O.P. Anderson Original Aquavit d\u00e4r en del av akvaviten har legat p\u00e5 konjakfat i flera \u00e5r. Som en extra julkrydda har snapsen smaksatts med sherry, konjak, krydda fr\u00e5n kanelextrakt och destillat fr\u00e5n ekologiska apelsinskal. Resultatet \u00e4r en komplex och v\u00e4lbalanserad akvavit med tydliga toner av ek och torkad frukt.<\/p>\n","protected":false},"excerpt":{"rendered":"<p>Swedish Christmas Aquavit<\/p>\n","protected":false},"featured_media":104933,"template":"","meta":{"_acf_changed":false,"rs_blank_template":"","rs_page_bg_color":"","slide_template_v7":""},"product_brand":[],"product_cat":[2743,4463,2393],"product_tag":[],"class_list":{"0":"post-44975","1":"product","2":"type-product","3":"status-publish","4":"has-post-thumbnail","6":"product_cat-brannvin-sv","7":"product_cat-jul","8":"product_cat-akvavit-snaps-sv","9":"pa_land-sverige-sv","10":"pa_oekologisk-ja-sv","11":"pa_procent-40-sv-2","12":"pa_producent-arcus-sv","13":"pa_volume-70-sv-2","15":"first","16":"outofstock","17":"sale","18":"taxable","19":"shipping-taxable","20":"purchasable","21":"product-type-simple"},"bundled_by":[],"bundle_stock_status":"outofstock","bundle_stock_quantity":null,"bundle_virtual":false,"bundle_layout":"","bundle_add_to_cart_form_location":"","bundle_editable_in_cart":false,"bundle_sold_individually_context":"","bundle_item_grouping":"","bundle_min_size":"","bundle_max_size":"","bundle_price":[],"bundled_items":[],"bundle_sell_ids":[],"acf":[],"_links":{"self":[{"href":"https:\/\/www.raschvin.com\/sv\/wp-json\/wp\/v2\/product\/44975","targetHints":{"allow":["GET"]}}],"collection":[{"href":"https:\/\/www.raschvin.com\/sv\/wp-json\/wp\/v2\/product"}],"about":[{"href":"https:\/\/www.raschvin.com\/sv\/wp-json\/wp\/v2\/types\/product"}],"wp:featuredmedia":[{"embeddable":true,"href":"https:\/\/www.raschvin.com\/sv\/wp-json\/wp\/v2\/media\/104933"}],"wp:attachment":[{"href":"https:\/\/www.raschvin.com\/sv\/wp-json\/wp\/v2\/media?parent=44975"}],"wp:term":[{"taxonomy":"product_brand","embeddable":true,"href":"https:\/\/www.raschvin.com\/sv\/wp-json\/wp\/v2\/product_brand?post=44975"},{"taxonomy":"product_cat","embeddable":true,"href":"https:\/\/www.raschvin.com\/sv\/wp-json\/wp\/v2\/product_cat?post=44975"},{"taxonomy":"product_tag","embeddable":true,"href":"https:\/\/www.raschvin.com\/sv\/wp-json\/wp\/v2\/product_tag?post=44975"}],"curies":[{"name":"wp","href":"https:\/\/api.w.org\/{rel}","templated":true}]}}