{"id":44970,"date":"2023-11-23T08:20:51","date_gmt":"2023-11-23T07:20:51","guid":{"rendered":"https:\/\/www.raschvin.com\/produkt\/fanoe-skibsrom-soehesten-70-cl-415\/"},"modified":"2023-11-23T08:20:51","modified_gmt":"2023-11-23T07:20:51","slug":"fanoe-skibsrom-soehesten-70-cl-415","status":"publish","type":"product","link":"https:\/\/www.raschvin.com\/sv\/produkt\/fanoe-skibsrom-soehesten-70-cl-415\/","title":{"rendered":"Fan\u00f8 Skibsrom &#8211; S\u00f8hesten 70 cl. 41,5%"},"content":{"rendered":"<p>Smaknoter: Extra s\u00f6t<\/p>\n<p>Levereras i presentf\u00f6rpackning<\/p>\n<p>Destillerad p\u00e5 Jamaica och d\u00e4refter raffinerad p\u00e5 Fan\u00f8. Bearbetningen best\u00e5r av en tv\u00e5stegslagring. F\u00f6rst lagras rommen med naturliga smak\u00e4mnen (inklusive Fan\u00f8ljunghonung, havtorn och Madagaskarvanilj). Den f\u00f6rvaras sedan i portfat.<\/p>\n<p>S\u00d8HESTEN \u00e4r ett extra s\u00f6tt skeppsrum. Smaken \u00e4r rund och balanserad med s\u00f6ta toner av vanilj, muscovado och apelsin.<\/p>\n","protected":false},"excerpt":{"rendered":"<p>Imported Jamaica Rum \u2013 Oak Aged in Denmark (Fan\u00f8)<\/p>\n","protected":false},"featured_media":44991,"template":"","meta":{"_acf_changed":false,"rs_blank_template":"","rs_page_bg_color":"","slide_template_v7":""},"product_brand":[],"product_cat":[2387,2391,4634],"product_tag":[],"class_list":{"0":"post-44970","1":"product","2":"type-product","3":"status-publish","4":"has-post-thumbnail","6":"product_cat-avec-sv","7":"product_cat-rom-sv","8":"product_cat-premium-aged-sv","9":"pa_land-danmark-sv","10":"pa_procent-41-5-2-sv","11":"pa_producent-fanoe-skibsrom-sv","12":"pa_region-fanoe-sv","13":"pa_volume-70-sv-2","15":"first","16":"instock","17":"sale","18":"taxable","19":"shipping-taxable","20":"purchasable","21":"product-type-simple"},"bundled_by":[],"bundle_stock_status":"instock","bundle_stock_quantity":null,"bundle_virtual":false,"bundle_layout":"","bundle_add_to_cart_form_location":"","bundle_editable_in_cart":false,"bundle_sold_individually_context":"","bundle_item_grouping":"","bundle_min_size":"","bundle_max_size":"","bundle_price":[],"bundled_items":[],"bundle_sell_ids":[],"acf":[],"_links":{"self":[{"href":"https:\/\/www.raschvin.com\/sv\/wp-json\/wp\/v2\/product\/44970","targetHints":{"allow":["GET"]}}],"collection":[{"href":"https:\/\/www.raschvin.com\/sv\/wp-json\/wp\/v2\/product"}],"about":[{"href":"https:\/\/www.raschvin.com\/sv\/wp-json\/wp\/v2\/types\/product"}],"wp:featuredmedia":[{"embeddable":true,"href":"https:\/\/www.raschvin.com\/sv\/wp-json\/wp\/v2\/media\/44991"}],"wp:attachment":[{"href":"https:\/\/www.raschvin.com\/sv\/wp-json\/wp\/v2\/media?parent=44970"}],"wp:term":[{"taxonomy":"product_brand","embeddable":true,"href":"https:\/\/www.raschvin.com\/sv\/wp-json\/wp\/v2\/product_brand?post=44970"},{"taxonomy":"product_cat","embeddable":true,"href":"https:\/\/www.raschvin.com\/sv\/wp-json\/wp\/v2\/product_cat?post=44970"},{"taxonomy":"product_tag","embeddable":true,"href":"https:\/\/www.raschvin.com\/sv\/wp-json\/wp\/v2\/product_tag?post=44970"}],"curies":[{"name":"wp","href":"https:\/\/api.w.org\/{rel}","templated":true}]}}