{"id":44967,"date":"2024-12-16T12:43:54","date_gmt":"2024-12-16T11:43:54","guid":{"rendered":"https:\/\/www.raschvin.com\/produkt\/ginja-carinus-est-original-50-cl-12\/"},"modified":"2024-12-16T12:44:20","modified_gmt":"2024-12-16T11:44:20","slug":"ginja-carinus-est-original-50-cl-12","status":"publish","type":"product","link":"https:\/\/www.raschvin.com\/sv\/produkt\/ginja-carinus-est-original-50-cl-12\/","title":{"rendered":"Sequeirinha GINJA &#8211; Portuguese Cherry-Brandy Liqueur 50 cl. 15%"},"content":{"rendered":"<p>I vinregionen Douro uppt\u00e4cktes en av de \u00f6mt\u00e5ligaste naturl\u00e4mningarna som kan hittas i regionen: surk\u00f6rsb\u00e4r, vanligen kallade Ginja. Ginja sk\u00f6rdas p\u00e5 cirka 800 meters h\u00f6jd p\u00e5 de stora bergiga sl\u00e4tterna som omger regionen. Dessa k\u00f6rsb\u00e4r har en n\u00e5got bitter ton, j\u00e4mf\u00f6rt med de vanliga k\u00f6rsb\u00e4ren, och ger d\u00e4rf\u00f6r m\u00f6jlighet att skapa en perfekt balans i denna k\u00f6rsb\u00e4rslik\u00f6r.<\/p>\n<p>H\u00f6jden d\u00e4r k\u00f6rsb\u00e4rstr\u00e4d planteras uts\u00e4tter tr\u00e4det f\u00f6r l\u00e4gre temperaturer p\u00e5 vintern, och f\u00f6r mycket solljus under sommarens varmaste tider, vilket ger tr\u00e4det m\u00f6jlighet att skapa den \u00f6mt\u00e5liga frukten.<\/p>\n<p>N\u00e4r frukten \u00e4r mogen sk\u00f6rdas den manuellt. Varje k\u00f6rsb\u00e4r plockas med den st\u00f6rsta k\u00e4rlek, stolthet och engagemang som regionen alltid visar i sina produkter.<\/p>\n<p>B\u00e4ren reng\u00f6rs, stj\u00e4lken avl\u00e4gsnas och sedan b\u00f6rjar processen med maceration och skapandet av den alkoholhaltiga produkten. F\u00f6r att g\u00f6ra detta f\u00f6rvaras frukten i macerationstankar och alkohol tills\u00e4tts d\u00e4r frukten vilar en tid. Lokala kryddor och sockersirap tills\u00e4tts sedan enligt ett gammalt recept.<br \/>\nSlutligen vilar Ginja i 2 \u00e5r f\u00f6r att utveckla fruktens egenskaper, s\u00e5v\u00e4l som blommiga och naturliga toner.<br \/>\nDen f\u00e4rdiga drinken smakar fantastiskt \u2013 den \u00e4r s\u00f6t men \u00e4nd\u00e5 med mycket bett och superbra balans. Det \u00e4r det perfekta s\u00e4llskapet till ris a la manden och andra goda desserter och godis \u2013 eller bara som aperitif.<\/p>\n","protected":false},"excerpt":{"rendered":"<p>Traditional Cherry Liqueur From Portugal<\/p>\n","protected":false},"featured_media":78813,"template":"","meta":{"_acf_changed":false,"rs_blank_template":"","rs_page_bg_color":"","slide_template_v7":""},"product_brand":[],"product_cat":[2387,2390,4670],"product_tag":[],"class_list":{"0":"post-44967","1":"product","2":"type-product","3":"status-publish","4":"has-post-thumbnail","6":"product_cat-avec-sv","7":"product_cat-sprit","8":"product_cat-frukt","9":"pa_land-portugal-sv","10":"pa_procent-15-sv","11":"pa_producent-sequeirinha-sv","12":"pa_region-douro-sv","13":"pa_volume-50-sv","15":"first","16":"instock","17":"sale","18":"taxable","19":"shipping-taxable","20":"purchasable","21":"product-type-simple"},"bundled_by":[],"bundle_stock_status":"instock","bundle_stock_quantity":null,"bundle_virtual":false,"bundle_layout":"","bundle_add_to_cart_form_location":"","bundle_editable_in_cart":false,"bundle_sold_individually_context":"","bundle_item_grouping":"","bundle_min_size":"","bundle_max_size":"","bundle_price":[],"bundled_items":[],"bundle_sell_ids":[],"acf":[],"_links":{"self":[{"href":"https:\/\/www.raschvin.com\/sv\/wp-json\/wp\/v2\/product\/44967","targetHints":{"allow":["GET"]}}],"collection":[{"href":"https:\/\/www.raschvin.com\/sv\/wp-json\/wp\/v2\/product"}],"about":[{"href":"https:\/\/www.raschvin.com\/sv\/wp-json\/wp\/v2\/types\/product"}],"wp:featuredmedia":[{"embeddable":true,"href":"https:\/\/www.raschvin.com\/sv\/wp-json\/wp\/v2\/media\/78813"}],"wp:attachment":[{"href":"https:\/\/www.raschvin.com\/sv\/wp-json\/wp\/v2\/media?parent=44967"}],"wp:term":[{"taxonomy":"product_brand","embeddable":true,"href":"https:\/\/www.raschvin.com\/sv\/wp-json\/wp\/v2\/product_brand?post=44967"},{"taxonomy":"product_cat","embeddable":true,"href":"https:\/\/www.raschvin.com\/sv\/wp-json\/wp\/v2\/product_cat?post=44967"},{"taxonomy":"product_tag","embeddable":true,"href":"https:\/\/www.raschvin.com\/sv\/wp-json\/wp\/v2\/product_tag?post=44967"}],"curies":[{"name":"wp","href":"https:\/\/api.w.org\/{rel}","templated":true}]}}