{"id":44476,"date":"2025-12-02T09:27:59","date_gmt":"2025-12-02T08:27:59","guid":{"rendered":"https:\/\/www.raschvin.com\/produkt\/capionium-gloegg-gloegg-100-cl-17\/"},"modified":"2025-11-28T09:29:46","modified_gmt":"2025-11-28T08:29:46","slug":"capionium-gloegg-gloegg-100-cl-17","status":"publish","type":"product","link":"https:\/\/www.raschvin.com\/sv\/produkt\/capionium-gloegg-gloegg-100-cl-17\/","title":{"rendered":"Capionium Gl\u00f6gg\/Gl\u00f8gg 2025 100 cl. 17%"},"content":{"rendered":"<p>Capionium tillverkar gl\u00f6gg efter ett gammalt &#8221;apotekarecept&#8221;, som apotekaren Daniel Capion glatt snubblade \u00f6ver. Med n\u00e5gra enstaka finesser har receptet kommit att bilda ramarna f\u00f6r vad som kanske \u00e4r v\u00e4rldens b\u00e4sta f\u00e4rdigblandade gl\u00f6gg. Den beh\u00f6ver helt enkelt v\u00e4rmas upp till 65 grader och serveras med mandelflis efter \u00f6nskem\u00e5l. Receptet \u00e4r f\u00f6rst\u00e5s en v\u00e4l bevarad hemlighet och det enda Daniel Capion kommer att avsl\u00f6ja \u00e4r att det inneh\u00e5ller stora m\u00e4ngder gott portvin, b\u00e4rjuice och neutral sprit. Det \u00e4r julmys i en flaska utan dess like!<\/p>\n<p>F\u00e4rg: R\u00f6d\/Violett.<br \/>\nDoft: En rik doft av varm b\u00e4rkompott och julkryddor.<br \/>\nSmak: En fantastisk, l\u00e4cker gl\u00f6gg med massor av smaker av gott portvin, torkad frukt och varma kryddor!<\/p>\n<p>Serveringsf\u00f6rslag: V\u00e4rm till 65 grader och servera med mandelflis efter behag.<\/p>\n<p>Capionium, \u00e4ven k\u00e4nt som Pharmaceutgl\u00f6ggen eller Frederiksberggl\u00f6ggen, g\u00e5r tillbaka till 1999.<\/p>\n<p>Som nyutbildad apotekare hittade grundaren ett gammalt recept p\u00e5 ett apoteksrecept. Det var sj\u00e4lvklart att familj och v\u00e4nner skulle bli b\u00e5de subjekt och kritiker.<\/p>\n<p>Recensionerna visade sig vara extremt positiva. Tydligen hade ett gl\u00f6ggoriginal som ingen annan skapats.<\/p>\n<p>Allteftersom tiden gick utvecklades caponiumsamlingen till en \u00e5rlig tradition som ramar in kvalitetstid med v\u00e4nner och familj \u2013 och fortfarande \u00e4r det.<\/p>\n","protected":false},"excerpt":{"rendered":"<p>Danish Quality Gl\u00f8gg<\/p>\n","protected":false},"featured_media":44485,"template":"","meta":{"_acf_changed":false,"rs_blank_template":"","rs_page_bg_color":"","slide_template_v7":""},"product_brand":[],"product_cat":[4430,4463,2788],"product_tag":[],"class_list":{"0":"post-44476","1":"product","2":"type-product","3":"status-publish","4":"has-post-thumbnail","6":"product_cat-glogg-sv","7":"product_cat-jul","8":"product_cat-vin-sv","9":"pa_land-danmark-sv","10":"pa_procent-17-sv","11":"pa_producent-capionium-aps-sv","12":"pa_region-nordsjaelland-sv","13":"pa_volume-100-sv","15":"first","16":"outofstock","17":"sale","18":"taxable","19":"shipping-taxable","20":"purchasable","21":"product-type-simple"},"bundled_by":[],"bundle_stock_status":"outofstock","bundle_stock_quantity":null,"bundle_virtual":false,"bundle_layout":"","bundle_add_to_cart_form_location":"","bundle_editable_in_cart":false,"bundle_sold_individually_context":"","bundle_item_grouping":"","bundle_min_size":"","bundle_max_size":"","bundle_price":[],"bundled_items":[],"bundle_sell_ids":[],"acf":[],"_links":{"self":[{"href":"https:\/\/www.raschvin.com\/sv\/wp-json\/wp\/v2\/product\/44476","targetHints":{"allow":["GET"]}}],"collection":[{"href":"https:\/\/www.raschvin.com\/sv\/wp-json\/wp\/v2\/product"}],"about":[{"href":"https:\/\/www.raschvin.com\/sv\/wp-json\/wp\/v2\/types\/product"}],"wp:featuredmedia":[{"embeddable":true,"href":"https:\/\/www.raschvin.com\/sv\/wp-json\/wp\/v2\/media\/44485"}],"wp:attachment":[{"href":"https:\/\/www.raschvin.com\/sv\/wp-json\/wp\/v2\/media?parent=44476"}],"wp:term":[{"taxonomy":"product_brand","embeddable":true,"href":"https:\/\/www.raschvin.com\/sv\/wp-json\/wp\/v2\/product_brand?post=44476"},{"taxonomy":"product_cat","embeddable":true,"href":"https:\/\/www.raschvin.com\/sv\/wp-json\/wp\/v2\/product_cat?post=44476"},{"taxonomy":"product_tag","embeddable":true,"href":"https:\/\/www.raschvin.com\/sv\/wp-json\/wp\/v2\/product_tag?post=44476"}],"curies":[{"name":"wp","href":"https:\/\/api.w.org\/{rel}","templated":true}]}}