{"id":44295,"date":"2023-11-10T07:43:46","date_gmt":"2023-11-10T06:43:46","guid":{"rendered":"https:\/\/www.raschvin.com\/produkt\/frederiksdal-roed-sparkling-wine-75-cl-105\/"},"modified":"2023-11-10T07:43:46","modified_gmt":"2023-11-10T06:43:46","slug":"frederiksdal-roed-sparkling-wine-75-cl-105","status":"publish","type":"product","link":"https:\/\/www.raschvin.com\/sv\/produkt\/frederiksdal-roed-sparkling-wine-75-cl-105\/","title":{"rendered":"Frederiksdal R\u00d8D Sparkling Wine 75 cl. 10,5%"},"content":{"rendered":"<p>Frederiksdals senaste tillskott \u00e4r Frederiksdal R\u00d8D \u2013 ett mousserande vin! Vinet \u00e4r djupr\u00f6tt, mousserande, saftigt och fyllt av s\u00f6tma.<\/p>\n<p>F\u00f6r att framh\u00e4va den friska smaken av k\u00f6rsb\u00e4r och ge vinet mer s\u00f6tma har vi lagt till v\u00e5r Frederiksdal 2015. Resultatet \u00e4r en fr\u00e4sch och aptitretande mousserande, Semi-Sec.<\/p>\n<p>Frederiksdal R\u00d8D produceras p\u00e5 stevnska k\u00f6rsb\u00e4r fr\u00e5n v\u00e5ra egna odlingar med tillsatta p\u00e4ron fr\u00e5n Lolland.<\/p>\n<p>Stevnkirseb\u00e4rret, som vi har p\u00e5 Frederiksdal Gods, \u00e4r rikt och mycket koncentrerat. K\u00f6rsb\u00e4ret hj\u00e4lper till att ge intensitet och tyngd till v\u00e5rt mousserande vin.<\/p>\n<p>Vin av p\u00e4ron \u00e4r elegant och l\u00e4tt. N\u00e4r du blandar p\u00e4ron och k\u00f6rsb\u00e4r f\u00e5r du den perfekta kombinationen av p\u00e4ronens l\u00e4tthet och intensiteten i k\u00f6rsb\u00e4rsr\u00e4tten.<\/p>\n<p>Frederiksdal R\u00d8D \u00e4r tillverkad av Stevnsb\u00e6r fr\u00e5n v\u00e5r plantage J\u00f8rgensmark. Det \u00e4r en ung plantage, s\u00e5 b\u00e4ren h\u00e4rifr\u00e5n ger ett fruktigt, och inte f\u00f6r starkt vin.<\/p>\n<p>P\u00e4ronen pressas direkt f\u00f6r att f\u00e5 ett s\u00e5 l\u00e4tt och elegant vin som m\u00f6jligt.<\/p>\n<p>P\u00e4ron och k\u00f6rsb\u00e4r j\u00e4ser var f\u00f6r sig s\u00e5 att vi i efterhand kan hitta det unika blandningsf\u00f6rh\u00e5llandet \u2013 frukt beter sig olika \u00e5r efter \u00e5r. I denna version \u00e4r f\u00f6rh\u00e5llandet 60% k\u00f6rsb\u00e4r och 40% p\u00e4ron. Efter blandning har det bubblor.<\/p>\n<p>PROVA OCKS\u00c5 FREDERIKSDAL LIQUOR ELLER FREDERIKSDAL VERMOUTH, DE PASSAR PERFEKT SOM DEL AV COCKTAILS. HITTA INSPIRATION F\u00d6R COCKTAILRECEPT.<\/p>\n<p>PASSAR TILL: FREDERIKSDAL R\u00d6D \u00c4R PERFEKT TILL JORDG\u00c4BAR, HALLON, K\u00d6RSB\u00c4R, OSTKAKA MED F\u00c4RSKA B\u00c4R ELLER FRUKT P\u00c5 TOPP, SOM V\u00c4LKOMMENSDRYCK ELLER BARA SOM ETT GOTT GLAS VIN P\u00c5. NJUT AV KYLNING!<\/p>\n<p>BETYG: SILVER MEDALJ INTERNATIONAL FOOD CONTEST, IFW AWARD 2018\u272d \u272d \u272d \u272d GASTRO\u272d \u272d \u272d \u272d \u272d NORTH JYSKE<\/p>\n","protected":false},"excerpt":{"rendered":"<p>Danish Quality Sparkling Wine<\/p>\n","protected":false},"featured_media":44342,"template":"","meta":{"_acf_changed":false,"rs_blank_template":"","rs_page_bg_color":"","slide_template_v7":""},"product_brand":[],"product_cat":[2779,2776],"product_tag":[],"class_list":{"0":"post-44295","1":"product","2":"type-product","3":"status-publish","4":"has-post-thumbnail","6":"product_cat-andra","7":"product_cat-mousserende-sv","8":"pa_land-danmark-sv","9":"pa_procent-10-5-sv","10":"pa_producent-frederiksdal-kirsebaervin-sv","11":"pa_region-lolland-sv","12":"pa_volume-75-sv","14":"first","15":"instock","16":"sale","17":"taxable","18":"shipping-taxable","19":"purchasable","20":"product-type-simple"},"bundled_by":[],"bundle_stock_status":"instock","bundle_stock_quantity":null,"bundle_virtual":false,"bundle_layout":"","bundle_add_to_cart_form_location":"","bundle_editable_in_cart":false,"bundle_sold_individually_context":"","bundle_item_grouping":"","bundle_min_size":"","bundle_max_size":"","bundle_price":[],"bundled_items":[],"bundle_sell_ids":[],"acf":[],"_links":{"self":[{"href":"https:\/\/www.raschvin.com\/sv\/wp-json\/wp\/v2\/product\/44295","targetHints":{"allow":["GET"]}}],"collection":[{"href":"https:\/\/www.raschvin.com\/sv\/wp-json\/wp\/v2\/product"}],"about":[{"href":"https:\/\/www.raschvin.com\/sv\/wp-json\/wp\/v2\/types\/product"}],"wp:featuredmedia":[{"embeddable":true,"href":"https:\/\/www.raschvin.com\/sv\/wp-json\/wp\/v2\/media\/44342"}],"wp:attachment":[{"href":"https:\/\/www.raschvin.com\/sv\/wp-json\/wp\/v2\/media?parent=44295"}],"wp:term":[{"taxonomy":"product_brand","embeddable":true,"href":"https:\/\/www.raschvin.com\/sv\/wp-json\/wp\/v2\/product_brand?post=44295"},{"taxonomy":"product_cat","embeddable":true,"href":"https:\/\/www.raschvin.com\/sv\/wp-json\/wp\/v2\/product_cat?post=44295"},{"taxonomy":"product_tag","embeddable":true,"href":"https:\/\/www.raschvin.com\/sv\/wp-json\/wp\/v2\/product_tag?post=44295"}],"curies":[{"name":"wp","href":"https:\/\/api.w.org\/{rel}","templated":true}]}}