{"id":44202,"date":"2023-11-09T09:04:41","date_gmt":"2023-11-09T08:04:41","guid":{"rendered":"https:\/\/www.raschvin.com\/produkt\/broendum-kummenaquavit-35-cl-45\/"},"modified":"2023-11-09T09:04:41","modified_gmt":"2023-11-09T08:04:41","slug":"broendum-kummenaquavit-35-cl-45","status":"publish","type":"product","link":"https:\/\/www.raschvin.com\/sv\/produkt\/broendum-kummenaquavit-35-cl-45\/","title":{"rendered":"Br\u00f8ndum Kummenaquavit 35 cl. 45%"},"content":{"rendered":"<p>Akvavittens akvavit producerades f\u00f6r f\u00f6rsta g\u00e5ngen 1840. Br\u00f8ndums Kummenaquavit \u00e4r en komplex och kraftfull akvavit med en kryddig smak av spiskummin, tillsatt en touch av kanel, vilket ger rundhet \u00e5t den fylliga spiskumminen.<\/p>\n<p>Bra p\u00e5:<br \/>\nFisk &#8211; fet, fisk &#8211; mager, ost &#8211; stark, ost &#8211; mild<\/p>\n<p>Om tillverkaren<\/p>\n<p>\u00c5r 1840 grundade Anthon Br\u00f8ndum sitt destilleri i Snaregade i K\u00f6penhamn. Br\u00f8ndums Snaps har r\u00f6tter tillbaka till i \u00e5r. I samband med grundandet lanserades Br\u00f8ndum Kummensnaps, och det \u00e4r d\u00e4rmed den \u00e4ldsta fortfarande existerande snapsen i Danmark. Fr\u00e5n 1840 till 1884 var destilleriet i h\u00e4nderna p\u00e5 familjen Br\u00f8ndum.<\/p>\n<p>Br\u00f8ndum Kummen Akvavit \u00e4r en av de \u00e4ldsta akvaviterna i Danmark och inneh\u00e5ller smaker av kummin, stj\u00e4rnanis, kanel, apelsin mm. p\u00e5 grund av den h\u00f6ga alkoholhalten och den kryddiga smaken b\u00f6r akvaviten serveras kyld.<\/p>\n","protected":false},"excerpt":{"rendered":"<p>A. Br\u00f8ndum &#038; S\u00f8n A\/S &#8211; Danish Akvavit<\/p>\n","protected":false},"featured_media":44250,"template":"","meta":{"_acf_changed":false,"rs_blank_template":"","rs_page_bg_color":"","slide_template_v7":""},"product_brand":[],"product_cat":[2393,2743],"product_tag":[],"class_list":{"0":"post-44202","1":"product","2":"type-product","3":"status-publish","4":"has-post-thumbnail","6":"product_cat-akvavit-snaps-sv","7":"product_cat-brannvin-sv","8":"pa_land-danmark-sv","9":"pa_procent-45-sv","10":"pa_producent-de-danske-spritfabrikker-sv","11":"pa_volume-35-sv","13":"first","14":"instock","15":"taxable","16":"shipping-taxable","17":"purchasable","18":"product-type-simple"},"bundled_by":[],"bundle_stock_status":"instock","bundle_stock_quantity":null,"bundle_virtual":false,"bundle_layout":"","bundle_add_to_cart_form_location":"","bundle_editable_in_cart":false,"bundle_sold_individually_context":"","bundle_item_grouping":"","bundle_min_size":"","bundle_max_size":"","bundle_price":[],"bundled_items":[],"bundle_sell_ids":[],"acf":[],"_links":{"self":[{"href":"https:\/\/www.raschvin.com\/sv\/wp-json\/wp\/v2\/product\/44202","targetHints":{"allow":["GET"]}}],"collection":[{"href":"https:\/\/www.raschvin.com\/sv\/wp-json\/wp\/v2\/product"}],"about":[{"href":"https:\/\/www.raschvin.com\/sv\/wp-json\/wp\/v2\/types\/product"}],"wp:featuredmedia":[{"embeddable":true,"href":"https:\/\/www.raschvin.com\/sv\/wp-json\/wp\/v2\/media\/44250"}],"wp:attachment":[{"href":"https:\/\/www.raschvin.com\/sv\/wp-json\/wp\/v2\/media?parent=44202"}],"wp:term":[{"taxonomy":"product_brand","embeddable":true,"href":"https:\/\/www.raschvin.com\/sv\/wp-json\/wp\/v2\/product_brand?post=44202"},{"taxonomy":"product_cat","embeddable":true,"href":"https:\/\/www.raschvin.com\/sv\/wp-json\/wp\/v2\/product_cat?post=44202"},{"taxonomy":"product_tag","embeddable":true,"href":"https:\/\/www.raschvin.com\/sv\/wp-json\/wp\/v2\/product_tag?post=44202"}],"curies":[{"name":"wp","href":"https:\/\/api.w.org\/{rel}","templated":true}]}}