{"id":44198,"date":"2023-11-09T08:24:14","date_gmt":"2023-11-09T07:24:14","guid":{"rendered":"https:\/\/www.raschvin.com\/produkt\/invivo-x-sarah-jessica-parker-sjp-sauvignon-blanc-75-cl\/"},"modified":"2023-11-09T08:24:14","modified_gmt":"2023-11-09T07:24:14","slug":"invivo-x-sarah-jessica-parker-sjp-sauvignon-blanc-75-cl","status":"publish","type":"product","link":"https:\/\/www.raschvin.com\/sv\/produkt\/invivo-x-sarah-jessica-parker-sjp-sauvignon-blanc-75-cl\/","title":{"rendered":"Invivo X Sarah Jessica Parker SJP Sauvignon Blanc 75 cl."},"content":{"rendered":"<p>Ikonen Sarah Jessica Parkers personliga pr\u00e4gel p\u00e5 vinet har skapat en unik och vacker Sauvignon Blanc som har f\u00f6rf\u00f6rt alla med sin karakt\u00e4ristiska smakprofil och ultrasl\u00e4ta k\u00e4nsla. Fr\u00e5n slappt New York till idylliska Nya Zeeland.<\/p>\n<p>Bra p\u00e5:<br \/>\nFisk &#8211; fet, fisk &#8211; mager, skaldjur, sushi<\/p>\n<p>SILKEMJUKT OCH F\u00d6RFUNDAD NJUTNING<\/p>\n<p>Invivo X, SJP Sauvignon Blanc \u00e4r en vacker men unik stil av Sauvignon Blanc som \u00e4r mjuk med en subtil ek influens. Sen sk\u00f6rd, lite hudkontakt och tid p\u00e5 franska fat bidrar till den karakteristiska smakprofilen och l\u00e4ckra upplevelsen i munnen. Doften \u00e4r rik, komplex och elegant. Guava, apelsinblomma och limeskal kombineras f\u00f6r att f\u00f6rh\u00f6ja den raffinerade, aromatiska upplevelsen. Vinet b\u00f6rjar brett i gommen, hittar alla tillg\u00e4ngliga smakl\u00f6kar och expanderar sedan ytterligare med toner av passionsfrukt, mogen peppar och kanderat citronskal i hela munnen. Texturm\u00e4ssigt \u00e4r vinet fylligt med en sublim syra som motverkar smakens komplexitet.<\/p>\n<p>Serveringstemperatur: 12-13\u00b0C<\/p>\n<p>Tillverkning<\/p>\n<p>Vinet \u00e4r skapat med passion och omsorg, genom en 100% hantverksm\u00e4ssig process, d\u00e4r druvorna njuter av den l\u00e5ngsamma mognaden i det uppfriskande klimatet. Detta ger vinet djup med en intensiv och aromatisk smakupplevelse. Med modern teknik s\u00e4kerst\u00e4lls att druvorna \u00e4r noggrant handsk\u00f6rdade under de svala kv\u00e4llstimmarna, innan de f\u00f6rsiktigt avskalas och pressas. Endast de renaste j\u00e4ststammarna tills\u00e4tts f\u00f6r att framh\u00e4va druvornas naturliga fruktighet. J\u00e4sningen sker i st\u00e5ltankar med temperaturkontroll, vilket bevarar vinets uppfriskande frukt och intensiva aromer.<\/p>\n<p>Om tillverkaren<\/p>\n<p>Historien b\u00f6rjade p\u00e5 en bar i London, d\u00e4r de tv\u00e5 barndomsv\u00e4nnerna Tim Lightbourne och Rob Cameron best\u00e4mde sig f\u00f6r att det traditionella f\u00f6rh\u00e5llningss\u00e4ttet till vinproduktion i Nya Zeeland skulle utmanas. De var inte r\u00e4dda f\u00f6r att ta chanser och utforska ok\u00e4nda v\u00e4gar. Det var deras dj\u00e4rva anda och deras \u00f6nskan att skapa n\u00e5got unikt som grundade Invivo.<\/p>\n<p>Tim och Rob tillbringade m\u00e5nga timmar i ving\u00e5rdarna f\u00f6r att f\u00f6rst\u00e5 hur Nya Zeelands olika terroirer p\u00e5verkade smaken p\u00e5 deras viner. De reste l\u00e5ngt och brett f\u00f6r att hitta de b\u00e4sta druvorna, och de samarbetade med lokala vinodlare f\u00f6r att uppn\u00e5 h\u00f6gsta kvalitet.<\/p>\n<p>Invivo v\u00e4xte snabbt i popularitet och deras viner har hedrats med priser och utm\u00e4rkelser \u00f6ver hela v\u00e4rlden. De har bl.a. inlett ett samarbete med den v\u00e4rldsber\u00f6mda amerikanska sk\u00e5despelerskan Sarah Jessica Parker fr\u00e5n kultserien &#8221;Sex and the City&#8221;, och tillsammans har de skapat vinserien &#8211; &#8221;INVIVO X, SJP&#8221;, som tagit recensenter och vin\u00e4lskare med storm .<\/p>\n<p>Idag \u00e4r Invivo en av de ledande tillverkarna i Nya Zeeland och de forts\u00e4tter att leverera viner av h\u00f6gsta kvalitet. Ving\u00e5rdens historia \u00e4r en p\u00e5minnelse om att du med passion, mod och innovation kan skapa n\u00e5got extraordin\u00e4rt.<\/p>\n","protected":false},"excerpt":{"rendered":"<p>Marlborough &#8211; New Zeeland<\/p>\n","protected":false},"featured_media":44235,"template":"","meta":{"_acf_changed":false,"rs_blank_template":"","rs_page_bg_color":"","slide_template_v7":""},"product_brand":[],"product_cat":[2788,2792],"product_tag":[],"class_list":{"0":"post-44198","1":"product","2":"type-product","3":"status-publish","4":"has-post-thumbnail","6":"product_cat-vin-sv","7":"product_cat-vitt-vin","8":"pa_aargang-2023-sv","9":"pa_drue-sauvignon-blanc-sv","10":"pa_land-new-zeeland-sv","11":"pa_procent-12-5-sv","12":"pa_producent-invivo-sv","13":"pa_region-marlborough-sv","14":"pa_serveringstemperatur-8-10-sv","15":"pa_volume-75-sv","17":"first","18":"instock","19":"taxable","20":"shipping-taxable","21":"purchasable","22":"product-type-simple"},"bundled_by":[],"bundle_stock_status":"instock","bundle_stock_quantity":null,"bundle_virtual":false,"bundle_layout":"","bundle_add_to_cart_form_location":"","bundle_editable_in_cart":false,"bundle_sold_individually_context":"","bundle_item_grouping":"","bundle_min_size":"","bundle_max_size":"","bundle_price":[],"bundled_items":[],"bundle_sell_ids":[],"acf":[],"_links":{"self":[{"href":"https:\/\/www.raschvin.com\/sv\/wp-json\/wp\/v2\/product\/44198","targetHints":{"allow":["GET"]}}],"collection":[{"href":"https:\/\/www.raschvin.com\/sv\/wp-json\/wp\/v2\/product"}],"about":[{"href":"https:\/\/www.raschvin.com\/sv\/wp-json\/wp\/v2\/types\/product"}],"wp:featuredmedia":[{"embeddable":true,"href":"https:\/\/www.raschvin.com\/sv\/wp-json\/wp\/v2\/media\/44235"}],"wp:attachment":[{"href":"https:\/\/www.raschvin.com\/sv\/wp-json\/wp\/v2\/media?parent=44198"}],"wp:term":[{"taxonomy":"product_brand","embeddable":true,"href":"https:\/\/www.raschvin.com\/sv\/wp-json\/wp\/v2\/product_brand?post=44198"},{"taxonomy":"product_cat","embeddable":true,"href":"https:\/\/www.raschvin.com\/sv\/wp-json\/wp\/v2\/product_cat?post=44198"},{"taxonomy":"product_tag","embeddable":true,"href":"https:\/\/www.raschvin.com\/sv\/wp-json\/wp\/v2\/product_tag?post=44198"}],"curies":[{"name":"wp","href":"https:\/\/api.w.org\/{rel}","templated":true}]}}