{"id":44087,"date":"2023-11-08T08:34:01","date_gmt":"2023-11-08T07:34:01","guid":{"rendered":"https:\/\/www.raschvin.com\/produkt\/san-pietro-valpolicella-ripasso-75-cl\/"},"modified":"2023-11-08T08:34:01","modified_gmt":"2023-11-08T07:34:01","slug":"san-pietro-valpolicella-ripasso-75-cl","status":"publish","type":"product","link":"https:\/\/www.raschvin.com\/sv\/produkt\/san-pietro-valpolicella-ripasso-75-cl\/","title":{"rendered":"San Pietro Valpolicella Ripasso 75 cl."},"content":{"rendered":"<p>Bra p\u00e5:<br \/>\nR\u00f6tt k\u00f6tt, kyckling och kalkon, ost &#8211; stark<\/p>\n<p>HET OCH INTENSE<\/p>\n<p>Djup och intensiv rubinr\u00f6d f\u00e4rg. Doften avsl\u00f6jar torkad frukt, kryddor och vanilj. Torr och varm i gommen, l\u00e4tt bitter med toner av viol, lakrits och mogna bj\u00f6rnb\u00e4r.<\/p>\n<p>Underbart till t ex f\u00f6rr\u00e4tter med r\u00f6tt k\u00f6tt, f\u00e5gel, l\u00e5ngstekt k\u00f6tt eller lagrade ostar.<\/p>\n<p>Serveringstemperatur: 16-18\u00b0C<\/p>\n<p>Tillverkning<\/p>\n<p>Tillverkad av Corvina, Rondinella och Molinara odlade i hj\u00e4rtat av Valpolicella. Vinet \u00e4r gjort enligt Ripasso-metoden. Druvorna sk\u00f6rdas under september och oktober och vinifieras traditionellt med avstj\u00e4lkning och maceration med druvskalet f\u00f6ljt av mycket l\u00e5ngsam j\u00e4sning. Vinet j\u00e4ser sedan igen med massan fr\u00e5n Amarone och lagras sedan p\u00e5 tr\u00e4fat i ca. ett \u00e5r.<\/p>\n<p>Om tillverkaren<\/p>\n<p>EN HISTORISK VINGESUS &#8211; Historien om familjen Montresor g\u00e5r l\u00e5ngt tillbaka i tiden och inkluderar n\u00e5gra intressanta f\u00f6rf\u00e4der som greve Claude de Montresor, som p\u00e5 1600-talet var en betrodd r\u00e5dgivare till hertigen av Orleans i Frankrike. I mitten av 1600-talet flyttade en gren av dynastin till regionen Veneto n\u00e4ra Gardasj\u00f6n, k\u00e4nd f\u00f6r sina b\u00f6rdiga marker. H\u00e4r fann de de perfekta f\u00f6ruts\u00e4ttningarna f\u00f6r att odla en av familjens st\u00f6rsta passioner: vinodling. 1892 grundade Giacomo Montresor Cantine Giacomo Montresor.<\/p>\n<p>Cantine Giacomo Montresor \u00e4r en liten venetiansk tidsficka och \u00e4r idag ett mycket erk\u00e4nt och respekterat vinhus i Italien, som g\u00e5ng p\u00e5 g\u00e5ng levererar kritikerrosade viner av mycket h\u00f6g kvalitet.<\/p>\n","protected":false},"excerpt":{"rendered":"<p>Cantine Montresor &#8211; Italy<\/p>\n","protected":false},"featured_media":44112,"template":"","meta":{"_acf_changed":false,"rs_blank_template":"","rs_page_bg_color":"","slide_template_v7":""},"product_brand":[],"product_cat":[2788,2798],"product_tag":[],"class_list":{"0":"post-44087","1":"product","2":"type-product","3":"status-publish","4":"has-post-thumbnail","6":"product_cat-vin-sv","7":"product_cat-roedvin-sv","8":"pa_aargang-2019-sv","9":"pa_drue-corvina-sv","10":"pa_drue-rondinella-sv","11":"pa_drue-molinara-sv","12":"pa_land-italien-sv","13":"pa_procent-14-5-sv","14":"pa_producent-cantine-montresor-sv","15":"pa_region-valpolicella-sv","16":"pa_serveringstemperatur-16-18-sv","17":"pa_volume-75-sv","19":"first","20":"instock","21":"taxable","22":"shipping-taxable","23":"purchasable","24":"product-type-simple"},"bundled_by":[],"bundle_stock_status":"instock","bundle_stock_quantity":null,"bundle_virtual":false,"bundle_layout":"","bundle_add_to_cart_form_location":"","bundle_editable_in_cart":false,"bundle_sold_individually_context":"","bundle_item_grouping":"","bundle_min_size":"","bundle_max_size":"","bundle_price":[],"bundled_items":[],"bundle_sell_ids":[],"acf":[],"_links":{"self":[{"href":"https:\/\/www.raschvin.com\/sv\/wp-json\/wp\/v2\/product\/44087","targetHints":{"allow":["GET"]}}],"collection":[{"href":"https:\/\/www.raschvin.com\/sv\/wp-json\/wp\/v2\/product"}],"about":[{"href":"https:\/\/www.raschvin.com\/sv\/wp-json\/wp\/v2\/types\/product"}],"wp:featuredmedia":[{"embeddable":true,"href":"https:\/\/www.raschvin.com\/sv\/wp-json\/wp\/v2\/media\/44112"}],"wp:attachment":[{"href":"https:\/\/www.raschvin.com\/sv\/wp-json\/wp\/v2\/media?parent=44087"}],"wp:term":[{"taxonomy":"product_brand","embeddable":true,"href":"https:\/\/www.raschvin.com\/sv\/wp-json\/wp\/v2\/product_brand?post=44087"},{"taxonomy":"product_cat","embeddable":true,"href":"https:\/\/www.raschvin.com\/sv\/wp-json\/wp\/v2\/product_cat?post=44087"},{"taxonomy":"product_tag","embeddable":true,"href":"https:\/\/www.raschvin.com\/sv\/wp-json\/wp\/v2\/product_tag?post=44087"}],"curies":[{"name":"wp","href":"https:\/\/api.w.org\/{rel}","templated":true}]}}