{"id":44066,"date":"2023-11-08T08:03:40","date_gmt":"2023-11-08T07:03:40","guid":{"rendered":"https:\/\/www.raschvin.com\/produkt\/macallan-the-harmony-collection-vol-3-amber-meadow-70-cl-442\/"},"modified":"2023-11-08T08:03:40","modified_gmt":"2023-11-08T07:03:40","slug":"macallan-the-harmony-collection-vol-3-amber-meadow-70-cl-442","status":"publish","type":"product","link":"https:\/\/www.raschvin.com\/sv\/produkt\/macallan-the-harmony-collection-vol-3-amber-meadow-70-cl-442\/","title":{"rendered":"Macallan \u2013 The Harmony Collection Vol.3 Amber Meadow 70 cl. 44,2%"},"content":{"rendered":"<p>Den tredje utg\u00e5van i Harmony Collection har skapats i samarbete med Stella och Mary McCartney f\u00f6r att fira Skottlands frodiga, b\u00f6rdiga l\u00e4nder som f\u00f6rbinder alla som har st\u00e5tt p\u00e5 dem i generationer.<\/p>\n<p>Macallan Harmony-kollektionen \u00e4r en \u00e5rlig begr\u00e4nsad serie inspirerad av destilleriets djupt rotade koppling till naturen, som visar upp innovativa, h\u00e5llbara f\u00f6rpackningar. Det f\u00f6rsta paret hyllade chokladens v\u00e4rld, det andra kaffev\u00e4rlden och detta, det tredje, \u00e4r helt enkelt inspirerat av naturen sj\u00e4lv: Amber Meadow och Green Meadow.<\/p>\n<p>Tillverkad i samarbete med Stella och Mary McCartney f\u00f6r att f\u00e5nga minnen fr\u00e5n somrar tillbringade p\u00e5 deras familjeg\u00e5rd i Skottland, och syftar till att fira Kaledoniens frodiga, b\u00f6rdiga l\u00e4nder. De beskriver naturen som b\u00e5de energigivande och fridfulla, kontrasterande egenskaper som \u00e5teruppv\u00e4ckts av detta samarbete<\/p>\n<p>Macallan Whisky Mastery Team har anv\u00e4nt denna vision av varma \u00e4ngar och mogna kornf\u00e4lt f\u00f6r att skapa en whisky med en rik, citrusdoftande finish, med en kombination av b\u00e5de sherrykryddade ek- och bourbonfat.<\/p>\n<p>Buteljeringen av singelmalt har aromer av rik apelsin och citron, kaprifol, vanilj, kokos och moget korn, med en smak full av rik ek, citron, mandel, melon och gr\u00f6nt te. En rik, s\u00f6t, l\u00e5ng och komplex finish kompletterar detta ultrafr\u00e4scha uttryck.<\/p>\n<p>Den h\u00e4r kollektionens naturliga f\u00f6rpackning har gjorts av kasserade \u00e4ngsstickor, gett ett nytt liv i presentationsl\u00e5dan och flasketiketter. Sj\u00e4lva l\u00e5dan har fotografi av Mary McCartney fr\u00e5n The Macallan Estate.<\/p>\n<p>F\u00f6r att ut\u00f6ka samarbetet har systrarna designat hemkollektion f\u00f6r The Macallan som heter Together. I omfattar lyxiga glasvaror, keramik och m\u00e4ssing<\/p>\n<p>ERFARENHETEN<\/p>\n<p>F\u00c4RG<\/p>\n<p>Sommarkv\u00e4ll.<\/p>\n<p>AROM<\/p>\n<p>Rika apelsin- och citron-, kaprifol-, vanilj-, kokos- och mogna kornf\u00e4lt.<\/p>\n<p>GOMM<\/p>\n<p>Rik ek, citron, melon, klassisk scone, mandel och gr\u00f6nt te<\/p>\n<p>AVSLUTA<\/p>\n<p>Rik, s\u00f6t, l\u00e5ng och komplex.<\/p>\n<p>ABV 44,2 %<\/p>\n","protected":false},"excerpt":{"rendered":"<p>Limited Scotch Single Malt Whisky<\/p>\n","protected":false},"featured_media":44124,"template":"","meta":{"_acf_changed":false,"rs_blank_template":"","rs_page_bg_color":"","slide_template_v7":""},"product_brand":[],"product_cat":[2387,4651,2392],"product_tag":[],"class_list":{"0":"post-44066","1":"product","2":"type-product","3":"status-publish","4":"has-post-thumbnail","6":"product_cat-avec-sv","7":"product_cat-single-malt-sv","8":"product_cat-whisky-sv","9":"pa_aargang-2023-sv","10":"pa_land-skottland","11":"pa_procent-44-2-sv","12":"pa_producent-macallan-sv","13":"pa_region-speyside-sv","14":"pa_volume-70-sv-2","16":"first","17":"instock","18":"sale","19":"taxable","20":"shipping-taxable","21":"purchasable","22":"product-type-simple"},"bundled_by":[],"bundle_stock_status":"instock","bundle_stock_quantity":null,"bundle_virtual":false,"bundle_layout":"","bundle_add_to_cart_form_location":"","bundle_editable_in_cart":false,"bundle_sold_individually_context":"","bundle_item_grouping":"","bundle_min_size":"","bundle_max_size":"","bundle_price":[],"bundled_items":[],"bundle_sell_ids":[],"acf":[],"_links":{"self":[{"href":"https:\/\/www.raschvin.com\/sv\/wp-json\/wp\/v2\/product\/44066","targetHints":{"allow":["GET"]}}],"collection":[{"href":"https:\/\/www.raschvin.com\/sv\/wp-json\/wp\/v2\/product"}],"about":[{"href":"https:\/\/www.raschvin.com\/sv\/wp-json\/wp\/v2\/types\/product"}],"wp:featuredmedia":[{"embeddable":true,"href":"https:\/\/www.raschvin.com\/sv\/wp-json\/wp\/v2\/media\/44124"}],"wp:attachment":[{"href":"https:\/\/www.raschvin.com\/sv\/wp-json\/wp\/v2\/media?parent=44066"}],"wp:term":[{"taxonomy":"product_brand","embeddable":true,"href":"https:\/\/www.raschvin.com\/sv\/wp-json\/wp\/v2\/product_brand?post=44066"},{"taxonomy":"product_cat","embeddable":true,"href":"https:\/\/www.raschvin.com\/sv\/wp-json\/wp\/v2\/product_cat?post=44066"},{"taxonomy":"product_tag","embeddable":true,"href":"https:\/\/www.raschvin.com\/sv\/wp-json\/wp\/v2\/product_tag?post=44066"}],"curies":[{"name":"wp","href":"https:\/\/api.w.org\/{rel}","templated":true}]}}