{"id":43742,"date":"2023-11-01T20:36:42","date_gmt":"2023-11-01T19:36:42","guid":{"rendered":"https:\/\/www.raschvin.com\/produkt\/entrecote-merlot-cabernet-sauvignon-75-cl\/"},"modified":"2023-11-01T20:36:42","modified_gmt":"2023-11-01T19:36:42","slug":"entrecote-merlot-cabernet-sauvignon-75-cl","status":"publish","type":"product","link":"https:\/\/www.raschvin.com\/sv\/produkt\/entrecote-merlot-cabernet-sauvignon-75-cl\/","title":{"rendered":"Entrec\u00f4te Merlot Cabernet Sauvignon 75 cl."},"content":{"rendered":"<p>Ett h\u00e4rligt, fylligt vin med en stark smakprofil och en harmonisk och fruktig finish.<\/p>\n<p>Bra p\u00e5:<br \/>\nLamm, n\u00f6tk\u00f6tt, kalvk\u00f6tt<\/p>\n<p>FULL OCH RIK P\u00c5 SMAK<\/p>\n<p>Entrec\u00f4te har en djup rubinr\u00f6d f\u00e4rg. Buketten \u00e4r full av mogna b\u00e4r, lite kryddor och l\u00e4cker vanilj. Vinet \u00e4r harmoniskt och v\u00e4lbalanserat.<\/p>\n<p>G\u00e5 p\u00e5 ett \u00e4ventyr i gastronomins v\u00e4rld och ta med dig Entrec\u00f4te som f\u00f6ljeslagare. Vinet passar bra till t.ex. en god stek eller med ett urval av ostar.<\/p>\n<p>Serveringstemperatur: 16-18\u00b0C<\/p>\n<p>Tillverkning<\/p>\n<p>Entrec\u00f4te tillverkas av druvorna Merlot och Cabernet Sauvignon. Cabernet Sauvignon anses av vissa vara &#8221;kungen&#8221; av alla r\u00f6da druvor. Druvan ger ofta viner med stor intensitet och toner av lite krydda och vanilj. I Bordeauxomr\u00e5det \u00e4r denna druva allts\u00e5 ryggraden i de st\u00f6rsta vinerna. Druvan blandas ofta med en annan druvsort och h\u00e4r \u00e4r den i blandning med druvan Merlot, som ocks\u00e5 \u00e4r en popul\u00e4r druva i Frankrike. Merlotdruvan tillf\u00f6r fyllighet och mjukhet till vinerna.<\/p>\n<p>Om tillverkaren<\/p>\n<p>Les Grands Chais de France \u00e4ger flera dom\u00e4ner och ving\u00e5rdar och samarbetar med mer \u00e4n 30 vinkooperativ och hundratals vinodlare. 1,5 miljoner produceras \u00e5rligen. hl vin f\u00f6r LGCF. 1979 grundade Joseph Helfrich LGCF, som ursprungligen specialiserade sig p\u00e5 Cognac innan han gick in i vinbranschen 1981.<br \/>\nLGCF:s m\u00e5l \u00e4r att utveckla och inf\u00f6ra en milj\u00f6v\u00e4nlig policy genom att involvera vinodlarna och lokala akt\u00f6rer i r\u00e5det. P\u00e5 s\u00e5 s\u00e4tt vill de skona och ta hand om milj\u00f6n f\u00f6r kommande generationer.<br \/>\nIdag \u00e4r LGCF bl.a. finns i \u00e5tta av de st\u00f6rsta vinregionerna i Frankrike och Tyskland. D\u00e4rf\u00f6r kan de uppfylla kundernas m\u00e5nga olika \u00f6nskem\u00e5l om vin, b\u00e5de vad g\u00e4ller druvor, vintyp och egenskaper.<\/p>\n","protected":false},"excerpt":{"rendered":"<p>Vin de France<\/p>\n","protected":false},"featured_media":43760,"template":"","meta":{"_acf_changed":false,"rs_blank_template":"","rs_page_bg_color":"","slide_template_v7":""},"product_brand":[],"product_cat":[2788,2798],"product_tag":[],"class_list":{"0":"post-43742","1":"product","2":"type-product","3":"status-publish","4":"has-post-thumbnail","6":"product_cat-vin-sv","7":"product_cat-roedvin-sv","8":"pa_drue-cabernet-sauvignon-sv","9":"pa_drue-merlot-sv","10":"pa_land-frankrike","11":"pa_procent-13-5-sv","12":"pa_producent-les-grand-chais-sv","13":"pa_region-languedoc-roussillon-2-sv","14":"pa_serveringstemperatur-18-20-sv","15":"pa_volume-75-sv","17":"first","18":"instock","19":"taxable","20":"shipping-taxable","21":"purchasable","22":"product-type-simple"},"bundled_by":[],"bundle_stock_status":"instock","bundle_stock_quantity":null,"bundle_virtual":false,"bundle_layout":"","bundle_add_to_cart_form_location":"","bundle_editable_in_cart":false,"bundle_sold_individually_context":"","bundle_item_grouping":"","bundle_min_size":"","bundle_max_size":"","bundle_price":[],"bundled_items":[],"bundle_sell_ids":[],"acf":[],"_links":{"self":[{"href":"https:\/\/www.raschvin.com\/sv\/wp-json\/wp\/v2\/product\/43742","targetHints":{"allow":["GET"]}}],"collection":[{"href":"https:\/\/www.raschvin.com\/sv\/wp-json\/wp\/v2\/product"}],"about":[{"href":"https:\/\/www.raschvin.com\/sv\/wp-json\/wp\/v2\/types\/product"}],"wp:featuredmedia":[{"embeddable":true,"href":"https:\/\/www.raschvin.com\/sv\/wp-json\/wp\/v2\/media\/43760"}],"wp:attachment":[{"href":"https:\/\/www.raschvin.com\/sv\/wp-json\/wp\/v2\/media?parent=43742"}],"wp:term":[{"taxonomy":"product_brand","embeddable":true,"href":"https:\/\/www.raschvin.com\/sv\/wp-json\/wp\/v2\/product_brand?post=43742"},{"taxonomy":"product_cat","embeddable":true,"href":"https:\/\/www.raschvin.com\/sv\/wp-json\/wp\/v2\/product_cat?post=43742"},{"taxonomy":"product_tag","embeddable":true,"href":"https:\/\/www.raschvin.com\/sv\/wp-json\/wp\/v2\/product_tag?post=43742"}],"curies":[{"name":"wp","href":"https:\/\/api.w.org\/{rel}","templated":true}]}}