{"id":43633,"date":"2023-10-31T16:42:06","date_gmt":"2023-10-31T15:42:06","guid":{"rendered":"https:\/\/www.raschvin.com\/produkt\/glenburgie-31-years-connoisseurs-choice-1990-gm-70-cl-529\/"},"modified":"2023-10-31T16:42:06","modified_gmt":"2023-10-31T15:42:06","slug":"glenburgie-31-years-connoisseurs-choice-1990-gm-70-cl-529","status":"publish","type":"product","link":"https:\/\/www.raschvin.com\/sv\/produkt\/glenburgie-31-years-connoisseurs-choice-1990-gm-70-cl-529\/","title":{"rendered":"Glenburgie 31 Years Connoisseurs Choice 1990 G&#038;M 70 cl. 52,9%"},"content":{"rendered":"<p>Glenburgie Vintage 1990 \u00e4r en skotsk single malt whisky fr\u00e5n Gordon &#038; MacPhails Connoisseurs Choice-sortiment. Whiskyn destillerades 11\/9 1990, och buteljerades i fatstyrka 13\/12 2021. Den har allts\u00e5 tillbringat 31 \u00e5r i ett first fill sherryfat, vilket har gett den en ovanligt m\u00f6rk, vacker f\u00e4rg, samtidigt som den har massor av smak av gammal, lagrad whisky.<\/p>\n<p>F\u00e4rg: Mahogny.<br \/>\nDoft: M\u00f6rk frukt, kryddnejlika och \u00e4ppelmos.<br \/>\nSmaknoter: M\u00f6rka b\u00e4r med m\u00f6rk choklad och rostad mandel, som \u00f6verg\u00e5r i l\u00e4ckra toner av ek och l\u00e4tt bitter marmelad.<\/p>\n<p>Serveringsf\u00f6rslag: Njut av det rent, ev med n\u00e5gra droppar vatten.<\/p>\n<p>\u00c4nnu en sherrybomb fr\u00e5n Gordon &#038; MacPhail, den h\u00e4r g\u00e5ngen en single cask 1990 Glenburgie buteljerad 2021 vid 31 \u00e5r f\u00f6r Connoisseurs Choice Cask Strength-serien.<\/p>\n<p>Fat #12524 var, f\u00f6ga \u00f6verraskande, en f\u00f6rsta tappning av 31 \u00e5r gamla Glenburgie 1990 och gav 482 flaskor vid sin naturliga fatstyrka p\u00e5 52,9%. Det h\u00e4r kommer att bli fantastiskt \u2013 och den h\u00e4r m\u00f6rka whiskyn tenderar att flyga ut genom d\u00f6rren, s\u00e5 sov inte p\u00e5 den h\u00e4r.<\/p>\n<p>Gordon &#038; MacPhail \u00e4r f\u00f6r den \u00e4dla singelmalten vad Lennon &#038; McCartney \u00e4r f\u00f6r popmusik. I mer \u00e4n 100 \u00e5r har de insisterat p\u00e5 att hoppa \u00f6ver det h\u00f6gsta staketet. Den ned\u00e4rvda k\u00e4nslan av att v\u00e4lja ut de absolut b\u00e4sta faten fr\u00e5n ett brett utbud av destillerier ut\u00f6vas idag som f\u00f6r 100 \u00e5r sedan. N\u00e4r r\u00e4tten \u00e4r utvald transporteras den till G&#038;M:s lager i Elgin. H\u00e4r sk\u00f6ts och v\u00e5rdas fatet tillsammans med tusentals andra utvalda fat fram till den dagen i framtiden, vare sig det \u00e4r fem, tio eller femtio \u00e5r fram\u00e5t, n\u00e4r whiskyn har n\u00e5tt sin zenit. Bara h\u00e4r \u00e4r de dyrbara dropparna p\u00e5 flaska.<\/p>\n","protected":false},"excerpt":{"rendered":"<p>Limited Single Malt Scotch Whisky<\/p>\n","protected":false},"featured_media":43652,"template":"","meta":{"_acf_changed":false,"rs_blank_template":"","rs_page_bg_color":"","slide_template_v7":""},"product_brand":[],"product_cat":[2387,4651,2392],"product_tag":[],"class_list":{"0":"post-43633","1":"product","2":"type-product","3":"status-publish","4":"has-post-thumbnail","6":"product_cat-avec-sv","7":"product_cat-single-malt-sv","8":"product_cat-whisky-sv","9":"pa_champagne-type-single-cask-sv","10":"pa_land-skottland","11":"pa_procent-52-9-sv","12":"pa_producent-glenburgie-sv","13":"pa_region-speyside-sv","14":"pa_traefad-first-fill-sherry-butt-sv","15":"pa_vintage-1990-sv","16":"pa_volume-70-sv-2","18":"first","19":"instock","20":"taxable","21":"shipping-taxable","22":"purchasable","23":"product-type-simple"},"bundled_by":[],"bundle_stock_status":"instock","bundle_stock_quantity":null,"bundle_virtual":false,"bundle_layout":"","bundle_add_to_cart_form_location":"","bundle_editable_in_cart":false,"bundle_sold_individually_context":"","bundle_item_grouping":"","bundle_min_size":"","bundle_max_size":"","bundle_price":[],"bundled_items":[],"bundle_sell_ids":[],"acf":[],"_links":{"self":[{"href":"https:\/\/www.raschvin.com\/sv\/wp-json\/wp\/v2\/product\/43633","targetHints":{"allow":["GET"]}}],"collection":[{"href":"https:\/\/www.raschvin.com\/sv\/wp-json\/wp\/v2\/product"}],"about":[{"href":"https:\/\/www.raschvin.com\/sv\/wp-json\/wp\/v2\/types\/product"}],"wp:featuredmedia":[{"embeddable":true,"href":"https:\/\/www.raschvin.com\/sv\/wp-json\/wp\/v2\/media\/43652"}],"wp:attachment":[{"href":"https:\/\/www.raschvin.com\/sv\/wp-json\/wp\/v2\/media?parent=43633"}],"wp:term":[{"taxonomy":"product_brand","embeddable":true,"href":"https:\/\/www.raschvin.com\/sv\/wp-json\/wp\/v2\/product_brand?post=43633"},{"taxonomy":"product_cat","embeddable":true,"href":"https:\/\/www.raschvin.com\/sv\/wp-json\/wp\/v2\/product_cat?post=43633"},{"taxonomy":"product_tag","embeddable":true,"href":"https:\/\/www.raschvin.com\/sv\/wp-json\/wp\/v2\/product_tag?post=43633"}],"curies":[{"name":"wp","href":"https:\/\/api.w.org\/{rel}","templated":true}]}}