{"id":43630,"date":"2023-10-31T16:34:02","date_gmt":"2023-10-31T15:34:02","guid":{"rendered":"https:\/\/www.raschvin.com\/produkt\/linkwood-30-years-connoisseurs-choice-1991-gm-70-cl-531\/"},"modified":"2023-10-31T16:34:02","modified_gmt":"2023-10-31T15:34:02","slug":"linkwood-30-years-connoisseurs-choice-1991-gm-70-cl-531","status":"publish","type":"product","link":"https:\/\/www.raschvin.com\/sv\/produkt\/linkwood-30-years-connoisseurs-choice-1991-gm-70-cl-531\/","title":{"rendered":"Linkwood 30 Years Connoisseurs Choice 1991 G&#038;M 70 cl. 53,1%"},"content":{"rendered":"<p>Linkwood Vintage 1991 \u00e4r en skotsk single malt whisky fr\u00e5n Gordon &#038; MacPhails Connoisseurs Choice-sortiment. Whiskyn destillerades 1991, och buteljerades i fatstyrka 14\/12 2021. Den har d\u00e4rf\u00f6r tillbringat 30 \u00e5r i en first fill sherry but, vilket har gett den en vacker, b\u00e4rnstensgul f\u00e4rg, samtidigt som den har massor av gammal, lagrad smakwhisky.<\/p>\n<p>F\u00e4rg: Amber.<br \/>\nDoft: Sherrytoner med lite citronskal och en hint av bl\u00e5b\u00e4r.<br \/>\nSmaknoter: S\u00f6ta citrustoner med russin och kryddor. Mycket frukt med en \u00f6rtton.<\/p>\n<p>Serveringsf\u00f6rslag: Njut av det rent, ev med n\u00e5gra droppar vatten.<\/p>\n<p>Gordon &#038; MacPhail \u00e4r f\u00f6r den \u00e4dla singelmalten vad Lennon &#038; McCartney \u00e4r f\u00f6r popmusik. I mer \u00e4n 100 \u00e5r har de insisterat p\u00e5 att hoppa \u00f6ver det h\u00f6gsta staketet. Den ned\u00e4rvda k\u00e4nslan av att v\u00e4lja ut de absolut b\u00e4sta faten fr\u00e5n ett brett utbud av destillerier ut\u00f6vas idag som f\u00f6r 100 \u00e5r sedan. N\u00e4r r\u00e4tten \u00e4r utvald transporteras den till G&#038;M:s lager i Elgin. H\u00e4r sk\u00f6ts och v\u00e5rdas fatet tillsammans med tusentals andra utvalda fat fram till den dagen i framtiden, vare sig det \u00e4r fem, tio eller femtio \u00e5r fram\u00e5t, n\u00e4r whiskyn har n\u00e5tt sin zenit. Bara h\u00e4r \u00e4r de dyrbara dropparna p\u00e5 flaska.<\/p>\n","protected":false},"excerpt":{"rendered":"<p>Limited Single Malt Scotch Whisky<\/p>\n","protected":false},"featured_media":43649,"template":"","meta":{"_acf_changed":false,"rs_blank_template":"","rs_page_bg_color":"","slide_template_v7":""},"product_brand":[],"product_cat":[2387,2392,4651],"product_tag":[],"class_list":{"0":"post-43630","1":"product","2":"type-product","3":"status-publish","4":"has-post-thumbnail","6":"product_cat-avec-sv","7":"product_cat-whisky-sv","8":"product_cat-single-malt-sv","9":"pa_champagne-type-single-cask-sv","10":"pa_land-skottland","11":"pa_procent-53-1-sv","12":"pa_producent-linkwood-sv","13":"pa_region-speyside-sv","14":"pa_traefad-first-fill-sherry-butt-sv","15":"pa_vintage-1991-sv","16":"pa_volume-70-sv-2","18":"first","19":"instock","20":"taxable","21":"shipping-taxable","22":"purchasable","23":"product-type-simple"},"bundled_by":[],"bundle_stock_status":"instock","bundle_stock_quantity":null,"bundle_virtual":false,"bundle_layout":"","bundle_add_to_cart_form_location":"","bundle_editable_in_cart":false,"bundle_sold_individually_context":"","bundle_item_grouping":"","bundle_min_size":"","bundle_max_size":"","bundle_price":[],"bundled_items":[],"bundle_sell_ids":[],"acf":[],"_links":{"self":[{"href":"https:\/\/www.raschvin.com\/sv\/wp-json\/wp\/v2\/product\/43630","targetHints":{"allow":["GET"]}}],"collection":[{"href":"https:\/\/www.raschvin.com\/sv\/wp-json\/wp\/v2\/product"}],"about":[{"href":"https:\/\/www.raschvin.com\/sv\/wp-json\/wp\/v2\/types\/product"}],"wp:featuredmedia":[{"embeddable":true,"href":"https:\/\/www.raschvin.com\/sv\/wp-json\/wp\/v2\/media\/43649"}],"wp:attachment":[{"href":"https:\/\/www.raschvin.com\/sv\/wp-json\/wp\/v2\/media?parent=43630"}],"wp:term":[{"taxonomy":"product_brand","embeddable":true,"href":"https:\/\/www.raschvin.com\/sv\/wp-json\/wp\/v2\/product_brand?post=43630"},{"taxonomy":"product_cat","embeddable":true,"href":"https:\/\/www.raschvin.com\/sv\/wp-json\/wp\/v2\/product_cat?post=43630"},{"taxonomy":"product_tag","embeddable":true,"href":"https:\/\/www.raschvin.com\/sv\/wp-json\/wp\/v2\/product_tag?post=43630"}],"curies":[{"name":"wp","href":"https:\/\/api.w.org\/{rel}","templated":true}]}}