{"id":43626,"date":"2023-10-31T16:17:49","date_gmt":"2023-10-31T15:17:49","guid":{"rendered":"https:\/\/www.raschvin.com\/produkt\/ardmore-12-years-2009-smos-cask-708026-70-cl-541\/"},"modified":"2023-10-31T16:17:49","modified_gmt":"2023-10-31T15:17:49","slug":"ardmore-12-years-2009-smos-cask-708026-70-cl-541","status":"publish","type":"product","link":"https:\/\/www.raschvin.com\/sv\/produkt\/ardmore-12-years-2009-smos-cask-708026-70-cl-541\/","title":{"rendered":"Ardmore 12 Years 2009 SMOS Cask #708026 70 cl. 54,1%"},"content":{"rendered":"<p>Highland Single Malt Scotch Whisky<br \/>\nButeljerad av: Elixir Distillers 70cl \/ 54,1%<br \/>\nEtt enkelfat 2009 Ardmore buteljerat som 12-\u00e5ring 2022 av Elixir Distillers utan f\u00e4rgning eller kylfiltrering f\u00f6r deras Single Malts of Scotland-sortiment vid dess naturliga fatstyrka p\u00e5 54,1 %.<br \/>\nArdmore \u00e4r en av de mest r\u00f6kta Highland singelmalten, och denna SMOS 12-\u00e5riga Ardmore 2009 har f\u00e5tt sin fenolkvot \u00f6kad i kraft av att fatet kommer fr\u00e5n Ardmores systerdestilleri Laphroaig. Vi f\u00f6rv\u00e4ntar oss fyrverkerier fr\u00e5n denna.<\/p>\n","protected":false},"excerpt":{"rendered":"<p>Single Malt Scotch Whisky<\/p>\n","protected":false},"featured_media":43661,"template":"","meta":{"_acf_changed":false,"rs_blank_template":"","rs_page_bg_color":"","slide_template_v7":""},"product_brand":[],"product_cat":[2387,4651,2392],"product_tag":[],"class_list":{"0":"post-43626","1":"product","2":"type-product","3":"status-publish","4":"has-post-thumbnail","6":"product_cat-avec-sv","7":"product_cat-single-malt-sv","8":"product_cat-whisky-sv","9":"pa_champagne-type-single-cask-sv","10":"pa_land-skottland","11":"pa_procent-54-1-sv","12":"pa_producent-ardmore-sv","13":"pa_region-highland-sv","14":"pa_traefad-bourbon-sv","15":"pa_vintage-2009-sv","16":"pa_volume-70-sv-2","18":"first","19":"instock","20":"taxable","21":"shipping-taxable","22":"purchasable","23":"product-type-simple"},"bundled_by":[],"bundle_stock_status":"instock","bundle_stock_quantity":null,"bundle_virtual":false,"bundle_layout":"","bundle_add_to_cart_form_location":"","bundle_editable_in_cart":false,"bundle_sold_individually_context":"","bundle_item_grouping":"","bundle_min_size":"","bundle_max_size":"","bundle_price":[],"bundled_items":[],"bundle_sell_ids":[],"acf":[],"_links":{"self":[{"href":"https:\/\/www.raschvin.com\/sv\/wp-json\/wp\/v2\/product\/43626","targetHints":{"allow":["GET"]}}],"collection":[{"href":"https:\/\/www.raschvin.com\/sv\/wp-json\/wp\/v2\/product"}],"about":[{"href":"https:\/\/www.raschvin.com\/sv\/wp-json\/wp\/v2\/types\/product"}],"wp:featuredmedia":[{"embeddable":true,"href":"https:\/\/www.raschvin.com\/sv\/wp-json\/wp\/v2\/media\/43661"}],"wp:attachment":[{"href":"https:\/\/www.raschvin.com\/sv\/wp-json\/wp\/v2\/media?parent=43626"}],"wp:term":[{"taxonomy":"product_brand","embeddable":true,"href":"https:\/\/www.raschvin.com\/sv\/wp-json\/wp\/v2\/product_brand?post=43626"},{"taxonomy":"product_cat","embeddable":true,"href":"https:\/\/www.raschvin.com\/sv\/wp-json\/wp\/v2\/product_cat?post=43626"},{"taxonomy":"product_tag","embeddable":true,"href":"https:\/\/www.raschvin.com\/sv\/wp-json\/wp\/v2\/product_tag?post=43626"}],"curies":[{"name":"wp","href":"https:\/\/api.w.org\/{rel}","templated":true}]}}