{"id":43551,"date":"2023-10-31T12:25:33","date_gmt":"2023-10-31T11:25:33","guid":{"rendered":"https:\/\/www.raschvin.com\/produkt\/espero-cocoa-rum-70-cl-40\/"},"modified":"2023-10-31T12:25:33","modified_gmt":"2023-10-31T11:25:33","slug":"espero-cocoa-rum-70-cl-40","status":"publish","type":"product","link":"https:\/\/www.raschvin.com\/sv\/produkt\/espero-cocoa-rum-70-cl-40\/","title":{"rendered":"Espero \u2013 Cocoa &#038; Rum 70 cl. 40%"},"content":{"rendered":"<p>Ron Espero Cocoa &#038; Rom \u00e4r gjord av en 7-\u00e5rig dominikansk rom infunderad med kakaosmak som ger en fantastisk romlik\u00f6r. Kakaon utvinns fr\u00e5n ett macerat av Criollo-b\u00f6nan, som bara utg\u00f6r 3-5% av den globala sk\u00f6rden av kakaob\u00f6nor. Rommen med kakaosmak buteljeras i sm\u00e5 omg\u00e5ngar. Resultatet \u00e4r en lik\u00f6r baserad p\u00e5 mogen rom med utm\u00e4rkta kakaotoner.<\/p>\n<p>Vill du ha exotiskt n\u00f6je? D\u00e5 \u00e4r m\u00e4rket Ron Espero Rum fr\u00e5n Karibien idealiskt. Det \u00e4r vi skyldiga f\u00f6retaget Albert Michler Distillery, baserat i England, som fungerar som en oberoende buteljerare. Fin dominikansk rom \u00e4r i centrum f\u00f6r uppm\u00e4rksamheten. F\u00f6rutom den vanliga rommen fr\u00e5n Dominikanska republiken erbjuder f\u00f6retaget en eller tv\u00e5 rombaserad kryddad sprit. Str\u00e4ngt taget kan man till och med prata om romlik\u00f6r i l\u00e4ckra smaker. De nya smakerna inkluderar Ron Espero Creole Cocoa &#038; Rom, som kombinerar tv\u00e5 typer av njutning.<\/p>\n<p>Den intressanta Espero Creole Cocoa &#038; Rum d\u00f6ljer inte sitt framg\u00e5ngsrecept. H\u00e4r m\u00f6ter h\u00f6gkvalitativ karibisk rom en lika h\u00f6gkvalitativ naturlig ingrediens. De fina kakaob\u00f6norna av sorten Criollo bearbetas med stor uppm\u00e4rksamhet p\u00e5 detaljer p\u00e5 ett arombevarande s\u00e4tt och smaks\u00e4tter spriten. K\u00e4nnetecknande f\u00f6r kakaosorten Criollo \u00e4r att den \u00e4r s\u00e4rskilt rik p\u00e5 smak och d\u00e4rf\u00f6r v\u00e4rdefull och s\u00e4llsynt. En mjukare, mindre bitter smak k\u00e4nnetecknar dem och g\u00f6r att de t.ex. idealisk. B. \u00e4ven f\u00f6r anv\u00e4ndning i n\u00e5gra av de b\u00e4sta choklad- och konfektyrerna i v\u00e4rlden. Endast cirka 3 till 5 % av kakaob\u00f6norna som bearbetas \u00f6ver hela v\u00e4rlden \u00e4r denna lyxiga variant av s\u00e4llsynthet och motsvarande h\u00f6gt pris. Inte konstigt att Espero Creole Cocoa &#038; Rum s\u00e4tter h\u00f6ga krav. Det g\u00e5r ett steg l\u00e4ngre \u00e4n m\u00e5nga kommersiellt tillg\u00e4ngliga klassiker.<br \/>\nProduktinformation om Espero Creole Cocoa &#038; Rom:<\/p>\n<p>N\u00e4r det g\u00e4ller arom och smak ska Espero Creole Cocoa &#038; Rom inte underskattas. Det \u00e4r en av de l\u00e4ckerheter du kan njuta av p\u00e5 egen hand, helst vid en sval temperatur. Kakaolik\u00f6ren baserad p\u00e5 rom \u00e4r ingen d\u00e5lig id\u00e9 f\u00f6r att blanda drinkar. Den rika Espero Creole Cocoa &#038; Rom gl\u00e4djer n\u00e4san och gommen med en chokladaktig, l\u00e4tt bitters\u00f6t ton. Dessutom m\u00e4rker du fruktiga och kryddiga \u00f6vertoner.<\/p>\n","protected":false},"excerpt":{"rendered":"<p>Cocoa Rum-Based Liqueur<\/p>\n","protected":false},"featured_media":43596,"template":"","meta":{"_acf_changed":false,"rs_blank_template":"","rs_page_bg_color":"","slide_template_v7":""},"product_brand":[],"product_cat":[2387,2391,4639],"product_tag":[],"class_list":{"0":"post-43551","1":"product","2":"type-product","3":"status-publish","4":"has-post-thumbnail","6":"product_cat-avec-sv","7":"product_cat-rom-sv","8":"product_cat-romliqueur-sv","9":"pa_land-dominikanska-republiken","10":"pa_procent-40-sv-2","11":"pa_volume-70-sv-2","13":"first","14":"instock","15":"sale","16":"taxable","17":"shipping-taxable","18":"purchasable","19":"product-type-simple"},"bundled_by":[],"bundle_stock_status":"instock","bundle_stock_quantity":null,"bundle_virtual":false,"bundle_layout":"","bundle_add_to_cart_form_location":"","bundle_editable_in_cart":false,"bundle_sold_individually_context":"","bundle_item_grouping":"","bundle_min_size":"","bundle_max_size":"","bundle_price":[],"bundled_items":[],"bundle_sell_ids":[],"acf":[],"_links":{"self":[{"href":"https:\/\/www.raschvin.com\/sv\/wp-json\/wp\/v2\/product\/43551","targetHints":{"allow":["GET"]}}],"collection":[{"href":"https:\/\/www.raschvin.com\/sv\/wp-json\/wp\/v2\/product"}],"about":[{"href":"https:\/\/www.raschvin.com\/sv\/wp-json\/wp\/v2\/types\/product"}],"wp:featuredmedia":[{"embeddable":true,"href":"https:\/\/www.raschvin.com\/sv\/wp-json\/wp\/v2\/media\/43596"}],"wp:attachment":[{"href":"https:\/\/www.raschvin.com\/sv\/wp-json\/wp\/v2\/media?parent=43551"}],"wp:term":[{"taxonomy":"product_brand","embeddable":true,"href":"https:\/\/www.raschvin.com\/sv\/wp-json\/wp\/v2\/product_brand?post=43551"},{"taxonomy":"product_cat","embeddable":true,"href":"https:\/\/www.raschvin.com\/sv\/wp-json\/wp\/v2\/product_cat?post=43551"},{"taxonomy":"product_tag","embeddable":true,"href":"https:\/\/www.raschvin.com\/sv\/wp-json\/wp\/v2\/product_tag?post=43551"}],"curies":[{"name":"wp","href":"https:\/\/api.w.org\/{rel}","templated":true}]}}