{"id":43504,"date":"2023-10-31T10:53:04","date_gmt":"2023-10-31T09:53:04","guid":{"rendered":"https:\/\/www.raschvin.com\/produkt\/simers-co-taffel-aquavit-70-cl-415\/"},"modified":"2023-10-31T10:53:04","modified_gmt":"2023-10-31T09:53:04","slug":"simers-co-taffel-aquavit-70-cl-415","status":"publish","type":"product","link":"https:\/\/www.raschvin.com\/sv\/produkt\/simers-co-taffel-aquavit-70-cl-415\/","title":{"rendered":"Simers &#038; Co. Taffel Aquavit 70 cl. 41,5%"},"content":{"rendered":"<p>Simers &#038; Co. Spritfabrik &#038; Destillation grundades p\u00e5 1850-talet och bakom retroetiketten d\u00f6ljer sig en traditionell norsk akvavit gjord efter samma gamla recept. Kummin \u00e4r den dominerande smaken och akvaviten f\u00e5r \u00e4ven vila en stund (6-9 m\u00e5nader) p\u00e5 anv\u00e4nda fat, vilket rundar av spriten utan att ge alltf\u00f6r starka toner av ek.<\/p>\n<p>F\u00e4rg: Klar med en l\u00e4tt gyllene nyans.<br \/>\nDoft: Citrusinfluerad arom med spiskummin och l\u00e4tt fatton.<br \/>\nSmaknoter: Medium fyllighet och fina, friska spiskummintoner.<\/p>\n<p>Serveringsf\u00f6rslag: Det sj\u00e4lvklara tillbeh\u00f6ret till det danska (eller norska) lunchbordet. Njut av den l\u00e4tt kyld, men inte n\u00f6dv\u00e4ndigtvis iskall.<\/p>\n<p>Simers Taffel Aquavit \u00e4r en traditionell l\u00e4tt akvavit som har en h\u00e4rlig stark och inte minst komplex smak av spiskummin och citrus. Den har \u00e5ldrats i 6 till 9 m\u00e5nader p\u00e5 ekfat, vilket tar bort de mest flyktiga och r\u00e5a komponenterna och ger den en bra, rundad karakt\u00e4r. Passar till sill och fet, tung mat.<\/p>\n<p>Arcus \u00e4r en av Nordens st\u00f6rsta vin- och spritdistribut\u00f6rer. F\u00f6retagets r\u00f6tter g\u00e5r tillbaka till 1800-talet, d\u00e5 handeln b\u00f6rjade med fat med akvavit, och det \u00e4r definitivt akvavit som \u00e4r Arcus st\u00f6rsta styrka idag \u2013 de \u00e4r nog en av de b\u00e4sta i disciplinen \u00f6verhuvudtaget!<\/p>\n<p>2012 k\u00f6pte Arcus De Danske Spritfabrikker och i deras imponerande portf\u00f6lj finns allts\u00e5 varum\u00e4rken som Aalborg Akvavit, Gammel Dansk och Braastad Cognac, f\u00f6rutom alla norska klassiker som Lysholm, L\u00f8iten, Gammel Opland och en stor m\u00e4ngd andra gamla, traditionella m\u00e4rken.<\/p>\n","protected":false},"excerpt":{"rendered":"<p>Simers &#038; Co. Spritfabrik &#038; Destillation grundades p\u00e5 1850-talet och bakom retroetiketten d\u00f6ljer sig en traditionell norsk akvavit gjord efter samma gamla recept. Kummin \u00e4r den dominerande smaken och akvaviten&#8230;<\/p>\n","protected":false},"featured_media":43537,"template":"","meta":{"_acf_changed":false,"rs_blank_template":"","rs_page_bg_color":"","slide_template_v7":""},"product_brand":[],"product_cat":[2393,2743],"product_tag":[],"class_list":{"0":"post-43504","1":"product","2":"type-product","3":"status-publish","4":"has-post-thumbnail","6":"product_cat-akvavit-snaps-sv","7":"product_cat-brannvin-sv","8":"pa_land-norge-sv","9":"pa_procent-41-5-2-sv","10":"pa_producent-arcus-sv","11":"pa_volume-70-sv-2","13":"first","14":"instock","15":"sale","16":"taxable","17":"shipping-taxable","18":"purchasable","19":"product-type-simple"},"bundled_by":[],"bundle_stock_status":"instock","bundle_stock_quantity":null,"bundle_virtual":false,"bundle_layout":"","bundle_add_to_cart_form_location":"","bundle_editable_in_cart":false,"bundle_sold_individually_context":"","bundle_item_grouping":"","bundle_min_size":"","bundle_max_size":"","bundle_price":[],"bundled_items":[],"bundle_sell_ids":[],"acf":[],"_links":{"self":[{"href":"https:\/\/www.raschvin.com\/sv\/wp-json\/wp\/v2\/product\/43504","targetHints":{"allow":["GET"]}}],"collection":[{"href":"https:\/\/www.raschvin.com\/sv\/wp-json\/wp\/v2\/product"}],"about":[{"href":"https:\/\/www.raschvin.com\/sv\/wp-json\/wp\/v2\/types\/product"}],"wp:featuredmedia":[{"embeddable":true,"href":"https:\/\/www.raschvin.com\/sv\/wp-json\/wp\/v2\/media\/43537"}],"wp:attachment":[{"href":"https:\/\/www.raschvin.com\/sv\/wp-json\/wp\/v2\/media?parent=43504"}],"wp:term":[{"taxonomy":"product_brand","embeddable":true,"href":"https:\/\/www.raschvin.com\/sv\/wp-json\/wp\/v2\/product_brand?post=43504"},{"taxonomy":"product_cat","embeddable":true,"href":"https:\/\/www.raschvin.com\/sv\/wp-json\/wp\/v2\/product_cat?post=43504"},{"taxonomy":"product_tag","embeddable":true,"href":"https:\/\/www.raschvin.com\/sv\/wp-json\/wp\/v2\/product_tag?post=43504"}],"curies":[{"name":"wp","href":"https:\/\/api.w.org\/{rel}","templated":true}]}}