{"id":43487,"date":"2023-10-31T10:16:04","date_gmt":"2023-10-31T09:16:04","guid":{"rendered":"https:\/\/www.raschvin.com\/produkt\/drammen-aquavit-70-cl-40\/"},"modified":"2024-08-07T08:35:18","modified_gmt":"2024-08-07T06:35:18","slug":"drammen-aquavit-70-cl-40","status":"publish","type":"product","link":"https:\/\/www.raschvin.com\/sv\/produkt\/drammen-aquavit-70-cl-40\/","title":{"rendered":"Drammens Aquavit 70 cl. 40%"},"content":{"rendered":"<p>Drammens Aquavit \u00e4r en traditionell, norsk akvavit gjord p\u00e5 potatissprit med spiskummin som arom. Den lagras i 12 m\u00e5nader p\u00e5 ekfat innan den buteljeras och f\u00e5r d\u00e4rifr\u00e5n den vackra gyllene f\u00e4rgen och l\u00e4tt kryddiga toner av vanilj och ek, som passar bra till den friska spiskumminsmaken. En klassisk och mycket v\u00e4lgjord akvavit!<\/p>\n<p>F\u00e4rg: Ljus gyllene.<br \/>\nDoft: Vanilj, spiskummin och anis.<br \/>\nSmaknoter: Ganska fyllig med en markant s\u00f6tma och toner av spiskummin och vanilj.<\/p>\n<p>Serveringsf\u00f6rslag: Det sj\u00e4lvklara tillbeh\u00f6ret till saltad och torkad fisk. Njut av den l\u00e4tt kyld, men inte n\u00f6dv\u00e4ndigtvis iskall.<\/p>\n<p>Drammens Aquavit \u00e4r baserad p\u00e5 ett originalrecept fr\u00e5n Tandbergs Destilleri i Drammen. Det \u00e4r en mycket komplex och robust akvavit med en distinkt smak av anis. Doften k\u00e4nnetecknas av underbara vaniljtoner samt spiskummin, \u00f6rter och anis, samtidigt som avslutningen \u00e4r rik och fyllig med en uttalad s\u00f6tma.<\/p>\n<p>Arcus \u00e4r en av Nordens st\u00f6rsta vin- och spritdistribut\u00f6rer. F\u00f6retagets r\u00f6tter g\u00e5r tillbaka till 1800-talet, d\u00e5 handeln b\u00f6rjade med fat med akvavit, och det \u00e4r definitivt akvavit som \u00e4r Arcus st\u00f6rsta styrka idag \u2013 de \u00e4r nog en av de b\u00e4sta i disciplinen \u00f6verhuvudtaget!<\/p>\n<p>2012 k\u00f6pte Arcus De Danske Spritfabrikker och i deras imponerande portf\u00f6lj finns allts\u00e5 varum\u00e4rken som Aalborg Akvavit, Gammel Dansk och Braastad Cognac, f\u00f6rutom alla norska klassiker som Lysholm, L\u00f8iten, Gammel Opland och en stor m\u00e4ngd andra gamla, traditionella m\u00e4rken.<\/p>\n","protected":false},"excerpt":{"rendered":"<p>Drammens Aquavit \u00e4r en traditionell, norsk akvavit gjord p\u00e5 potatissprit med spiskummin som arom. Den lagras i 12 m\u00e5nader p\u00e5 ekfat innan den buteljeras och f\u00e5r d\u00e4rifr\u00e5n den vackra gyllene&#8230;<\/p>\n","protected":false},"featured_media":43510,"template":"","meta":{"_acf_changed":false,"rs_blank_template":"","rs_page_bg_color":"","slide_template_v7":""},"product_brand":[],"product_cat":[2393],"product_tag":[],"class_list":{"0":"post-43487","1":"product","2":"type-product","3":"status-publish","4":"has-post-thumbnail","6":"product_cat-akvavit-snaps-sv","7":"pa_land-norge-sv","8":"pa_procent-40-sv-2","9":"pa_producent-arcus-sv","10":"pa_volume-70-sv-2","12":"first","13":"instock","14":"sale","15":"taxable","16":"shipping-taxable","17":"purchasable","18":"product-type-simple"},"bundled_by":[],"bundle_stock_status":"instock","bundle_stock_quantity":null,"bundle_virtual":false,"bundle_layout":"","bundle_add_to_cart_form_location":"","bundle_editable_in_cart":false,"bundle_sold_individually_context":"","bundle_item_grouping":"","bundle_min_size":"","bundle_max_size":"","bundle_price":[],"bundled_items":[],"bundle_sell_ids":[],"acf":[],"_links":{"self":[{"href":"https:\/\/www.raschvin.com\/sv\/wp-json\/wp\/v2\/product\/43487","targetHints":{"allow":["GET"]}}],"collection":[{"href":"https:\/\/www.raschvin.com\/sv\/wp-json\/wp\/v2\/product"}],"about":[{"href":"https:\/\/www.raschvin.com\/sv\/wp-json\/wp\/v2\/types\/product"}],"wp:featuredmedia":[{"embeddable":true,"href":"https:\/\/www.raschvin.com\/sv\/wp-json\/wp\/v2\/media\/43510"}],"wp:attachment":[{"href":"https:\/\/www.raschvin.com\/sv\/wp-json\/wp\/v2\/media?parent=43487"}],"wp:term":[{"taxonomy":"product_brand","embeddable":true,"href":"https:\/\/www.raschvin.com\/sv\/wp-json\/wp\/v2\/product_brand?post=43487"},{"taxonomy":"product_cat","embeddable":true,"href":"https:\/\/www.raschvin.com\/sv\/wp-json\/wp\/v2\/product_cat?post=43487"},{"taxonomy":"product_tag","embeddable":true,"href":"https:\/\/www.raschvin.com\/sv\/wp-json\/wp\/v2\/product_tag?post=43487"}],"curies":[{"name":"wp","href":"https:\/\/api.w.org\/{rel}","templated":true}]}}