{"id":43481,"date":"2023-10-31T09:59:13","date_gmt":"2023-10-31T08:59:13","guid":{"rendered":"https:\/\/www.raschvin.com\/produkt\/kronborg-dram-70-cl-30\/"},"modified":"2024-12-09T18:40:31","modified_gmt":"2024-12-09T17:40:31","slug":"kronborg-dram-70-cl-30","status":"publish","type":"product","link":"https:\/\/www.raschvin.com\/sv\/produkt\/kronborg-dram-70-cl-30\/","title":{"rendered":"Kronborg Dram 70 cl. 30%"},"content":{"rendered":"<p>Med djupa toner av rom, en fruktig karakt\u00e4r fr\u00e5n svarta vinb\u00e4r och Sevilla-apelsin, samt en frisk s\u00f6tma fr\u00e5n apelsinen, balanserad av kryddig kryddnejlika och v\u00e4rmande kanel, erbjuder denna vintersnaps en njutbar symfoni av smaker. Subtila inslag av k\u00f6rsb\u00e4r ger en behaglig s\u00f6tma som harmoniserar med en delikat vaniljunderton. Denna distinkta vintersprit presenterar en v\u00e4lbalanserad smakprofil som p\u00e5minner om mysiga stunder vid elden, berikad med varma kryddor, fruktiga nyanser och en touch av kryddig s\u00f6tma. Det \u00e4r den perfekta f\u00f6ljeslagaren f\u00f6r att koppla av i lugna stunder och dela intima sammankomster under vinterm\u00e5naderna. Oavsett om den avnjuts p\u00e5 egen hand eller som en del av en v\u00e4lgjord cocktail, \u00e4r denna vintersprit gjord f\u00f6r att vara en v\u00e4lkommen h\u00f6jdpunkt vid alla tillf\u00e4llen.<\/p>\n<p>Kan \u00e4ven drickas varm som en shot med vispgr\u00e4dde p\u00e5 toppen och ett litet st\u00e4nk kanel ovanp\u00e5.<\/p>\n<p>Perfekt f\u00f6r dig som vill prova n\u00e5got unikt och lokalt fr\u00e5n Helsing\u00f6r. Utm\u00e4rkt som present till den som har allt och lite till.<\/p>\n<p>Endast framtagen f\u00f6r Rasch Vin &#038; Spiritus i samarbete med Bornholmsdestilleriet.<\/p>\n","protected":false},"excerpt":{"rendered":"<p>Local Danish Spirit from Helsing\u00f8r (Elsingor)<\/p>\n","protected":false},"featured_media":110007,"template":"","meta":{"_acf_changed":false,"rs_blank_template":"","rs_page_bg_color":"","slide_template_v7":""},"product_brand":[],"product_cat":[2394,2743,2407,2402],"product_tag":[],"class_list":{"0":"post-43481","1":"product","2":"type-product","3":"status-publish","4":"has-post-thumbnail","6":"product_cat-bitter-sv","7":"product_cat-brannvin-sv","8":"product_cat-shots-sv","9":"product_cat-sprit-sv","10":"pa_land-danmark-sv","11":"pa_procent-30-sv","12":"pa_producent-rasch-vin-spiritus-sv","13":"pa_region-nordsjaelland-sv","14":"pa_volume-70-sv-2","16":"first","17":"instock","18":"sale","19":"featured","20":"taxable","21":"shipping-taxable","22":"purchasable","23":"product-type-simple"},"bundled_by":[],"bundle_stock_status":"instock","bundle_stock_quantity":null,"bundle_virtual":false,"bundle_layout":"","bundle_add_to_cart_form_location":"","bundle_editable_in_cart":false,"bundle_sold_individually_context":"","bundle_item_grouping":"","bundle_min_size":"","bundle_max_size":"","bundle_price":[],"bundled_items":[],"bundle_sell_ids":[],"acf":[],"_links":{"self":[{"href":"https:\/\/www.raschvin.com\/sv\/wp-json\/wp\/v2\/product\/43481","targetHints":{"allow":["GET"]}}],"collection":[{"href":"https:\/\/www.raschvin.com\/sv\/wp-json\/wp\/v2\/product"}],"about":[{"href":"https:\/\/www.raschvin.com\/sv\/wp-json\/wp\/v2\/types\/product"}],"wp:featuredmedia":[{"embeddable":true,"href":"https:\/\/www.raschvin.com\/sv\/wp-json\/wp\/v2\/media\/110007"}],"wp:attachment":[{"href":"https:\/\/www.raschvin.com\/sv\/wp-json\/wp\/v2\/media?parent=43481"}],"wp:term":[{"taxonomy":"product_brand","embeddable":true,"href":"https:\/\/www.raschvin.com\/sv\/wp-json\/wp\/v2\/product_brand?post=43481"},{"taxonomy":"product_cat","embeddable":true,"href":"https:\/\/www.raschvin.com\/sv\/wp-json\/wp\/v2\/product_cat?post=43481"},{"taxonomy":"product_tag","embeddable":true,"href":"https:\/\/www.raschvin.com\/sv\/wp-json\/wp\/v2\/product_tag?post=43481"}],"curies":[{"name":"wp","href":"https:\/\/api.w.org\/{rel}","templated":true}]}}