{"id":43338,"date":"2025-10-23T18:43:48","date_gmt":"2025-10-23T16:43:48","guid":{"rendered":"https:\/\/www.raschvin.com\/produkt\/blossa-gloegg-alkoholfri-75-cl-04\/"},"modified":"2023-10-29T20:55:48","modified_gmt":"2023-10-29T19:55:48","slug":"blossa-gloegg-alkoholfri-75-cl-04","status":"publish","type":"product","link":"https:\/\/www.raschvin.com\/sv\/produkt\/blossa-gloegg-alkoholfri-75-cl-04\/","title":{"rendered":"Blossa Gl\u00f6gg &#8211; Alkoholfri 75 cl. 0,4%"},"content":{"rendered":"<p>Alkoholfri gl\u00f6gg, der \u00e4r inspirerad af Blossas klassiska gl\u00f6ggopskrift fra slutningen af 1800-tallet. Gl\u00f6ggen fremstilles af vin fra Sydeuropa, der afalkoholiseres varsomt, hvor- efter den blandes med druemost och klassiska gl\u00f6ggkrydderier. Resultatet \u00e4r en aromatisk gl\u00f6gg med fruktig duft med strejf af nelliker. BLOSSA Alkoholfri gl\u00f6gg har en s\u00f6t og rig smag, med antydning af kardemomme och nelliker. Serv\u00e9r gl\u00f6ggen rygende varm g\u00e4rna med rosiner og mandler.<br \/>\n75 cl..<\/p>\n<p>Blossa Gl\u00f8gg er en bred svensk serie, der rummer nordens st\u00f6rsta gl\u00f8gg m\u00e6rke. Med \u00f6ver 5 miljoner liter i f\u00f6rs\u00e4ljning i norden samt en kendskabsgrad p\u00e5 100% i Sverige, er Blossa et m\u00e4rke man inte kan komma udenom. Blossa \u00e4r konsumenternas absoluta favorit, och kvaliteten \u00e4r utan j\u00e4mf\u00f6relse med klassiska. Serien \u00e4r baserad p\u00e5 en uppskrift fr\u00e5n den sista del af 1900 tallet och forbliver en v\u00e4lbeskyttet hemlighet.<\/p>\n","protected":false},"excerpt":{"rendered":"<p>Non-Alcoholic Swedish Gl\u00f6gg<\/p>\n","protected":false},"featured_media":43364,"template":"","meta":{"_acf_changed":false,"rs_blank_template":"","rs_page_bg_color":"","slide_template_v7":""},"product_brand":[],"product_cat":[4430,4463,2788],"product_tag":[],"class_list":{"0":"post-43338","1":"product","2":"type-product","3":"status-publish","4":"has-post-thumbnail","6":"product_cat-glogg-sv","7":"product_cat-jul","8":"product_cat-vin-sv","9":"pa_alkoholfri-ja-sv","10":"pa_land-sverige-sv","11":"pa_procent-0-4-sv","12":"pa_producent-anora-group-sv","13":"pa_volume-75-sv","15":"first","16":"instock","17":"taxable","18":"shipping-taxable","19":"purchasable","20":"product-type-simple"},"bundled_by":[],"bundle_stock_status":"instock","bundle_stock_quantity":null,"bundle_virtual":false,"bundle_layout":"","bundle_add_to_cart_form_location":"","bundle_editable_in_cart":false,"bundle_sold_individually_context":"","bundle_item_grouping":"","bundle_min_size":"","bundle_max_size":"","bundle_price":[],"bundled_items":[],"bundle_sell_ids":[],"acf":[],"_links":{"self":[{"href":"https:\/\/www.raschvin.com\/sv\/wp-json\/wp\/v2\/product\/43338","targetHints":{"allow":["GET"]}}],"collection":[{"href":"https:\/\/www.raschvin.com\/sv\/wp-json\/wp\/v2\/product"}],"about":[{"href":"https:\/\/www.raschvin.com\/sv\/wp-json\/wp\/v2\/types\/product"}],"wp:featuredmedia":[{"embeddable":true,"href":"https:\/\/www.raschvin.com\/sv\/wp-json\/wp\/v2\/media\/43364"}],"wp:attachment":[{"href":"https:\/\/www.raschvin.com\/sv\/wp-json\/wp\/v2\/media?parent=43338"}],"wp:term":[{"taxonomy":"product_brand","embeddable":true,"href":"https:\/\/www.raschvin.com\/sv\/wp-json\/wp\/v2\/product_brand?post=43338"},{"taxonomy":"product_cat","embeddable":true,"href":"https:\/\/www.raschvin.com\/sv\/wp-json\/wp\/v2\/product_cat?post=43338"},{"taxonomy":"product_tag","embeddable":true,"href":"https:\/\/www.raschvin.com\/sv\/wp-json\/wp\/v2\/product_tag?post=43338"}],"curies":[{"name":"wp","href":"https:\/\/api.w.org\/{rel}","templated":true}]}}