{"id":43330,"date":"2025-10-23T18:40:59","date_gmt":"2025-10-23T16:40:59","guid":{"rendered":"https:\/\/www.raschvin.com\/produkt\/blossa-starkvinsgloegg-hvid-75-cl-15\/"},"modified":"2023-10-29T20:34:59","modified_gmt":"2023-10-29T19:34:59","slug":"blossa-starkvinsgloegg-hvid-75-cl-15","status":"publish","type":"product","link":"https:\/\/www.raschvin.com\/sv\/produkt\/blossa-starkvinsgloegg-hvid-75-cl-15\/","title":{"rendered":"Blossa Starkvinsgl\u00f6gg \u2013 Hvid 75 cl. 15%"},"content":{"rendered":"<p>Denna vita St\u00e6rkvinsgl\u00f8gg har en kryddig bukett med inslag av pepparkakor. Smaken \u00e4r rik med toner av julkryddor och russin med l\u00e5ng eftersmak. BLOSSA gl\u00f6gg g\u00f6rs efter ett hemligt recept som \u00e4r \u00f6ver 100 \u00e5r gammalt fr\u00e5n den k\u00e4nda vinhandlaren JD Gr\u00f6nstedt &#038; Co. De b\u00f6rjade tillverka gl\u00f6gg 1917 och receptet har inte \u00e4ndrats sedan dess. Vit gl\u00f6gg \u00e4r gjord p\u00e5 ett aromatiskt muscatvin smaksatt med BLOSSAs klassiska gl\u00f6ggkryddor. Servera rykande het med russin och mandel. Eller prova n\u00e5got annat och njut av det kylt med en limeskiva till julgodis och n\u00f6tter.<br \/>\n75 cl..<\/p>\n<p>Blossa Gl\u00f8gg \u00e4r en bred svensk serie som omfattar Nordens st\u00f6rsta varum\u00e4rke av gl\u00f6gg. Med \u00f6ver 5 miljoner liter s\u00e5lda i Norden och en 100% bekanthet i Sverige \u00e4r Blossa ett varum\u00e4rke du inte kan undvika. Blossa \u00e4r konsumenternas absoluta favorit, och kvaliteten \u00e4r oj\u00e4mf\u00f6rlig med de klassiska. Serien bygger p\u00e5 ett recept fr\u00e5n senare delen av 1900-talet och f\u00f6rblir en v\u00e4l bevarad hemlighet.<\/p>\n","protected":false},"excerpt":{"rendered":"<p>Classic Swedish White \u201cGl\u00f6gg\u201d<\/p>\n","protected":false},"featured_media":43367,"template":"","meta":{"_acf_changed":false,"rs_blank_template":"","rs_page_bg_color":"","slide_template_v7":""},"product_brand":[],"product_cat":[2788,4430,4463],"product_tag":[],"class_list":{"0":"post-43330","1":"product","2":"type-product","3":"status-publish","4":"has-post-thumbnail","6":"product_cat-vin-sv","7":"product_cat-glogg-sv","8":"product_cat-jul","9":"pa_land-sverige-sv","10":"pa_procent-15-sv","11":"pa_producent-anora-group-sv","12":"pa_volume-75-sv","14":"first","15":"outofstock","16":"taxable","17":"shipping-taxable","18":"purchasable","19":"product-type-simple"},"bundled_by":[],"bundle_stock_status":"outofstock","bundle_stock_quantity":null,"bundle_virtual":false,"bundle_layout":"","bundle_add_to_cart_form_location":"","bundle_editable_in_cart":false,"bundle_sold_individually_context":"","bundle_item_grouping":"","bundle_min_size":"","bundle_max_size":"","bundle_price":[],"bundled_items":[],"bundle_sell_ids":[],"acf":[],"_links":{"self":[{"href":"https:\/\/www.raschvin.com\/sv\/wp-json\/wp\/v2\/product\/43330","targetHints":{"allow":["GET"]}}],"collection":[{"href":"https:\/\/www.raschvin.com\/sv\/wp-json\/wp\/v2\/product"}],"about":[{"href":"https:\/\/www.raschvin.com\/sv\/wp-json\/wp\/v2\/types\/product"}],"wp:featuredmedia":[{"embeddable":true,"href":"https:\/\/www.raschvin.com\/sv\/wp-json\/wp\/v2\/media\/43367"}],"wp:attachment":[{"href":"https:\/\/www.raschvin.com\/sv\/wp-json\/wp\/v2\/media?parent=43330"}],"wp:term":[{"taxonomy":"product_brand","embeddable":true,"href":"https:\/\/www.raschvin.com\/sv\/wp-json\/wp\/v2\/product_brand?post=43330"},{"taxonomy":"product_cat","embeddable":true,"href":"https:\/\/www.raschvin.com\/sv\/wp-json\/wp\/v2\/product_cat?post=43330"},{"taxonomy":"product_tag","embeddable":true,"href":"https:\/\/www.raschvin.com\/sv\/wp-json\/wp\/v2\/product_tag?post=43330"}],"curies":[{"name":"wp","href":"https:\/\/api.w.org\/{rel}","templated":true}]}}