{"id":43327,"date":"2025-10-23T18:30:32","date_gmt":"2025-10-23T16:30:32","guid":{"rendered":"https:\/\/www.raschvin.com\/produkt\/blossa-trestjaernig-brons-m-whisky-50-cl-21\/"},"modified":"2023-10-29T20:18:32","modified_gmt":"2023-10-29T19:18:32","slug":"blossa-trestjaernig-brons-m-whisky-50-cl-21","status":"publish","type":"product","link":"https:\/\/www.raschvin.com\/sv\/produkt\/blossa-trestjaernig-brons-m-whisky-50-cl-21\/","title":{"rendered":"Blossa Trestj\u00e4rnig *** Brons m. Whisky 50 cl. 21%"},"content":{"rendered":"<p>Trestj\u00e4rnig Bronze\/Brons \u00e4r gjord p\u00e5 whisky, vilket ger denna gl\u00f6gg en kryddig arom och rund, mild r\u00f6kig eftersmak. Smak- och aromnyanser av torkad frukt och apelsin tillsammans med de klassiska ingredienserna fr\u00e5n Blossa Gl\u00f6gg; kanel, kardemumma och kryddnejlika.<br \/>\n50 cl..<\/p>\n<p>Match<\/p>\n<p>Servera Blossa Trestj\u00e4rnig Brons i rumstemperatur eller varm som avec med kaffe, choklad eller julgodis.<\/p>\n<p>Blossa Gl\u00f8gg \u00e4r en bred svensk serie som omfattar Nordens st\u00f6rsta varum\u00e4rke av gl\u00f6gg. Med \u00f6ver 5 miljoner liter s\u00e5lda i Norden och en 100% bekanthet i Sverige \u00e4r Blossa ett varum\u00e4rke du inte kan undvika. Blossa \u00e4r konsumenternas absoluta favorit, och kvaliteten \u00e4r oj\u00e4mf\u00f6rlig med de klassiska. Serien bygger p\u00e5 ett recept fr\u00e5n senare delen av 1900-talet och f\u00f6rblir en v\u00e4l bevarad hemlighet.<\/p>\n","protected":false},"excerpt":{"rendered":"<p>Swedish Blossa Gl\u00f6gg Flavored With Whisky<\/p>\n","protected":false},"featured_media":43370,"template":"","meta":{"_acf_changed":false,"rs_blank_template":"","rs_page_bg_color":"","slide_template_v7":""},"product_brand":[],"product_cat":[4430,4463,2788],"product_tag":[],"class_list":{"0":"post-43327","1":"product","2":"type-product","3":"status-publish","4":"has-post-thumbnail","6":"product_cat-glogg-sv","7":"product_cat-jul","8":"product_cat-vin-sv","9":"pa_land-sverige-sv","10":"pa_procent-21-sv","11":"pa_producent-anora-sv","12":"pa_volume-50-sv","14":"first","15":"instock","16":"taxable","17":"shipping-taxable","18":"purchasable","19":"product-type-simple"},"bundled_by":[],"bundle_stock_status":"instock","bundle_stock_quantity":null,"bundle_virtual":false,"bundle_layout":"","bundle_add_to_cart_form_location":"","bundle_editable_in_cart":false,"bundle_sold_individually_context":"","bundle_item_grouping":"","bundle_min_size":"","bundle_max_size":"","bundle_price":[],"bundled_items":[],"bundle_sell_ids":[],"acf":[],"_links":{"self":[{"href":"https:\/\/www.raschvin.com\/sv\/wp-json\/wp\/v2\/product\/43327","targetHints":{"allow":["GET"]}}],"collection":[{"href":"https:\/\/www.raschvin.com\/sv\/wp-json\/wp\/v2\/product"}],"about":[{"href":"https:\/\/www.raschvin.com\/sv\/wp-json\/wp\/v2\/types\/product"}],"wp:featuredmedia":[{"embeddable":true,"href":"https:\/\/www.raschvin.com\/sv\/wp-json\/wp\/v2\/media\/43370"}],"wp:attachment":[{"href":"https:\/\/www.raschvin.com\/sv\/wp-json\/wp\/v2\/media?parent=43327"}],"wp:term":[{"taxonomy":"product_brand","embeddable":true,"href":"https:\/\/www.raschvin.com\/sv\/wp-json\/wp\/v2\/product_brand?post=43327"},{"taxonomy":"product_cat","embeddable":true,"href":"https:\/\/www.raschvin.com\/sv\/wp-json\/wp\/v2\/product_cat?post=43327"},{"taxonomy":"product_tag","embeddable":true,"href":"https:\/\/www.raschvin.com\/sv\/wp-json\/wp\/v2\/product_tag?post=43327"}],"curies":[{"name":"wp","href":"https:\/\/api.w.org\/{rel}","templated":true}]}}