{"id":43318,"date":"2023-10-29T19:34:30","date_gmt":"2023-10-29T18:34:30","guid":{"rendered":"https:\/\/www.raschvin.com\/produkt\/hpnotiq-70-cl-17\/"},"modified":"2023-10-29T19:34:30","modified_gmt":"2023-10-29T18:34:30","slug":"hpnotiq-70-cl-17","status":"publish","type":"product","link":"https:\/\/www.raschvin.com\/sv\/produkt\/hpnotiq-70-cl-17\/","title":{"rendered":"Hpnotiq 70 cl. 17%"},"content":{"rendered":"<p>En lockande akvamarinblandning av fransk vodka och konjak, Hpnotiq Blue Liqueur \u00e4r spr\u00e4ngfylld med fruktiga smaker av s\u00f6t apelsin och exotisk passionsfrukt. Dj\u00e4rv, upplyftande och l\u00e4tt att dricka, l\u00e5t dig hypnotiseras av en flaska Hpnotiq Blue.<\/p>\n<p>L\u00e5t dig hypnotiseras av en flaska Hpnotiq Blue Liqueur&#8230;<\/p>\n<p>Med sin i\u00f6gonfallande bl\u00e5 f\u00e4rg och f\u00f6rstklassiga blandning av fransk vodka och en touch av konjak, \u00e4r denna lockande akvamarinlik\u00f6r full av mjuk sofistikering, lyfts upp med exotiska toppar av s\u00f6t apelsin och exotisk passionsfrukt.<\/p>\n<p>Det h\u00e4r \u00e4r en lik\u00f6r som har t\u00e4njt gr\u00e4nserna med sin innovativa skapelse &#8211; och det har l\u00f6nat sig. Den unika andan har haft o\u00f6vertr\u00e4ffad kulturell framg\u00e5ng \u00f6ver hela v\u00e4rlden och \u00e4r nu en fast favorit p\u00e5 k\u00e4ndiskretsen \u00f6ver Atlanten.<\/p>\n<p>Ljus, dj\u00e4rv, upplyftande och l\u00e4tt att dricka, faller under f\u00f6rtrollningen av Hpnotiq Blue Liqueur.<\/p>\n<p>Perfekt servering \u2013 Purple Haze: I en cocktailshaker av is, l\u00e4gg till en shot Hpnotiq Blue Liqueur, en skv\u00e4tt konjak, en skv\u00e4tt ananasjuice och en skv\u00e4tt bl\u00e5b\u00e4rsvodka. Skaka, sila \u00f6ver ett highballglas med is och fyll p\u00e5 med Blueberry Red Bull.<\/p>\n","protected":false},"excerpt":{"rendered":"<p>French Vodka-Cognac Fruit Liqueur <\/p>\n","protected":false},"featured_media":43352,"template":"","meta":{"_acf_changed":false,"rs_blank_template":"","rs_page_bg_color":"","slide_template_v7":""},"product_brand":[],"product_cat":[2387,2390,4670,4716],"product_tag":[],"class_list":{"0":"post-43318","1":"product","2":"type-product","3":"status-publish","4":"has-post-thumbnail","6":"product_cat-avec-sv","7":"product_cat-sprit","8":"product_cat-frukt","9":"product_cat-andra-likorer","10":"pa_land-frankrike","11":"pa_procent-17-sv","12":"pa_producent-heaven-hill-distillery-sv","13":"pa_volume-70-sv-2","15":"first","16":"instock","17":"sale","18":"taxable","19":"shipping-taxable","20":"purchasable","21":"product-type-simple"},"bundled_by":[],"bundle_stock_status":"instock","bundle_stock_quantity":null,"bundle_virtual":false,"bundle_layout":"","bundle_add_to_cart_form_location":"","bundle_editable_in_cart":false,"bundle_sold_individually_context":"","bundle_item_grouping":"","bundle_min_size":"","bundle_max_size":"","bundle_price":[],"bundled_items":[],"bundle_sell_ids":[],"acf":[],"_links":{"self":[{"href":"https:\/\/www.raschvin.com\/sv\/wp-json\/wp\/v2\/product\/43318","targetHints":{"allow":["GET"]}}],"collection":[{"href":"https:\/\/www.raschvin.com\/sv\/wp-json\/wp\/v2\/product"}],"about":[{"href":"https:\/\/www.raschvin.com\/sv\/wp-json\/wp\/v2\/types\/product"}],"wp:featuredmedia":[{"embeddable":true,"href":"https:\/\/www.raschvin.com\/sv\/wp-json\/wp\/v2\/media\/43352"}],"wp:attachment":[{"href":"https:\/\/www.raschvin.com\/sv\/wp-json\/wp\/v2\/media?parent=43318"}],"wp:term":[{"taxonomy":"product_brand","embeddable":true,"href":"https:\/\/www.raschvin.com\/sv\/wp-json\/wp\/v2\/product_brand?post=43318"},{"taxonomy":"product_cat","embeddable":true,"href":"https:\/\/www.raschvin.com\/sv\/wp-json\/wp\/v2\/product_cat?post=43318"},{"taxonomy":"product_tag","embeddable":true,"href":"https:\/\/www.raschvin.com\/sv\/wp-json\/wp\/v2\/product_tag?post=43318"}],"curies":[{"name":"wp","href":"https:\/\/api.w.org\/{rel}","templated":true}]}}