{"id":43312,"date":"2023-10-29T19:10:24","date_gmt":"2023-10-29T18:10:24","guid":{"rendered":"https:\/\/www.raschvin.com\/produkt\/grappa-julia-superiore-70-cl-38\/"},"modified":"2023-10-29T19:10:24","modified_gmt":"2023-10-29T18:10:24","slug":"grappa-julia-superiore-70-cl-38","status":"publish","type":"product","link":"https:\/\/www.raschvin.com\/sv\/produkt\/grappa-julia-superiore-70-cl-38\/","title":{"rendered":"Grappa Julia Superiore 70 cl. 38%"},"content":{"rendered":"<p>Alla som har provat Grappa JULIA Superiore kommer att bli f\u00f6rv\u00e5nade. H\u00e4r kan du uppleva en helt mjuk och mild grappa som f\u00f6rm\u00e5r \u00f6vertyga finsmakare och experter. Ta Grappa JULIA Superiore och njut av en bra bit av den ursprungliga italienska livsstilen.<\/p>\n<p>Grappan har en fr\u00e4sch och fyllig smak och en distinkt bukett. Endast druvor fr\u00e5n de b\u00e4sta odlingsomr\u00e5dena i Italien utg\u00f6r grunden f\u00f6r Grappa JULIA Superiore. Denna druvpressrester \u00e5terfinns ocks\u00e5 tydligt i den fina buketten.<br \/>\nUtvalda destillat kombineras av m\u00e4starh\u00e4nder och utg\u00f6r i kombination med den sex m\u00e5nader l\u00e5nga mognadsperioden grunden till den utm\u00e4rkta grappan. Erbjud inte bara dina g\u00e4ster grappa, ge dem Grappa JULIA Superiore.<\/p>\n","protected":false},"excerpt":{"rendered":"<p>Grappa Cristallina Imbottigliata Pura<\/p>\n","protected":false},"featured_media":43400,"template":"","meta":{"_acf_changed":false,"rs_blank_template":"","rs_page_bg_color":"","slide_template_v7":""},"product_brand":[],"product_cat":[2397],"product_tag":[],"class_list":{"0":"post-43312","1":"product","2":"type-product","3":"status-publish","4":"has-post-thumbnail","6":"product_cat-grappa-sv","7":"pa_champagne-type-giovane-white-sv","8":"pa_land-italien-sv","9":"pa_procent-38-sv","10":"pa_producent-stock-sv","11":"pa_volume-70-sv-2","13":"first","14":"instock","15":"sale","16":"taxable","17":"shipping-taxable","18":"purchasable","19":"product-type-simple"},"bundled_by":[],"bundle_stock_status":"instock","bundle_stock_quantity":null,"bundle_virtual":false,"bundle_layout":"","bundle_add_to_cart_form_location":"","bundle_editable_in_cart":false,"bundle_sold_individually_context":"","bundle_item_grouping":"","bundle_min_size":"","bundle_max_size":"","bundle_price":[],"bundled_items":[],"bundle_sell_ids":[],"acf":[],"_links":{"self":[{"href":"https:\/\/www.raschvin.com\/sv\/wp-json\/wp\/v2\/product\/43312","targetHints":{"allow":["GET"]}}],"collection":[{"href":"https:\/\/www.raschvin.com\/sv\/wp-json\/wp\/v2\/product"}],"about":[{"href":"https:\/\/www.raschvin.com\/sv\/wp-json\/wp\/v2\/types\/product"}],"wp:featuredmedia":[{"embeddable":true,"href":"https:\/\/www.raschvin.com\/sv\/wp-json\/wp\/v2\/media\/43400"}],"wp:attachment":[{"href":"https:\/\/www.raschvin.com\/sv\/wp-json\/wp\/v2\/media?parent=43312"}],"wp:term":[{"taxonomy":"product_brand","embeddable":true,"href":"https:\/\/www.raschvin.com\/sv\/wp-json\/wp\/v2\/product_brand?post=43312"},{"taxonomy":"product_cat","embeddable":true,"href":"https:\/\/www.raschvin.com\/sv\/wp-json\/wp\/v2\/product_cat?post=43312"},{"taxonomy":"product_tag","embeddable":true,"href":"https:\/\/www.raschvin.com\/sv\/wp-json\/wp\/v2\/product_tag?post=43312"}],"curies":[{"name":"wp","href":"https:\/\/api.w.org\/{rel}","templated":true}]}}