{"id":43110,"date":"2023-10-29T17:22:47","date_gmt":"2023-10-29T16:22:47","guid":{"rendered":"https:\/\/www.raschvin.com\/produkt\/fanoe-imperial-jule-porter-50-cl-98\/"},"modified":"2023-10-29T17:22:47","modified_gmt":"2023-10-29T16:22:47","slug":"fanoe-imperial-jule-porter-50-cl-98","status":"publish","type":"product","link":"https:\/\/www.raschvin.com\/sv\/produkt\/fanoe-imperial-jule-porter-50-cl-98\/","title":{"rendered":"Fan\u00f8 Imperial Jule Porter 50 cl. 9,8%"},"content":{"rendered":"<p>Titel: Imperial Christmas Porter<\/p>\n<p>Stil: Imperial Spiced Porter<\/p>\n<p>Smakanteckningar\/etiketttext: Du har varit bra hela \u00e5ret och nu \u00e4r det dags att sk\u00f6rda bel\u00f6ningen. Fan\u00f8s Imperial Jule Porter bryggs med kaffe och kanel innan den h\u00e4lls p\u00e5 hela Arabica-kaffeb\u00f6nor och polynesiska vaniljb\u00f6nor. De behagliga, tydliga aromerna av kanel, choklad och kaffe ger detta \u00f6l en varm introduktion, som snart f\u00f6ljs av den extra smaken av vanilj som fl\u00e4tas samman med kaffet och kanelen som s\u00e5 tydligt utlovas i doften. S\u00e5 dansa runt granen och fira att \u00e4nnu ett \u00e5r g\u00e5tt!<\/p>\n<p>ABV: 9,8 %<br \/>\nIBU: 36<\/p>\n<p>Malt: Pale Ale Malt, Munich Malt, Abbey Malt, Carahell, CaraAroma, Carafa II, Choklad Malt, Carafa S. III, Havre<\/p>\n<p>Vem: Columbus<br \/>\nTillskott: Kanel, kaffe, vaniljb\u00f6nor<\/p>\n<p>Doft: Kaffe, kanel, vanilj<\/p>\n<p>J\u00e4st: WLP001<\/p>\n<p>Passar bra till: Ost-, n\u00f6t- eller lammr\u00e4tter, julkakor<br \/>\nFlaskstorlek: 50cl<br \/>\nTillg\u00e4nglighet: Flaska och utkast (20L\/30L)<br \/>\nSG: 24 P<br \/>\nFG: 6,75P<\/p>\n","protected":false},"excerpt":{"rendered":"<p>Fan\u00f8 Bryghus \u2013 Denmark<\/p>\n","protected":false},"featured_media":43246,"template":"","meta":{"_acf_changed":false,"rs_blank_template":"","rs_page_bg_color":"","slide_template_v7":""},"product_brand":[],"product_cat":[4463,2801,4783],"product_tag":[],"class_list":{"0":"post-43110","1":"product","2":"type-product","3":"status-publish","4":"has-post-thumbnail","6":"product_cat-jul","7":"product_cat-oel-sv","8":"product_cat-stout-sv","9":"pa_champagne-type-porter-sv","10":"pa_land-danmark-sv","11":"pa_procent-9-8-sv","12":"pa_producent-fanoe-bryghus-sv","13":"pa_region-fanoe-sv","14":"pa_serveringstemperatur-14-16-sv","15":"pa_volume-50-sv","17":"first","18":"instock","19":"taxable","20":"shipping-taxable","21":"purchasable","22":"product-type-simple"},"bundled_by":[],"bundle_stock_status":"instock","bundle_stock_quantity":null,"bundle_virtual":false,"bundle_layout":"","bundle_add_to_cart_form_location":"","bundle_editable_in_cart":false,"bundle_sold_individually_context":"","bundle_item_grouping":"","bundle_min_size":"","bundle_max_size":"","bundle_price":[],"bundled_items":[],"bundle_sell_ids":[],"acf":[],"_links":{"self":[{"href":"https:\/\/www.raschvin.com\/sv\/wp-json\/wp\/v2\/product\/43110","targetHints":{"allow":["GET"]}}],"collection":[{"href":"https:\/\/www.raschvin.com\/sv\/wp-json\/wp\/v2\/product"}],"about":[{"href":"https:\/\/www.raschvin.com\/sv\/wp-json\/wp\/v2\/types\/product"}],"wp:featuredmedia":[{"embeddable":true,"href":"https:\/\/www.raschvin.com\/sv\/wp-json\/wp\/v2\/media\/43246"}],"wp:attachment":[{"href":"https:\/\/www.raschvin.com\/sv\/wp-json\/wp\/v2\/media?parent=43110"}],"wp:term":[{"taxonomy":"product_brand","embeddable":true,"href":"https:\/\/www.raschvin.com\/sv\/wp-json\/wp\/v2\/product_brand?post=43110"},{"taxonomy":"product_cat","embeddable":true,"href":"https:\/\/www.raschvin.com\/sv\/wp-json\/wp\/v2\/product_cat?post=43110"},{"taxonomy":"product_tag","embeddable":true,"href":"https:\/\/www.raschvin.com\/sv\/wp-json\/wp\/v2\/product_tag?post=43110"}],"curies":[{"name":"wp","href":"https:\/\/api.w.org\/{rel}","templated":true}]}}