{"id":43104,"date":"2023-10-29T17:02:21","date_gmt":"2023-10-29T16:02:21","guid":{"rendered":"https:\/\/www.raschvin.com\/produkt\/midtfyns-santas-ipa-50-cl-65\/"},"modified":"2023-10-29T17:02:21","modified_gmt":"2023-10-29T16:02:21","slug":"midtfyns-santas-ipa-50-cl-65","status":"publish","type":"product","link":"https:\/\/www.raschvin.com\/sv\/produkt\/midtfyns-santas-ipa-50-cl-65\/","title":{"rendered":"Midtfyns Santas IPA 50 cl. 6,5%"},"content":{"rendered":"<p>En gyllene India Pale Ale med ett vitt skum. Denna \u00f6l \u00e4r rikligt humlad med Simcoe och Cascade f\u00f6r att ge en bra balans mellan malt och humle. \u00d6let \u00e4r fr\u00e4scht med toner av citrus och granbarr, som passar bra till den danska jullunchen.<\/p>\n<p>Alc. 6,5% vol.<br \/>\nServeringstemperatur 6-8 grader<br \/>\nInneh\u00e5ller: Kornmalt<br \/>\nFlaskans inneh\u00e5ll motsvarar 2,1 f\u00f6rem\u00e5l.<br \/>\nKj\/100ml: 224<br \/>\nKcal\/100 ml: 54<\/p>\n<p>Midtfyns Bryghus grundades 2004, och \u00e4r inrymt i en nedlagd slakteri i Brobyv\u00e6rk, varifr\u00e5n den f\u00f6rsta \u00f6len skickas till marknaden 2005. Inledningsvis fokuserar bryggeriet p\u00e5 att brygga \u00f6l av skotskt ursprung p\u00e5 licens, och producerar de tv\u00e5 \u00f6len Moulin Ale och Braveheart, som \u00e4r de enda \u00f6len som bryggeriet erbjuder under sitt f\u00f6rsta \u00e5r av existens. 2006 tas bryggeriet \u00f6ver av Eddie Szweda, som \u00e4ger bryggeriet \u00e4n idag. Samma \u00e5r lanserar Midtfyns Bryggeri sina Stout, Ale och Wheat. \u00c5ret d\u00e4rp\u00e5 ut\u00f6kas sortimentet ytterligare d\u00e5 Midtfyns Bryghus lanserar totalt sex nya \u00f6l p\u00e5 marknaden; Imperial Stout, IPA, Double IPA, Easter Brew, Christmas Ale och Christmas Stout. Imperial Stout utses d\u00e4refter till \u00e5rets \u00f6lnyhet 2007.<br \/>\n2007 blir ocks\u00e5 \u00e5ret Midtfyns Bryghus f\u00e5r Hollywood p\u00e5 ryggen. Filmbolaget bakom Mel Gibson-filmen &#8221;Braveheart&#8221; kommer inte acceptera att Midtfyns Bryggeri producerar en \u00f6l som delar sitt namn med filmen, trots att samma \u00f6l har producerats utan problem i Skottland i 10 \u00e5r. Beslutet att ta Moulin Ale och Braveheart ur produktion var redan fattat, men Midtfyns Bryghus v\u00e4ljer att kasta ut \u00e4rendet till pressen och f\u00e5r imponerande mycket spaltutrymme och publicitet f\u00f6r de 10 000 DKK som Midtfyns Bryghus i slut\u00e4ndan f\u00e5r betala betala i ers\u00e4ttning.<br \/>\nEtt samarbete med danska Arsenal-fanklubben ser dagens ljus 2008. Midtfyns Bryghus lanserar Gunners Ale, en r\u00f6d ale, d\u00e4r den vita f\u00e4rgen p\u00e5 skummet och den r\u00f6da nyansen p\u00e5 \u00f6len matchas till f\u00e4rgerna i Arsenals klubbf\u00e4rger. Samma \u00e5r lanseras Wit. Chili Tripel och Barley Wine kommer att lanseras 2009, Chili Tripel kommer att utses till \u00e5rets \u00f6lnyhet 2009 p\u00e5 Danska \u00d6lentusiasters bolagsst\u00e4mma i b\u00f6rjan av 2010.<br \/>\nP\u00e5 Danska \u00d6lentusiasters \u00f6lfestival 2010 delade Midtfyns Bryghus monter med det holl\u00e4ndska bryggeriet Brouwerrij De Molen. Den matchen blev s\u00e5 lyckad att bryggarna fr\u00e5n de tv\u00e5 bryggerierna kom \u00f6verens om att brygga en \u00f6l tillsammans. Resultatet, X-Porter, var f\u00f6rst<\/p>\n","protected":false},"excerpt":{"rendered":"<p>Midtfyns Bryghus \u2013 Denmark<\/p>\n","protected":false},"featured_media":43291,"template":"","meta":{"_acf_changed":false,"rs_blank_template":"","rs_page_bg_color":"","slide_template_v7":""},"product_brand":[],"product_cat":[2813,4463,2801],"product_tag":[],"class_list":{"0":"post-43104","1":"product","2":"type-product","3":"status-publish","4":"has-post-thumbnail","6":"product_cat-ipa-sv","7":"product_cat-jul","8":"product_cat-oel-sv","9":"pa_champagne-type-india-pale-ale-sv","10":"pa_land-danmark-sv","11":"pa_procent-6-5-sv","12":"pa_producent-midtfyns-bryghus-sv","13":"pa_region-fyn-sv","14":"pa_serveringstemperatur-6-8-sv","15":"pa_volume-50-sv","17":"first","18":"outofstock","19":"taxable","20":"shipping-taxable","21":"purchasable","22":"product-type-simple"},"bundled_by":[],"bundle_stock_status":"outofstock","bundle_stock_quantity":null,"bundle_virtual":false,"bundle_layout":"","bundle_add_to_cart_form_location":"","bundle_editable_in_cart":false,"bundle_sold_individually_context":"","bundle_item_grouping":"","bundle_min_size":"","bundle_max_size":"","bundle_price":[],"bundled_items":[],"bundle_sell_ids":[],"acf":[],"_links":{"self":[{"href":"https:\/\/www.raschvin.com\/sv\/wp-json\/wp\/v2\/product\/43104","targetHints":{"allow":["GET"]}}],"collection":[{"href":"https:\/\/www.raschvin.com\/sv\/wp-json\/wp\/v2\/product"}],"about":[{"href":"https:\/\/www.raschvin.com\/sv\/wp-json\/wp\/v2\/types\/product"}],"wp:featuredmedia":[{"embeddable":true,"href":"https:\/\/www.raschvin.com\/sv\/wp-json\/wp\/v2\/media\/43291"}],"wp:attachment":[{"href":"https:\/\/www.raschvin.com\/sv\/wp-json\/wp\/v2\/media?parent=43104"}],"wp:term":[{"taxonomy":"product_brand","embeddable":true,"href":"https:\/\/www.raschvin.com\/sv\/wp-json\/wp\/v2\/product_brand?post=43104"},{"taxonomy":"product_cat","embeddable":true,"href":"https:\/\/www.raschvin.com\/sv\/wp-json\/wp\/v2\/product_cat?post=43104"},{"taxonomy":"product_tag","embeddable":true,"href":"https:\/\/www.raschvin.com\/sv\/wp-json\/wp\/v2\/product_tag?post=43104"}],"curies":[{"name":"wp","href":"https:\/\/api.w.org\/{rel}","templated":true}]}}