{"id":43084,"date":"2023-10-29T16:06:39","date_gmt":"2023-10-29T15:06:39","guid":{"rendered":"https:\/\/www.raschvin.com\/produkt\/fanoe-julebryg-porter-50-cl-75\/"},"modified":"2023-10-29T16:06:39","modified_gmt":"2023-10-29T15:06:39","slug":"fanoe-julebryg-porter-50-cl-75","status":"publish","type":"product","link":"https:\/\/www.raschvin.com\/sv\/produkt\/fanoe-julebryg-porter-50-cl-75\/","title":{"rendered":"Fan\u00f8 Julebryg &#8211; Porter 50 cl. 7,5%"},"content":{"rendered":"<p>Fan\u00f8 Julebryg 7,5% \u2013 Fan\u00f8 Bryghus<\/p>\n<p>Fan\u00f8 Julebryg \u00e4r kolsvart i glaset och med kr\u00e4migt skum, m\u00f6rk som en julnatt p\u00e5 Fan\u00f8. S\u00f6t, men \u00e4nd\u00e5 kryddig.<br \/>\nPerfekt f\u00f6r en decemberkv\u00e4ll med Nordsj\u00f6ns v\u00e5gor i bakgrunden. Eller helt enkelt med ett t\u00e4nt ljus och glimten i \u00f6gat.<br \/>\n\u00d6len \u00e4r bryggd med rikliga m\u00e4ngder f\u00e4rska vaniljb\u00f6nor, uts\u00f6kt kaffe och en touch av kanel, vilket g\u00f6r denna kryddiga porter helt perfekt. Den ser bra ut med sin karamellf\u00e4rgade skumkrona.<\/p>\n<p>Typ: Porter<\/p>\n<p>Om bryggeriet:<br \/>\nMikrobryggeriet Fan\u00f8 Bryghus, som ligger p\u00e5 den lilla \u00f6n utanf\u00f6r Jyllands kust, vinner titeln \u00c5rets danska bryggeri 2021. Fan\u00f8 Bryghus nominerades av hela fem lokalavdelningar; Varde, Esbjerg, S\u00f8nderborg, Middelfart och Ribe.<br \/>\nFan\u00f8 Bryghus har funnits sedan 2009, men fick nya \u00e4gare 2018, med Sofie Janson som direkt\u00f6r. Bakom bryggeriet st\u00e5r Steve Rold, som kom fr\u00e5n USA till Fan\u00f8 f\u00f6r att brygga \u00f6l. Det var inte f\u00f6rr\u00e4n 2018 som det tog fart p\u00e5 riktigt med en ny, lokal \u00e4gargrupp som l\u00e4t bryggm\u00e4staren Steve Rold brygga den \u00f6l han ville ha.<br \/>\nFan\u00f8 Bryghus \u00e4r bl.a. k\u00e4nda f\u00f6r sina Mango Mussolini, Red Wedding, och sedan sina kreativa etiketter, som ofta tillsammans med \u00f6lens titel speglar lite av dansk historia.<\/p>\n<p>Bryggeriet har ett v\u00e4ldigt brett utbud och \u00e4r inte r\u00e4dd f\u00f6r att prova nya saker n\u00e4r det g\u00e4ller smak och sammans\u00e4ttning. H\u00e4r har den vanliga konsumenten m\u00f6jlighet att smaka gott \u00f6l i alla dess skepnader. Genom sitt fantastiska bryggeri och \u00e5terf\u00f6rs\u00e4ljare har de lyckats f\u00f6ra dessa m\u00e5nga sorter till gemene man och s\u00e4tta Syddanmark p\u00e5 &#8217;\u00f6lkartan&#8217;.<br \/>\nFan\u00f8 Bryghus har utsetts till \u00c5rets bryggeri 2021.<\/p>\n","protected":false},"excerpt":{"rendered":"<p>Fan\u00f8 Bryghus \u2013 Denmark<\/p>\n","protected":false},"featured_media":43222,"template":"","meta":{"_acf_changed":false,"rs_blank_template":"","rs_page_bg_color":"","slide_template_v7":""},"product_brand":[],"product_cat":[4463,2801,4783],"product_tag":[],"class_list":{"0":"post-43084","1":"product","2":"type-product","3":"status-publish","4":"has-post-thumbnail","6":"product_cat-jul","7":"product_cat-oel-sv","8":"product_cat-stout-sv","9":"pa_champagne-type-porter-sv","10":"pa_land-danmark-sv","11":"pa_procent-7-5-sv","12":"pa_producent-fanoe-bryghus-sv","13":"pa_region-fanoe-sv","14":"pa_serveringstemperatur-20-22-sv","15":"pa_volume-50-sv","17":"first","18":"instock","19":"taxable","20":"shipping-taxable","21":"purchasable","22":"product-type-simple"},"bundled_by":[],"bundle_stock_status":"instock","bundle_stock_quantity":null,"bundle_virtual":false,"bundle_layout":"","bundle_add_to_cart_form_location":"","bundle_editable_in_cart":false,"bundle_sold_individually_context":"","bundle_item_grouping":"","bundle_min_size":"","bundle_max_size":"","bundle_price":[],"bundled_items":[],"bundle_sell_ids":[],"acf":[],"_links":{"self":[{"href":"https:\/\/www.raschvin.com\/sv\/wp-json\/wp\/v2\/product\/43084","targetHints":{"allow":["GET"]}}],"collection":[{"href":"https:\/\/www.raschvin.com\/sv\/wp-json\/wp\/v2\/product"}],"about":[{"href":"https:\/\/www.raschvin.com\/sv\/wp-json\/wp\/v2\/types\/product"}],"wp:featuredmedia":[{"embeddable":true,"href":"https:\/\/www.raschvin.com\/sv\/wp-json\/wp\/v2\/media\/43222"}],"wp:attachment":[{"href":"https:\/\/www.raschvin.com\/sv\/wp-json\/wp\/v2\/media?parent=43084"}],"wp:term":[{"taxonomy":"product_brand","embeddable":true,"href":"https:\/\/www.raschvin.com\/sv\/wp-json\/wp\/v2\/product_brand?post=43084"},{"taxonomy":"product_cat","embeddable":true,"href":"https:\/\/www.raschvin.com\/sv\/wp-json\/wp\/v2\/product_cat?post=43084"},{"taxonomy":"product_tag","embeddable":true,"href":"https:\/\/www.raschvin.com\/sv\/wp-json\/wp\/v2\/product_tag?post=43084"}],"curies":[{"name":"wp","href":"https:\/\/api.w.org\/{rel}","templated":true}]}}