{"id":43081,"date":"2023-10-29T15:52:56","date_gmt":"2023-10-29T14:52:56","guid":{"rendered":"https:\/\/www.raschvin.com\/produkt\/fanoe-classic-lager-50-cl-45\/"},"modified":"2023-10-29T15:52:56","modified_gmt":"2023-10-29T14:52:56","slug":"fanoe-classic-lager-50-cl-45","status":"publish","type":"product","link":"https:\/\/www.raschvin.com\/sv\/produkt\/fanoe-classic-lager-50-cl-45\/","title":{"rendered":"Fan\u00f8 Classic &#8211; Lager 50 cl. 4,5%"},"content":{"rendered":"<p>Titel: Fan\u00f8 Classic<br \/>\nStil: Vienna Lager<\/p>\n<p>Smakanteckningar\/etiketttext: H\u00e4ller ljust b\u00e4rnsten med vitt skumhuvud.<\/p>\n<p>Fan\u00f8 Classic har en ren lagerkarakt\u00e4r med l\u00e4tta blommiga humletoner, balanserad med doften av rostat br\u00f6d och br\u00f6d.<\/p>\n<p>ABV (alkoholprocent): 4,5 %<\/p>\n<p>Malt: Vienna Malt, Munich Malt, CaraPils, Melanoidin, Carafa Special III<\/p>\n<p>Humle: Admiral, Hersbrucker, Saaz<\/p>\n<p>Doft: Blommande \u00e4dla humletoner, balanserad med doften av rostat br\u00f6d och br\u00f6d.<\/p>\n<p>J\u00e4st: WLP940<\/p>\n<p>Passar bra till: Grillade gr\u00f6nsaker, bratwurst med s\u00f6t senap, kryddiga kycklingvingar, vilt och n\u00e4stan vilket grillat k\u00f6tt som helst. Panerad fish and chips eller kryddiga crab cakes.<\/p>\n","protected":false},"excerpt":{"rendered":"<p>Fan\u00f8 Bryghus \u2013 Denmark<\/p>\n","protected":false},"featured_media":43228,"template":"","meta":{"_acf_changed":false,"rs_blank_template":"","rs_page_bg_color":"","slide_template_v7":""},"product_brand":[],"product_cat":[7207,2801,2806],"product_tag":[],"class_list":{"0":"post-43081","1":"product","2":"type-product","3":"status-publish","4":"has-post-thumbnail","6":"product_cat-lager-sv","7":"product_cat-oel-sv","8":"product_cat-classic-sv","9":"pa_champagne-type-lager-sv","10":"pa_land-danmark-sv","11":"pa_procent-4-5-sv","12":"pa_producent-fanoe-bryghus-sv","13":"pa_region-fanoe-sv","14":"pa_serveringstemperatur-16-17-sv","15":"pa_volume-50-sv","17":"first","18":"instock","19":"taxable","20":"shipping-taxable","21":"purchasable","22":"product-type-simple"},"bundled_by":[],"bundle_stock_status":"instock","bundle_stock_quantity":null,"bundle_virtual":false,"bundle_layout":"","bundle_add_to_cart_form_location":"","bundle_editable_in_cart":false,"bundle_sold_individually_context":"","bundle_item_grouping":"","bundle_min_size":"","bundle_max_size":"","bundle_price":[],"bundled_items":[],"bundle_sell_ids":[],"acf":[],"_links":{"self":[{"href":"https:\/\/www.raschvin.com\/sv\/wp-json\/wp\/v2\/product\/43081","targetHints":{"allow":["GET"]}}],"collection":[{"href":"https:\/\/www.raschvin.com\/sv\/wp-json\/wp\/v2\/product"}],"about":[{"href":"https:\/\/www.raschvin.com\/sv\/wp-json\/wp\/v2\/types\/product"}],"wp:featuredmedia":[{"embeddable":true,"href":"https:\/\/www.raschvin.com\/sv\/wp-json\/wp\/v2\/media\/43228"}],"wp:attachment":[{"href":"https:\/\/www.raschvin.com\/sv\/wp-json\/wp\/v2\/media?parent=43081"}],"wp:term":[{"taxonomy":"product_brand","embeddable":true,"href":"https:\/\/www.raschvin.com\/sv\/wp-json\/wp\/v2\/product_brand?post=43081"},{"taxonomy":"product_cat","embeddable":true,"href":"https:\/\/www.raschvin.com\/sv\/wp-json\/wp\/v2\/product_cat?post=43081"},{"taxonomy":"product_tag","embeddable":true,"href":"https:\/\/www.raschvin.com\/sv\/wp-json\/wp\/v2\/product_tag?post=43081"}],"curies":[{"name":"wp","href":"https:\/\/api.w.org\/{rel}","templated":true}]}}