{"id":43072,"date":"2023-10-29T15:28:34","date_gmt":"2023-10-29T14:28:34","guid":{"rendered":"https:\/\/www.raschvin.com\/produkt\/fanoe-knit-wit-wheat-ale-50-cl-58\/"},"modified":"2023-10-29T15:28:34","modified_gmt":"2023-10-29T14:28:34","slug":"fanoe-knit-wit-wheat-ale-50-cl-58","status":"publish","type":"product","link":"https:\/\/www.raschvin.com\/sv\/produkt\/fanoe-knit-wit-wheat-ale-50-cl-58\/","title":{"rendered":"Fan\u00f8 Knit Wit &#8211; Wheat Ale 50 cl. 5,8%"},"content":{"rendered":"<p>Titel: Knit Wit<\/p>\n<p>Stil: Fruited Wheat Ale<\/p>\n<p>Smakanteckningar\/etiketttext: Knit Wit \u00e4r bryggt f\u00f6r att fira den internationella Fan\u00f8 Strikkefestivalen och \u00e4r ett l\u00e4tt vete\u00f6l gjort med en blandning av b\u00e4r, vilket ger den en rosa nyans, fruktiga egenskaper och l\u00e4tt att dricka f\u00f6r att inte p\u00e5verka din korsstygn.<br \/>\nABV: 5,8 %<\/p>\n<p>Malt: Pale Ale Malt, Wheat Malt, Pilsner Malt, Carapils, Rolls Oats<\/p>\n<p>Humle: Columbus<\/p>\n<p>Tillsatser: Hallon, Bl\u00e5b\u00e4r, Bj\u00f6rnb\u00e4r<\/p>\n<p>Doft: Hallon, Bl\u00e5b\u00e4r, Bj\u00f6rnb\u00e4r<\/p>\n<p>J\u00e4st: WLP001<\/p>\n<p>Passar bra med: Bakad brie och fruktdesserter<\/p>\n","protected":false},"excerpt":{"rendered":"<p>Fan\u00f8 Bryghus \u2013 Denmark<\/p>\n","protected":false},"featured_media":43282,"template":"","meta":{"_acf_changed":false,"rs_blank_template":"","rs_page_bg_color":"","slide_template_v7":""},"product_brand":[],"product_cat":[2802,2801,2811],"product_tag":[],"class_list":{"0":"post-43072","1":"product","2":"type-product","3":"status-publish","4":"has-post-thumbnail","6":"product_cat-ale-sv","7":"product_cat-oel-sv","8":"product_cat-veteoel","9":"pa_champagne-type-wheat-beer-sv","10":"pa_land-danmark-sv","11":"pa_procent-5-8-sv","12":"pa_producent-fanoe-bryghus-sv","13":"pa_region-fanoe-sv","14":"pa_serveringstemperatur-12-14-sv","15":"pa_volume-50-sv","17":"first","18":"instock","19":"taxable","20":"shipping-taxable","21":"purchasable","22":"product-type-simple"},"bundled_by":[],"bundle_stock_status":"instock","bundle_stock_quantity":null,"bundle_virtual":false,"bundle_layout":"","bundle_add_to_cart_form_location":"","bundle_editable_in_cart":false,"bundle_sold_individually_context":"","bundle_item_grouping":"","bundle_min_size":"","bundle_max_size":"","bundle_price":[],"bundled_items":[],"bundle_sell_ids":[],"acf":[],"_links":{"self":[{"href":"https:\/\/www.raschvin.com\/sv\/wp-json\/wp\/v2\/product\/43072","targetHints":{"allow":["GET"]}}],"collection":[{"href":"https:\/\/www.raschvin.com\/sv\/wp-json\/wp\/v2\/product"}],"about":[{"href":"https:\/\/www.raschvin.com\/sv\/wp-json\/wp\/v2\/types\/product"}],"wp:featuredmedia":[{"embeddable":true,"href":"https:\/\/www.raschvin.com\/sv\/wp-json\/wp\/v2\/media\/43282"}],"wp:attachment":[{"href":"https:\/\/www.raschvin.com\/sv\/wp-json\/wp\/v2\/media?parent=43072"}],"wp:term":[{"taxonomy":"product_brand","embeddable":true,"href":"https:\/\/www.raschvin.com\/sv\/wp-json\/wp\/v2\/product_brand?post=43072"},{"taxonomy":"product_cat","embeddable":true,"href":"https:\/\/www.raschvin.com\/sv\/wp-json\/wp\/v2\/product_cat?post=43072"},{"taxonomy":"product_tag","embeddable":true,"href":"https:\/\/www.raschvin.com\/sv\/wp-json\/wp\/v2\/product_tag?post=43072"}],"curies":[{"name":"wp","href":"https:\/\/api.w.org\/{rel}","templated":true}]}}