{"id":42857,"date":"2023-10-29T09:40:27","date_gmt":"2023-10-29T08:40:27","guid":{"rendered":"https:\/\/www.raschvin.com\/produkt\/glencadam-10-years-70-cl-46\/"},"modified":"2023-10-29T09:40:27","modified_gmt":"2023-10-29T08:40:27","slug":"glencadam-10-years-70-cl-46","status":"publish","type":"product","link":"https:\/\/www.raschvin.com\/sv\/produkt\/glencadam-10-years-70-cl-46\/","title":{"rendered":"Glencadam 10 Years 70 cl. 46%"},"content":{"rendered":"<p>Glencadam 10 Year Old Single Malt \u00e4r en av destilleriets mest prisbel\u00f6nta: den har inte bara vunnit otaliga utm\u00e4rkelser och medaljer, den fick ocks\u00e5 94,5 av 100 po\u00e4ng i 2014 \u00e5rs upplaga av whiskygurun Jim Murrays &#8221;The Whisky Bible&#8221;. Glencadam 10 Year Old buteljeras med 46 % alkohol, utan kylfiltrering eller tillsats av karamellf\u00e4rg.<\/p>\n<p>F\u00e4rg: Halmguld.<br \/>\nDoft: S\u00f6ta toner av malt och vanilj, varmt gr\u00e4s, p\u00e4ron och nybakad mar\u00e4ng.<br \/>\nSmaknoter: I munnen \u00e4r whiskyn mjuk och fyllig, med toner av apelsinmarmelad, bourbons\u00f6tma, br\u00e4nt fat och citronsorbet. Finishen \u00e4r l\u00e5ng och lugnande. Du k\u00e4nner verkligen kvalitet p\u00e5 en mycket h\u00f6g niv\u00e5! En whisky som kommer att tilltala en bred publik.<\/p>\n<p>Serveringsf\u00f6rslag: Njut av det rent, ev tillsatt en droppe vatten.<\/p>\n<p>Glencadam, med sin distinkta r\u00f6da skorsten, ligger i Brechin, som ett av de f\u00e5 \u00f6verlevande destillerierna i East Highlands. Destilleriet byggdes 1825 \u2013 inte l\u00e5ngt efter att en ny punktskattelag 1823 gjorde destillering laglig i st\u00f6rre skala i Skottland. Sedan 2003 \u00e4gs destilleriet av Angus Dundee, och sedan 2005 har destilleriet varit ig\u00e5ng dygnet runt. Det \u00e4r dock inte mycket som har f\u00f6r\u00e4ndrats i produktionss\u00e4ttet p\u00e5 Glencadam. Du har fortfarande en m\u00e4sktunna av gjutj\u00e4rn och tv\u00e5 pot stills, som \u00e4r designade p\u00e5 ett s\u00e4tt som ger en ganska l\u00e4tt och elegant anda. De tv\u00e5 ursprungliga dunnagelagren fr\u00e5n 1825 \u00e4r fortfarande i bruk.<\/p>\n<p>Endast en begr\u00e4nsad del av whiskyn buteljeras fortfarande som single malt, eftersom den stora majoriteten av produktionen anv\u00e4nds i blandningar. Angus Dundee \u00e4ger bland annat varum\u00e4rkena Scottish Royal, Glen Parker och The Dundee och man f\u00e5r anta att en stor del av dessa \u00e4r Glencadam. Som tur \u00e4r finns det ocks\u00e5 ett f\u00f6rnyat fokus p\u00e5 single malt \u2013 speciellt sedan Angus Dundee tog \u00f6ver. Under 2016 reformerades hela k\u00e4rnsortimentet. Glencadam varken kylfiltrerar eller f\u00e4rgar whiskyn med kola.<\/p>\n","protected":false},"excerpt":{"rendered":"<p>Highland Single Malt Scotch Whisky<\/p>\n","protected":false},"featured_media":42900,"template":"","meta":{"_acf_changed":false,"rs_blank_template":"","rs_page_bg_color":"","slide_template_v7":""},"product_brand":[],"product_cat":[2387,4651,2392],"product_tag":[],"class_list":{"0":"post-42857","1":"product","2":"type-product","3":"status-publish","4":"has-post-thumbnail","6":"product_cat-avec-sv","7":"product_cat-single-malt-sv","8":"product_cat-whisky-sv","9":"pa_land-skottland","10":"pa_procent-46-sv","11":"pa_producent-glencadam-sv","12":"pa_region-highland-sv","13":"pa_traefad-bourbon-sv","14":"pa_volume-70-sv-2","16":"first","17":"instock","18":"sale","19":"taxable","20":"shipping-taxable","21":"purchasable","22":"product-type-simple"},"bundled_by":[],"bundle_stock_status":"instock","bundle_stock_quantity":null,"bundle_virtual":false,"bundle_layout":"","bundle_add_to_cart_form_location":"","bundle_editable_in_cart":false,"bundle_sold_individually_context":"","bundle_item_grouping":"","bundle_min_size":"","bundle_max_size":"","bundle_price":[],"bundled_items":[],"bundle_sell_ids":[],"acf":[],"_links":{"self":[{"href":"https:\/\/www.raschvin.com\/sv\/wp-json\/wp\/v2\/product\/42857","targetHints":{"allow":["GET"]}}],"collection":[{"href":"https:\/\/www.raschvin.com\/sv\/wp-json\/wp\/v2\/product"}],"about":[{"href":"https:\/\/www.raschvin.com\/sv\/wp-json\/wp\/v2\/types\/product"}],"wp:featuredmedia":[{"embeddable":true,"href":"https:\/\/www.raschvin.com\/sv\/wp-json\/wp\/v2\/media\/42900"}],"wp:attachment":[{"href":"https:\/\/www.raschvin.com\/sv\/wp-json\/wp\/v2\/media?parent=42857"}],"wp:term":[{"taxonomy":"product_brand","embeddable":true,"href":"https:\/\/www.raschvin.com\/sv\/wp-json\/wp\/v2\/product_brand?post=42857"},{"taxonomy":"product_cat","embeddable":true,"href":"https:\/\/www.raschvin.com\/sv\/wp-json\/wp\/v2\/product_cat?post=42857"},{"taxonomy":"product_tag","embeddable":true,"href":"https:\/\/www.raschvin.com\/sv\/wp-json\/wp\/v2\/product_tag?post=42857"}],"curies":[{"name":"wp","href":"https:\/\/api.w.org\/{rel}","templated":true}]}}