{"id":42787,"date":"2023-10-28T17:44:50","date_gmt":"2023-10-28T15:44:50","guid":{"rendered":"https:\/\/www.raschvin.com\/produkt\/tarquins-yuzu-and-lime-gin-70-cl-42\/"},"modified":"2023-10-28T17:44:50","modified_gmt":"2023-10-28T15:44:50","slug":"tarquins-yuzu-and-lime-gin-70-cl-42","status":"publish","type":"product","link":"https:\/\/www.raschvin.com\/sv\/produkt\/tarquins-yuzu-and-lime-gin-70-cl-42\/","title":{"rendered":"Tarquin&#8217;s Yuzu and Lime Gin 70 cl. 42%"},"content":{"rendered":"<p>Tarquins Yuzu and Lime Gin \u00e4r ett uttryck i begr\u00e4nsad upplaga skapat efter inspirationen slog grundaren och m\u00e4sterdestillat\u00f6ren Tarquin Leadbetter medan han experimenterade med dessa smaker under kockens utbildning p\u00e5 Le Cordon Bleu. Tack vare integrationen av citrusfrukterna s\u00e4gs ginsprit ha en &#8221;exotisk kant&#8221; som skiljer dem fr\u00e5n andra uttryck.<\/p>\n<p>Ginspriten s\u00e4gs ha toner av vild pomelo, k\u00f6rsb\u00e4rsblom och kanderad lime med yuzu, apelsinblomma och mjuk enb\u00e4r i gommen. Leadbetter s\u00e4ger &#8221;&#8221;Yuzu \u00e4r en s\u00e5 anm\u00e4rkningsv\u00e4rd frukt, denna mycket speciella gin \u00e4r en utm\u00e4rkt gin och tonic eller yuzu Spritz garnerad med f\u00e4rsk mynta och gurka.&#8221;<\/p>\n<p>Yuzu har snabbt blivit sommarens citrusfrukt, och den integreras i ett brett utbud av mat och dryck.<\/p>\n<p>Tarquins Yuzu &#038; Lime Gin \u00e4r destillerad med exotiska japanska yuzus och f\u00e4rska limefrukter f\u00f6r en levande och fr\u00e4sch sprit som t\u00e4nder sinnena.<\/p>\n<p>En experimentell gin som t\u00e4njer p\u00e5 gr\u00e4nserna f\u00f6r en fr\u00e4sch f\u00f6rfriskning!<\/p>\n<p>Smakanteckningar:<br \/>\nNOSA: Vild pomelo, k\u00f6rsb\u00e4rsblom, kanderad lime<br \/>\nSMAK: Zesty yuzu, apelsinblomma, mjuk enb\u00e4r<br \/>\nAVSLUTNING: Limesorbet, orientalisk krydda, f\u00e4rsk mandarin<\/p>\n<p>Passar perfekt med:<br \/>\nEn l\u00e4tt tonic garnerad med en skiva gurka och en kvist mynta.<\/p>\n","protected":false},"excerpt":{"rendered":"<p>Handcrafted Cornish Dry Gin \u2013 Created On The Wild Cornish Coast<\/p>\n","protected":false},"featured_media":42790,"template":"","meta":{"_acf_changed":false,"rs_blank_template":"","rs_page_bg_color":"","slide_template_v7":""},"product_brand":[],"product_cat":[4700,2404,2402],"product_tag":[],"class_list":{"0":"post-42787","1":"product","2":"type-product","3":"status-publish","4":"has-post-thumbnail","6":"product_cat-flavoured-gin-sv","7":"product_cat-gin-sv","8":"product_cat-sprit-sv","9":"pa_land-skottland","10":"pa_procent-42-sv","11":"pa_producent-tarquins-sv","12":"pa_region-cornwall-sv","13":"pa_volume-70-sv-2","15":"first","16":"outofstock","17":"sale","18":"taxable","19":"shipping-taxable","20":"purchasable","21":"product-type-simple"},"bundled_by":[],"bundle_stock_status":"outofstock","bundle_stock_quantity":null,"bundle_virtual":false,"bundle_layout":"","bundle_add_to_cart_form_location":"","bundle_editable_in_cart":false,"bundle_sold_individually_context":"","bundle_item_grouping":"","bundle_min_size":"","bundle_max_size":"","bundle_price":[],"bundled_items":[],"bundle_sell_ids":[],"acf":[],"_links":{"self":[{"href":"https:\/\/www.raschvin.com\/sv\/wp-json\/wp\/v2\/product\/42787","targetHints":{"allow":["GET"]}}],"collection":[{"href":"https:\/\/www.raschvin.com\/sv\/wp-json\/wp\/v2\/product"}],"about":[{"href":"https:\/\/www.raschvin.com\/sv\/wp-json\/wp\/v2\/types\/product"}],"wp:featuredmedia":[{"embeddable":true,"href":"https:\/\/www.raschvin.com\/sv\/wp-json\/wp\/v2\/media\/42790"}],"wp:attachment":[{"href":"https:\/\/www.raschvin.com\/sv\/wp-json\/wp\/v2\/media?parent=42787"}],"wp:term":[{"taxonomy":"product_brand","embeddable":true,"href":"https:\/\/www.raschvin.com\/sv\/wp-json\/wp\/v2\/product_brand?post=42787"},{"taxonomy":"product_cat","embeddable":true,"href":"https:\/\/www.raschvin.com\/sv\/wp-json\/wp\/v2\/product_cat?post=42787"},{"taxonomy":"product_tag","embeddable":true,"href":"https:\/\/www.raschvin.com\/sv\/wp-json\/wp\/v2\/product_tag?post=42787"}],"curies":[{"name":"wp","href":"https:\/\/api.w.org\/{rel}","templated":true}]}}