{"id":42776,"date":"2023-10-28T16:40:58","date_gmt":"2023-10-28T14:40:58","guid":{"rendered":"https:\/\/www.raschvin.com\/produkt\/glen-elgin-13-years-2008-smos-reserve-cask-parcel-no-8-70-cl-48\/"},"modified":"2023-10-28T16:40:58","modified_gmt":"2023-10-28T14:40:58","slug":"glen-elgin-13-years-2008-smos-reserve-cask-parcel-no-8-70-cl-48","status":"publish","type":"product","link":"https:\/\/www.raschvin.com\/sv\/produkt\/glen-elgin-13-years-2008-smos-reserve-cask-parcel-no-8-70-cl-48\/","title":{"rendered":"Glen Elgin 13 Years 2008 SMOS Reserve Cask Parcel NO.8 70 cl. 48%"},"content":{"rendered":"<p>Glen Elgin Parcel No.8 \u00e4r en extremt trevlig 13-\u00e5rig skotsk single malt whisky som destillerades 2008. Den kommer fr\u00e5n det ber\u00f6mda Glen Elgin-destilleriet, som ligger i Speyside-regionen.<\/p>\n<p>D\u00e4refter fylldes den p\u00e5 8 ok\u00e4nda fat, d\u00e4r den mognade i extremt l\u00e5nga 13 \u00e5r. Tack vare faten fick den en charmig fruktig arom full av honungs-\u00f6rttoner. Slutligen buteljerades den 2022 med en alkoholhalt p\u00e5 48%. \u00c4nglarnas andel 15,2%.<\/p>\n<p>Endast ett begr\u00e4nsat antal stycken tillverkades! Speciellt utvald av Head Blender Oliver Chilton. Utan tillsatta f\u00e4rg\u00e4mnen och kallfiltrering. Flaskan ligger i en brun minimalistisk presentf\u00f6rpackning.<\/p>\n<p>F\u00e4rg: orange med gyllenbruna h\u00f6jdpunkter<br \/>\nDoft: honung, bakverk, blommor, \u00e4pplen, \u00f6rter, gr\u00e4s, oliver<br \/>\nSmak: balanserad, kaffe, torv, r\u00f6k, malt, frukt<br \/>\nFinish: l\u00e5ng, bitters\u00f6t, varm, tr\u00e4, n\u00f6tter<\/p>\n<p>Mixer- och tappningsf\u00f6retaget Elixir Distillers grundades av de tv\u00e5 br\u00f6derna Sukhinder och Rajbir Singh, som ocks\u00e5 ligger bakom butiken The Whisky Exchange. De anv\u00e4nder sin omfattande erfarenhet fr\u00e5n praktiskt taget varje skrymsle i andev\u00e4rlden f\u00f6r att f\u00f6rena traditionellt hantverk med en om\u00e4ttlig hunger efter att experimentera och f\u00f6rnya sig. Huvudfokus ligger definitivt p\u00e5 skotsk whisky, men \u00e4ven japansk, irl\u00e4ndsk och amerikansk whisky samt tequila och rom har letat sig in i Elixir Distillers vackert designade flaskor. Bland de mest anm\u00e4rkningsv\u00e4rda m\u00e4rkena hittar vi Elements of Islay, Port Askaig, Single Malts of Scotland och Black Tot.<\/p>\n<p>Ursprungligen hette f\u00f6retaget Specialty Drinks, och namnet \u00e4ndrades till Elixir Distillers f\u00f6rst 2017 \u2013 men om de tv\u00e5 br\u00f6derna blandar och buteljerar whisky, var kommer &#8221;Distiller&#8221;-delen in? Jo, 2018 tillk\u00e4nnagav de planer p\u00e5 att bygga ett nytt destilleri p\u00e5 Islays sydkust. Framtiden ser ljus ut f\u00f6r fans av r\u00f6k och torv!<\/p>\n","protected":false},"excerpt":{"rendered":"<p>Single Malt Scotch Whisky<\/p>\n","protected":false},"featured_media":42799,"template":"","meta":{"_acf_changed":false,"rs_blank_template":"","rs_page_bg_color":"","slide_template_v7":""},"product_brand":[],"product_cat":[2387,4651,2392],"product_tag":[],"class_list":{"0":"post-42776","1":"product","2":"type-product","3":"status-publish","4":"has-post-thumbnail","6":"product_cat-avec-sv","7":"product_cat-single-malt-sv","8":"product_cat-whisky-sv","9":"pa_land-skottland","10":"pa_procent-48-sv","11":"pa_producent-glen-elgin-sv","12":"pa_region-speyside-sv","13":"pa_vintage-2008-sv","14":"pa_volume-70-sv-2","16":"first","17":"instock","18":"sale","19":"taxable","20":"shipping-taxable","21":"purchasable","22":"product-type-simple"},"bundled_by":[],"bundle_stock_status":"instock","bundle_stock_quantity":null,"bundle_virtual":false,"bundle_layout":"","bundle_add_to_cart_form_location":"","bundle_editable_in_cart":false,"bundle_sold_individually_context":"","bundle_item_grouping":"","bundle_min_size":"","bundle_max_size":"","bundle_price":[],"bundled_items":[],"bundle_sell_ids":[],"acf":[],"_links":{"self":[{"href":"https:\/\/www.raschvin.com\/sv\/wp-json\/wp\/v2\/product\/42776","targetHints":{"allow":["GET"]}}],"collection":[{"href":"https:\/\/www.raschvin.com\/sv\/wp-json\/wp\/v2\/product"}],"about":[{"href":"https:\/\/www.raschvin.com\/sv\/wp-json\/wp\/v2\/types\/product"}],"wp:featuredmedia":[{"embeddable":true,"href":"https:\/\/www.raschvin.com\/sv\/wp-json\/wp\/v2\/media\/42799"}],"wp:attachment":[{"href":"https:\/\/www.raschvin.com\/sv\/wp-json\/wp\/v2\/media?parent=42776"}],"wp:term":[{"taxonomy":"product_brand","embeddable":true,"href":"https:\/\/www.raschvin.com\/sv\/wp-json\/wp\/v2\/product_brand?post=42776"},{"taxonomy":"product_cat","embeddable":true,"href":"https:\/\/www.raschvin.com\/sv\/wp-json\/wp\/v2\/product_cat?post=42776"},{"taxonomy":"product_tag","embeddable":true,"href":"https:\/\/www.raschvin.com\/sv\/wp-json\/wp\/v2\/product_tag?post=42776"}],"curies":[{"name":"wp","href":"https:\/\/api.w.org\/{rel}","templated":true}]}}