{"id":42746,"date":"2023-10-28T09:36:41","date_gmt":"2023-10-28T07:36:41","guid":{"rendered":"https:\/\/www.raschvin.com\/produkt\/dailuaine-10-years-2006-10-11-smos-reserve-cask-parcel-no-9-70-cl-48\/"},"modified":"2023-10-28T09:36:41","modified_gmt":"2023-10-28T07:36:41","slug":"dailuaine-10-years-2006-10-11-smos-reserve-cask-parcel-no-9-70-cl-48","status":"publish","type":"product","link":"https:\/\/www.raschvin.com\/sv\/produkt\/dailuaine-10-years-2006-10-11-smos-reserve-cask-parcel-no-9-70-cl-48\/","title":{"rendered":"Dailuaine 10 Years 2006\/10\/11 SMOS Reserve Cask Parcel NO.9 70 cl. 48%"},"content":{"rendered":"<p>En 10-\u00e5rig Dailuaine singelmalt fr\u00e5n Single Malts of Scotland Reserve Caks-serien, Parcel No.9, mognad i en sats av sex hogsheads och ett fat, fyllt mellan 2006 och 2011 och lagrat i minst ett decennium innan buteljering. Dofter av honungsmelon och varm sm\u00f6rad rostat br\u00f6d med massor av honung fyller n\u00e4san, kompletterad med toner av saftiga p\u00e4ron, citronskal, vaniljkr\u00e4m, honungsrostade cashewn\u00f6tter, citronsorbet och mandel i hela gommen och h\u00e4nger kvar p\u00e5 avslutningen.<\/p>\n<p>Mixer- och tappningsf\u00f6retaget Elixir Distillers grundades av de tv\u00e5 br\u00f6derna Sukhinder och Rajbir Singh, som ocks\u00e5 ligger bakom butiken The Whisky Exchange. De anv\u00e4nder sin omfattande erfarenhet fr\u00e5n praktiskt taget varje skrymsle i andev\u00e4rlden f\u00f6r att f\u00f6rena traditionellt hantverk med en om\u00e4ttlig hunger efter att experimentera och f\u00f6rnya sig. Huvudfokus ligger definitivt p\u00e5 skotsk whisky, men \u00e4ven japansk, irl\u00e4ndsk och amerikansk whisky samt tequila och rom har letat sig in i Elixir Distillers vackert designade flaskor. Bland de mest anm\u00e4rkningsv\u00e4rda m\u00e4rkena hittar vi Elements of Islay, Port Askaig, Single Malts of Scotland och Black Tot.<\/p>\n<p>Ursprungligen hette f\u00f6retaget Specialty Drinks, och namnet \u00e4ndrades till Elixir Distillers f\u00f6rst 2017 \u2013 men om de tv\u00e5 br\u00f6derna blandar och buteljerar whisky, var kommer &#8221;Distiller&#8221;-delen in? Jo, 2018 tillk\u00e4nnagav de planer p\u00e5 att bygga ett nytt destilleri p\u00e5 Islays sydkust. Framtiden ser ljus ut f\u00f6r fans av r\u00f6k och torv!<\/p>\n","protected":false},"excerpt":{"rendered":"<p>Single Malt Scotch Whisky<\/p>\n","protected":false},"featured_media":42755,"template":"","meta":{"_acf_changed":false,"rs_blank_template":"","rs_page_bg_color":"","slide_template_v7":""},"product_brand":[],"product_cat":[2387,4651,2392],"product_tag":[],"class_list":{"0":"post-42746","1":"product","2":"type-product","3":"status-publish","4":"has-post-thumbnail","6":"product_cat-avec-sv","7":"product_cat-single-malt-sv","8":"product_cat-whisky-sv","9":"pa_land-skottland","10":"pa_procent-48-sv","11":"pa_producent-dailuaine-sv","12":"pa_region-speyside-sv","13":"pa_traefad-hogshead-sv","14":"pa_vintage-2006-10-11-sv","15":"pa_volume-70-sv-2","17":"first","18":"instock","19":"sale","20":"taxable","21":"shipping-taxable","22":"purchasable","23":"product-type-simple"},"bundled_by":[],"bundle_stock_status":"instock","bundle_stock_quantity":null,"bundle_virtual":false,"bundle_layout":"","bundle_add_to_cart_form_location":"","bundle_editable_in_cart":false,"bundle_sold_individually_context":"","bundle_item_grouping":"","bundle_min_size":"","bundle_max_size":"","bundle_price":[],"bundled_items":[],"bundle_sell_ids":[],"acf":[],"_links":{"self":[{"href":"https:\/\/www.raschvin.com\/sv\/wp-json\/wp\/v2\/product\/42746","targetHints":{"allow":["GET"]}}],"collection":[{"href":"https:\/\/www.raschvin.com\/sv\/wp-json\/wp\/v2\/product"}],"about":[{"href":"https:\/\/www.raschvin.com\/sv\/wp-json\/wp\/v2\/types\/product"}],"wp:featuredmedia":[{"embeddable":true,"href":"https:\/\/www.raschvin.com\/sv\/wp-json\/wp\/v2\/media\/42755"}],"wp:attachment":[{"href":"https:\/\/www.raschvin.com\/sv\/wp-json\/wp\/v2\/media?parent=42746"}],"wp:term":[{"taxonomy":"product_brand","embeddable":true,"href":"https:\/\/www.raschvin.com\/sv\/wp-json\/wp\/v2\/product_brand?post=42746"},{"taxonomy":"product_cat","embeddable":true,"href":"https:\/\/www.raschvin.com\/sv\/wp-json\/wp\/v2\/product_cat?post=42746"},{"taxonomy":"product_tag","embeddable":true,"href":"https:\/\/www.raschvin.com\/sv\/wp-json\/wp\/v2\/product_tag?post=42746"}],"curies":[{"name":"wp","href":"https:\/\/api.w.org\/{rel}","templated":true}]}}