{"id":42708,"date":"2023-10-27T19:17:25","date_gmt":"2023-10-27T17:17:25","guid":{"rendered":"https:\/\/www.raschvin.com\/produkt\/linkwood-25-years-gm-distillery-labels-70-cl-46\/"},"modified":"2023-10-27T19:17:25","modified_gmt":"2023-10-27T17:17:25","slug":"linkwood-25-years-gm-distillery-labels-70-cl-46","status":"publish","type":"product","link":"https:\/\/www.raschvin.com\/sv\/produkt\/linkwood-25-years-gm-distillery-labels-70-cl-46\/","title":{"rendered":"Linkwood 25 Years G&#038;M Distillery Labels 70 cl. 46%"},"content":{"rendered":"<p>Gordon &#038; MacPhails Distillery Labels-sortiment \u00e4r en hyllning till de utvalda destillerier som Skottlands st\u00f6rsta oberoende buteljerare har haft en s\u00e4rskilt speciell relation med under decennierna.<\/p>\n<p>Linkwood \u00e4r ett av de lyckliga f\u00e5 destillerier och det \u00e4r ingen \u00f6verdrift att s\u00e4ga att majoriteten av de b\u00e4sta buteljeringarna fr\u00e5n detta fantastiska destilleri har dykt upp i G&#038;M-f\u00e4rger, med n\u00e5gra av de mest minnesv\u00e4rda \u00e4r Linkwood 25-\u00e5ringen.<\/p>\n<p>Denna Linkwood 25 Year Old fr\u00e5n Gordon &#038; MacPhail f\u00f6r Distillery Labels-serien har en sherry-influerad karakt\u00e4r och kommer utan tvekan att ha stor nytta av det nyligen mottagna beslutet att \u00f6ka styrkan p\u00e5 dessa buteljeringar till 46 %, vilket g\u00f6r att smakerna kan gnistra \u00e4nnu tydligare.<\/p>\n<p>N\u00e4sa: Rika sherryaromer ackompanjerar subtil anis och k\u00f6rsb\u00e4r.<\/p>\n<p>Smak: S\u00f6t, len fruktkaka utvecklas till stuvad frukt och rostade hasseln\u00f6tter.<\/p>\n<p>Finish: En l\u00e5ng finish av kvardr\u00f6jande f\u00f6rkolnad ek.<\/p>\n<p>Gordon &#038; MacPhail \u00e4r f\u00f6r den \u00e4dla singelmalten vad Lennon &#038; McCartney \u00e4r f\u00f6r popmusik. I mer \u00e4n 100 \u00e5r har de insisterat p\u00e5 att hoppa \u00f6ver det h\u00f6gsta staketet. Den ned\u00e4rvda k\u00e4nslan av att v\u00e4lja ut de absolut b\u00e4sta faten fr\u00e5n ett brett utbud av destillerier ut\u00f6vas idag som f\u00f6r 100 \u00e5r sedan. N\u00e4r r\u00e4tten \u00e4r utvald transporteras den till G&#038;M:s lager i Elgin. H\u00e4r sk\u00f6ts och v\u00e5rdas fatet tillsammans med tusentals andra utvalda fat fram till den dagen i framtiden, vare sig det \u00e4r fem, tio eller femtio \u00e5r fram\u00e5t, n\u00e4r whiskyn har n\u00e5tt sin zenit. Bara h\u00e4r \u00e4r de dyrbara dropparna p\u00e5 flaska.<\/p>\n","protected":false},"excerpt":{"rendered":"<p>Single Malt Scotch Whisky<\/p>\n","protected":false},"featured_media":42714,"template":"","meta":{"_acf_changed":false,"rs_blank_template":"","rs_page_bg_color":"","slide_template_v7":""},"product_brand":[],"product_cat":[2387,4651,2392],"product_tag":[],"class_list":{"0":"post-42708","1":"product","2":"type-product","3":"status-publish","4":"has-post-thumbnail","6":"product_cat-avec-sv","7":"product_cat-single-malt-sv","8":"product_cat-whisky-sv","9":"pa_land-skottland","10":"pa_procent-46-sv","11":"pa_producent-linkwood-sv","12":"pa_region-speyside-sv","13":"pa_traefad-first-fill-refill-sherry-casks-sv","14":"pa_volume-70-sv-2","16":"first","17":"instock","18":"taxable","19":"shipping-taxable","20":"purchasable","21":"product-type-simple"},"bundled_by":[],"bundle_stock_status":"instock","bundle_stock_quantity":null,"bundle_virtual":false,"bundle_layout":"","bundle_add_to_cart_form_location":"","bundle_editable_in_cart":false,"bundle_sold_individually_context":"","bundle_item_grouping":"","bundle_min_size":"","bundle_max_size":"","bundle_price":[],"bundled_items":[],"bundle_sell_ids":[],"acf":[],"_links":{"self":[{"href":"https:\/\/www.raschvin.com\/sv\/wp-json\/wp\/v2\/product\/42708","targetHints":{"allow":["GET"]}}],"collection":[{"href":"https:\/\/www.raschvin.com\/sv\/wp-json\/wp\/v2\/product"}],"about":[{"href":"https:\/\/www.raschvin.com\/sv\/wp-json\/wp\/v2\/types\/product"}],"wp:featuredmedia":[{"embeddable":true,"href":"https:\/\/www.raschvin.com\/sv\/wp-json\/wp\/v2\/media\/42714"}],"wp:attachment":[{"href":"https:\/\/www.raschvin.com\/sv\/wp-json\/wp\/v2\/media?parent=42708"}],"wp:term":[{"taxonomy":"product_brand","embeddable":true,"href":"https:\/\/www.raschvin.com\/sv\/wp-json\/wp\/v2\/product_brand?post=42708"},{"taxonomy":"product_cat","embeddable":true,"href":"https:\/\/www.raschvin.com\/sv\/wp-json\/wp\/v2\/product_cat?post=42708"},{"taxonomy":"product_tag","embeddable":true,"href":"https:\/\/www.raschvin.com\/sv\/wp-json\/wp\/v2\/product_tag?post=42708"}],"curies":[{"name":"wp","href":"https:\/\/api.w.org\/{rel}","templated":true}]}}