{"id":42705,"date":"2023-10-27T19:07:23","date_gmt":"2023-10-27T17:07:23","guid":{"rendered":"https:\/\/www.raschvin.com\/produkt\/linkwood-15-years-gm-distillery-labels-70-cl-46\/"},"modified":"2023-10-27T19:07:23","modified_gmt":"2023-10-27T17:07:23","slug":"linkwood-15-years-gm-distillery-labels-70-cl-46","status":"publish","type":"product","link":"https:\/\/www.raschvin.com\/sv\/produkt\/linkwood-15-years-gm-distillery-labels-70-cl-46\/","title":{"rendered":"Linkwood 15 Years G&#038;M Distillery Labels 70 cl. 46%"},"content":{"rendered":"<p>Gordon &#038; MacPhails underbara Distillery-etiketter ser fantastiska ut efter deras senaste omarbetning och styrkan har \u00f6kat till 46 % &#8211; vad \u00e4r det att inte \u00e4lska?<\/p>\n<p>Denna Linkwood 15 Year Old \u00e4r en annan av G&#038;M:s specialiteter &#8211; ett destilleri av h\u00f6gsta klass som s\u00e4llan officiellt buteljeras eftersom den stora majoriteten av dess produktion g\u00e5r till \u00e4garen Diageos blandningar.<\/p>\n<p>Lyckligtvis inneb\u00e4r Gordon &#038; MacPhails l\u00e5ngvariga relationer med destillerier att de kan l\u00e4gga vantarna p\u00e5 ett utbud av dessa fat &#8211; eller till och med skicka sina egna fat f\u00f6r att fyllas med nytt m\u00e4rke fr\u00e5n destilleriet och mogna dem i sina egna lager. Den h\u00e4r Linkwood 15-\u00e5ringen har sett lite sherry och borde vara helt uts\u00f6kt.<\/p>\n<p>N\u00e4sa<\/p>\n<p>Fruktig och frisk, torr sherry, mogna jordgubbs- och hallonaromer accentuerade av en l\u00e4tt citron-citruskant. Tangy apelsinmarmelad utvecklas och kombineras med varm kanel och kola.<\/p>\n<p>Gom<\/p>\n<p>Inledningsvis intensivt s\u00f6t; mjuknar med tiden och de milda och v\u00e4rmande kryddsmakerna av kanel och kryddnejlika. Kr\u00e4mig vit choklad utvecklas och fl\u00e4tas samman med en saftig mandarinkant.<\/p>\n<p>Utg\u00e5ng<\/p>\n<p>Medium och rundad med friska \u00f6rttoner och en l\u00e4tt uttorkande kakaopulverkant.<\/p>\n<p>Gordon &#038; MacPhail \u00e4r f\u00f6r den \u00e4dla singelmalten vad Lennon &#038; McCartney \u00e4r f\u00f6r popmusik. I mer \u00e4n 100 \u00e5r har de insisterat p\u00e5 att hoppa \u00f6ver det h\u00f6gsta staketet. Den ned\u00e4rvda k\u00e4nslan av att v\u00e4lja ut de absolut b\u00e4sta faten fr\u00e5n ett brett utbud av destillerier ut\u00f6vas idag som f\u00f6r 100 \u00e5r sedan. N\u00e4r r\u00e4tten \u00e4r utvald transporteras den till G&#038;M:s lager i Elgin. H\u00e4r sk\u00f6ts och v\u00e5rdas fatet tillsammans med tusentals andra utvalda fat fram till den dagen i framtiden, vare sig det \u00e4r fem, tio eller femtio \u00e5r fram\u00e5t, n\u00e4r whiskyn har n\u00e5tt sin zenit. Bara h\u00e4r \u00e4r de dyrbara dropparna p\u00e5 flaska.<\/p>\n","protected":false},"excerpt":{"rendered":"<p>Single Malt Scotch Whisky<\/p>\n","protected":false},"featured_media":42711,"template":"","meta":{"_acf_changed":false,"rs_blank_template":"","rs_page_bg_color":"","slide_template_v7":""},"product_brand":[],"product_cat":[2387,4651,2392],"product_tag":[],"class_list":{"0":"post-42705","1":"product","2":"type-product","3":"status-publish","4":"has-post-thumbnail","6":"product_cat-avec-sv","7":"product_cat-single-malt-sv","8":"product_cat-whisky-sv","9":"pa_land-skottland","10":"pa_procent-46-sv","11":"pa_producent-linkwood-sv","12":"pa_region-speyside-sv","13":"pa_traefad-first-fill-refill-sherry-casks-sv","14":"pa_volume-70-sv-2","16":"first","17":"instock","18":"taxable","19":"shipping-taxable","20":"purchasable","21":"product-type-simple"},"bundled_by":[],"bundle_stock_status":"instock","bundle_stock_quantity":null,"bundle_virtual":false,"bundle_layout":"","bundle_add_to_cart_form_location":"","bundle_editable_in_cart":false,"bundle_sold_individually_context":"","bundle_item_grouping":"","bundle_min_size":"","bundle_max_size":"","bundle_price":[],"bundled_items":[],"bundle_sell_ids":[],"acf":[],"_links":{"self":[{"href":"https:\/\/www.raschvin.com\/sv\/wp-json\/wp\/v2\/product\/42705","targetHints":{"allow":["GET"]}}],"collection":[{"href":"https:\/\/www.raschvin.com\/sv\/wp-json\/wp\/v2\/product"}],"about":[{"href":"https:\/\/www.raschvin.com\/sv\/wp-json\/wp\/v2\/types\/product"}],"wp:featuredmedia":[{"embeddable":true,"href":"https:\/\/www.raschvin.com\/sv\/wp-json\/wp\/v2\/media\/42711"}],"wp:attachment":[{"href":"https:\/\/www.raschvin.com\/sv\/wp-json\/wp\/v2\/media?parent=42705"}],"wp:term":[{"taxonomy":"product_brand","embeddable":true,"href":"https:\/\/www.raschvin.com\/sv\/wp-json\/wp\/v2\/product_brand?post=42705"},{"taxonomy":"product_cat","embeddable":true,"href":"https:\/\/www.raschvin.com\/sv\/wp-json\/wp\/v2\/product_cat?post=42705"},{"taxonomy":"product_tag","embeddable":true,"href":"https:\/\/www.raschvin.com\/sv\/wp-json\/wp\/v2\/product_tag?post=42705"}],"curies":[{"name":"wp","href":"https:\/\/api.w.org\/{rel}","templated":true}]}}