{"id":42632,"date":"2023-10-27T08:39:39","date_gmt":"2023-10-27T06:39:39","guid":{"rendered":"https:\/\/www.raschvin.com\/produkt\/bladnoch-30-years-connoisseurs-choice-1988-gm-70-cl-558\/"},"modified":"2023-10-27T08:39:39","modified_gmt":"2023-10-27T06:39:39","slug":"bladnoch-30-years-connoisseurs-choice-1988-gm-70-cl-558","status":"publish","type":"product","link":"https:\/\/www.raschvin.com\/sv\/produkt\/bladnoch-30-years-connoisseurs-choice-1988-gm-70-cl-558\/","title":{"rendered":"Bladnoch 30 Years Connoisseurs Choice 1988 G&#038;M 70 cl. 55,8%"},"content":{"rendered":"<p>Bladnoch \u00e4r ett l\u00e5glandsdestilleri med en turbulent historia. For the Bladnoch \u00e4r ett Lowland-destilleri med en turbulent historia. F\u00f6r de flesta av dem k\u00e4mpade det f\u00f6r att h\u00e5lla \u00f6ppet och bytte \u00e4gare vid m\u00e5nga tillf\u00e4llen. Bland de tidigare \u00e4garna fanns Inver House och Bell&#8217;s, som \u00e4ndrade stilen p\u00e5 destilleriets produktion f\u00f6r att passa deras behov, vilket inneb\u00e4r att det finns en stor variation i smaken av b\u00e5de destilleriets buteljeringar och oberoende utgivningar som har dykt upp under \u00e5ren.<\/p>\n<p>Detta \u00e4r en Connoisseur&#8217;s Choice-tappning av Bladnoch, destillerad 1988 och buteljerad 2019.<\/p>\n<p>Varum\u00e4rket Connoisseurs Choice \u00e4r en av de mest k\u00e4nda oberoende buteljeringarna p\u00e5 marknaden och den h\u00e4r utg\u00e5van f\u00f6ljer 2018 \u00e5rs f\u00f6ryngring av varum\u00e4rket som s\u00e5g det omd\u00f6pt till ett premiumsortiment av enstaka fat.<\/p>\n<p>Vi har en f\u00f6rk\u00e4rlek f\u00f6r v\u00e4llagrad Lowland whisky, och n\u00e4r du smakar p\u00e5 denna bl\u00e4ndande Bladnoch fr\u00e5n 1988 \u00e4r det sv\u00e5rt att h\u00e5lla tillbaka din sp\u00e4nning! Den tappas p\u00e5 flaska av Gordon &#038; MacPhail f\u00f6r deras Connoisseurs Choice-serie efter hela 30 \u00e5rs lagring p\u00e5 ett refill amerikanskt hogshead fat. De enda 155 flaskorna \u00e4r buteljerade med fatstyrka, 55,8 %, och \u00e4r inte f\u00e4rgtillsatta eller kylfiltrerade.<\/p>\n<p>F\u00e4rg: Amber.<br \/>\nDoft: Saftig! Mycket f\u00e4rsk r\u00f6d frukt (rabarber, hallon och r\u00f6da \u00e4pplen), vingummi och honung.<br \/>\nSmaknoter: Smaken \u00e4r ocks\u00e5 fruktig och saftig, men du k\u00e4nner ocks\u00e5 dina egna kryddiga toner av mentol och chili.<\/p>\n<p>Serveringsf\u00f6rslag: Njut av det snyggt, g\u00e4rna med en droppe vatten eller tv\u00e5.<\/p>\n<p>Bladnoch grundades 1817 n\u00e4r John och Thomas McClelland best\u00e4mde sig f\u00f6r att g\u00f6ra whisky p\u00e5 familjens g\u00e5rd. Destilleriet var kvar i familjens \u00e4go fram till 1905 och sedan dess har det bytt \u00e4gare en hel del g\u00e5nger, senast 2015 d\u00e5 den australiensiske aff\u00e4rsmannen David Prior k\u00f6pte det tillsammans med de cirka 2 500 fat som fanns i lager. Av dessa komponerade han ett nytt k\u00e4rnsortiment av singelmalt och 2017 startade produktionen upp igen. Stilen \u00e4r klassisk Lowlands: l\u00e4tt, gr\u00e4sig och maltig, men sedan 2017 har man \u00e4ven b\u00f6rjat g\u00f6ra halvstark r\u00f6kt whisky (35 ppm) \u2013 n\u00e5got man normalt inte ser i den regionen. Kapaciteten \u00e4r cirka 1,5 miljoner liter ren alkohol per \u00e5r.<\/p>\n<p>Gordon &#038; MacPhail \u00e4r f\u00f6r den \u00e4dla singelmalten vad Lennon &#038; McCartney \u00e4r f\u00f6r popmusik. I mer \u00e4n 100 \u00e5r har de insisterat p\u00e5 att hoppa \u00f6ver det h\u00f6gsta staketet. Den ned\u00e4rvda k\u00e4nslan av att v\u00e4lja ut de absolut b\u00e4sta faten fr\u00e5n ett brett utbud av destillerier ut\u00f6vas idag som f\u00f6r 100 \u00e5r sedan. N\u00e4r r\u00e4tten \u00e4r utvald transporteras den till G&#038;M:s lager i Elgin. H\u00e4r sk\u00f6ts och v\u00e5rdas fatet tillsammans med tusentals andra utvalda fat fram till den dagen i framtiden, vare sig det \u00e4r fem, tio eller femtio \u00e5r fram\u00e5t, n\u00e4r whiskyn har n\u00e5tt sin zenit. Bara h\u00e4r \u00e4r de dyrbara dropparna p\u00e5 flaska. Majoriteten av vilka den k\u00e4mpade f\u00f6r att f\u00f6rbli \u00f6ppen och bytte \u00e4gare vid m\u00e5nga tillf\u00e4llen. Bland dess tidigare \u00e4gare fanns Inver House och Bell&#8217;s, som \u00e4ndrade stilen p\u00e5 destilleriets produktion f\u00f6r att m\u00f6ta deras behov, vilket inneb\u00e4r att det finns en stor variation i smakerna av b\u00e5de destilleriets buteljeringar och oberoende utg\u00e5vor som har dykt upp under \u00e5ren.<\/p>\n<p>Detta \u00e4r en Connoisseur&#8217;s Choice-tappning av Bladnoch, destillerad 1988 och buteljerad 2019.<\/p>\n<p>Connoisseurs Choice-etiketten \u00e4r en av de mest igenk\u00e4nda oberoende buteljeringarna p\u00e5 marknaden, och den h\u00e4r utg\u00e5van f\u00f6ljer 2018 \u00e5rs f\u00f6ryngring av varum\u00e4rket, som s\u00e5g det omarbetat som en premiumserie f\u00f6r singelfat.<\/p>\n","protected":false},"excerpt":{"rendered":"<p>Limited Single Malt Scotch Whisky<\/p>\n","protected":false},"featured_media":42650,"template":"","meta":{"_acf_changed":false,"rs_blank_template":"","rs_page_bg_color":"","slide_template_v7":""},"product_brand":[],"product_cat":[2387,4651,2392],"product_tag":[],"class_list":{"0":"post-42632","1":"product","2":"type-product","3":"status-publish","4":"has-post-thumbnail","6":"product_cat-avec-sv","7":"product_cat-single-malt-sv","8":"product_cat-whisky-sv","9":"pa_champagne-type-single-cask-sv","10":"pa_land-skottland","11":"pa_procent-55-8-sv","12":"pa_producent-bladnoch-sv","13":"pa_region-lowland-sv","14":"pa_traefad-refill-american-hoshead-sv","15":"pa_vintage-1988-sv","16":"pa_volume-70-sv-2","18":"first","19":"instock","20":"taxable","21":"shipping-taxable","22":"purchasable","23":"product-type-simple"},"bundled_by":[],"bundle_stock_status":"instock","bundle_stock_quantity":null,"bundle_virtual":false,"bundle_layout":"","bundle_add_to_cart_form_location":"","bundle_editable_in_cart":false,"bundle_sold_individually_context":"","bundle_item_grouping":"","bundle_min_size":"","bundle_max_size":"","bundle_price":[],"bundled_items":[],"bundle_sell_ids":[],"acf":[],"_links":{"self":[{"href":"https:\/\/www.raschvin.com\/sv\/wp-json\/wp\/v2\/product\/42632","targetHints":{"allow":["GET"]}}],"collection":[{"href":"https:\/\/www.raschvin.com\/sv\/wp-json\/wp\/v2\/product"}],"about":[{"href":"https:\/\/www.raschvin.com\/sv\/wp-json\/wp\/v2\/types\/product"}],"wp:featuredmedia":[{"embeddable":true,"href":"https:\/\/www.raschvin.com\/sv\/wp-json\/wp\/v2\/media\/42650"}],"wp:attachment":[{"href":"https:\/\/www.raschvin.com\/sv\/wp-json\/wp\/v2\/media?parent=42632"}],"wp:term":[{"taxonomy":"product_brand","embeddable":true,"href":"https:\/\/www.raschvin.com\/sv\/wp-json\/wp\/v2\/product_brand?post=42632"},{"taxonomy":"product_cat","embeddable":true,"href":"https:\/\/www.raschvin.com\/sv\/wp-json\/wp\/v2\/product_cat?post=42632"},{"taxonomy":"product_tag","embeddable":true,"href":"https:\/\/www.raschvin.com\/sv\/wp-json\/wp\/v2\/product_tag?post=42632"}],"curies":[{"name":"wp","href":"https:\/\/api.w.org\/{rel}","templated":true}]}}