{"id":42608,"date":"2023-10-26T20:19:34","date_gmt":"2023-10-26T18:19:34","guid":{"rendered":"https:\/\/www.raschvin.com\/produkt\/mars-kasei-70-cl-40\/"},"modified":"2023-10-26T20:19:34","modified_gmt":"2023-10-26T18:19:34","slug":"mars-kasei-70-cl-40","status":"publish","type":"product","link":"https:\/\/www.raschvin.com\/sv\/produkt\/mars-kasei-70-cl-40\/","title":{"rendered":"Mars Kasei 70 cl. 40%"},"content":{"rendered":"<p>Mars Kasei Whisky, en japansk singelmalt, \u00e4r ett m\u00e4sterverk av precision och excellens. Destilleriet ligger p\u00e5 Japans Honshu Island, d\u00e4r dess m\u00e4ster hantverkare anv\u00e4nder lokalt odlat korn, bergsk\u00e4llvatten och unika destillationsmetoder f\u00f6r att skapa denna exceptionella whisky. Kasei-uttrycket \u00e4r en framst\u00e5ende i Mars-sortimentet, med rika smaker av torkad frukt, vanilj och honungss\u00f6tma som dr\u00f6jer sig kvar i gommen. Fans av japansk whisky kommer inte att vilja missa detta f\u00f6rtjusande erbjudande fr\u00e5n Mars.<\/p>\n<p>N\u00e5gra av de b\u00e4sta whiskyn p\u00e5 jorden kommer fr\u00e5n Mars. S\u00e5 destilleriet Mars Shinshu i Japan!<\/p>\n<p>Liksom m\u00e5nga av de andra destillerierna i Skottland har Mars ett f\u00f6rflutet i en helt annan bransch. F\u00f6retaget startade 1872 som bomullstillverkare. 1909 b\u00f6rjade man tillverka shochu, som under de kommande 50 \u00e5ren utvecklades till en st\u00f6rre portf\u00f6lj av bland annat sake, umeshu och fruktviner. Det var f\u00f6rst 1949 som whiskytillverkningen b\u00f6rjade och 1960 besl\u00f6t man att g\u00e5 \u00f6ver till en h\u00f6gre v\u00e4xel. Mannen som ansvarade f\u00f6r pannorna var Kiichiro Iwai. Iwai var ingen novis i whiskynv\u00e4rlden och 40 \u00e5r tidigare hade han anst\u00e4llt den ber\u00f6mda Masataka Taketsuru, nu k\u00e4nd som &#8221;den japanska whiskyns fader&#8221;. Ut\u00f6ver sin erfarenhet hade han ocks\u00e5 en liten och oansenlig anteckningsbok, vilket skulle visa sig vara oerh\u00f6rt viktigt. I den l\u00e5g en skatt av kunskap g\u00f6md \u2013 det var Masataka Taketsurus anteckningsbok, som han hade f\u00f6rberett under sin studieresa i Skottland, och n\u00e4r han kom hem presenterad f\u00f6r Iwai som en del av sin rapport. Kiichiro Iwai anv\u00e4nde ritningarna i boken f\u00f6r att designa Mars nya pannor.<br \/>\n      Under hela n\u00e4sta period gick produktionen upp och ner och Mars pr\u00e4glades av samma turbulens som resten av den japanska whiskyindustrin. Fr\u00e5n 1992 och 19 \u00e5r fram\u00e5t skedde ingen destillering. Sakta \u00f6kade efterfr\u00e5gan p\u00e5 whisky igen och Mars ins\u00e5g att lagret som de hade dragit p\u00e5 sig under de senaste 2 decennierna h\u00f6ll p\u00e5 att ta slut. 2011 eldades pannorna upp igen. Med en &#8221;ren platta&#8221; efter n\u00e4stan 20 \u00e5rs inaktivitet k\u00e4nde de sig fria att experimentera och hitta exakt de recept som skulle definiera den nya Mars.<\/p>\n<p>Idag anv\u00e4nder de 4 olika typer av malt, alla importerade fr\u00e5n Storbritannien: or\u00f6kt, l\u00e4tt r\u00f6kt (3,5 ppm), kraftigt r\u00f6kt (20 ppm) och superkraftigt r\u00f6kt (50 ppm). Den \u00e4r j\u00e4st med 3 olika sorters j\u00e4st, och f\u00f6r fatlagring anv\u00e4nds ett antal olika fat, mestadels bourbon fr\u00e5n Jack Daniel&#8217;s, men \u00e4ven Madeira- och portfat. F\u00f6rutom att experimentera med olika typer av fat unders\u00f6ker man ocks\u00e5 olika milj\u00f6ers effekt p\u00e5 lagringen. Till exempel skickas en del av den r\u00e5a spriten till Yakushima, som \u00e4r den plats med mest nederb\u00f6rd i hela v\u00e4rlden. Lokalbefolkningen s\u00e4ger att det &#8221;regnar 400 dagar om \u00e5ret&#8221;.<\/p>\n","protected":false},"excerpt":{"rendered":"<p>Japanese Blended Whisky<\/p>\n","protected":false},"featured_media":42668,"template":"","meta":{"_acf_changed":false,"rs_blank_template":"","rs_page_bg_color":"","slide_template_v7":""},"product_brand":[],"product_cat":[2387,4765,2392],"product_tag":[],"class_list":{"0":"post-42608","1":"product","2":"type-product","3":"status-publish","4":"has-post-thumbnail","6":"product_cat-avec-sv","7":"product_cat-blended-sv","8":"product_cat-whisky-sv","9":"pa_land-japan-sv","10":"pa_procent-40-sv-2","11":"pa_producent-shinshu-mars-distillery-sv","12":"pa_region-miyada-sv","13":"pa_volume-70-sv-2","15":"first","16":"instock","17":"sale","18":"taxable","19":"shipping-taxable","20":"purchasable","21":"product-type-simple"},"bundled_by":[],"bundle_stock_status":"instock","bundle_stock_quantity":null,"bundle_virtual":false,"bundle_layout":"","bundle_add_to_cart_form_location":"","bundle_editable_in_cart":false,"bundle_sold_individually_context":"","bundle_item_grouping":"","bundle_min_size":"","bundle_max_size":"","bundle_price":[],"bundled_items":[],"bundle_sell_ids":[],"acf":[],"_links":{"self":[{"href":"https:\/\/www.raschvin.com\/sv\/wp-json\/wp\/v2\/product\/42608","targetHints":{"allow":["GET"]}}],"collection":[{"href":"https:\/\/www.raschvin.com\/sv\/wp-json\/wp\/v2\/product"}],"about":[{"href":"https:\/\/www.raschvin.com\/sv\/wp-json\/wp\/v2\/types\/product"}],"wp:featuredmedia":[{"embeddable":true,"href":"https:\/\/www.raschvin.com\/sv\/wp-json\/wp\/v2\/media\/42668"}],"wp:attachment":[{"href":"https:\/\/www.raschvin.com\/sv\/wp-json\/wp\/v2\/media?parent=42608"}],"wp:term":[{"taxonomy":"product_brand","embeddable":true,"href":"https:\/\/www.raschvin.com\/sv\/wp-json\/wp\/v2\/product_brand?post=42608"},{"taxonomy":"product_cat","embeddable":true,"href":"https:\/\/www.raschvin.com\/sv\/wp-json\/wp\/v2\/product_cat?post=42608"},{"taxonomy":"product_tag","embeddable":true,"href":"https:\/\/www.raschvin.com\/sv\/wp-json\/wp\/v2\/product_tag?post=42608"}],"curies":[{"name":"wp","href":"https:\/\/api.w.org\/{rel}","templated":true}]}}