{"id":42560,"date":"2023-10-26T18:37:25","date_gmt":"2023-10-26T16:37:25","guid":{"rendered":"https:\/\/www.raschvin.com\/produkt\/adriatico-amaretto-grappa-cask-limited-ed-70-cl-28\/"},"modified":"2023-10-26T18:37:25","modified_gmt":"2023-10-26T16:37:25","slug":"adriatico-amaretto-grappa-cask-limited-ed-70-cl-28","status":"publish","type":"product","link":"https:\/\/www.raschvin.com\/sv\/produkt\/adriatico-amaretto-grappa-cask-limited-ed-70-cl-28\/","title":{"rendered":"Adriatico Amaretto Grappa Cask Limited Ed. 70 cl. 28%"},"content":{"rendered":"<p>H\u00e4r \u00e4r vi igen och experimenterar med lagring p\u00e5 olika ex-spritfat.<\/p>\n<p>Efter de fantastiska resultaten vi hade med CARONI romlagring och HEAVEN HILLS bourbonlagring, ville vi skapa n\u00e5got ov\u00e4ntat. N\u00e5got.. vin\u00f6st?<\/p>\n<p>I Italien har de en av de \u00e4ldsta vintraditionerna, och som varje land som har en l\u00e5ng historia och en stor produktion av druvprodukter, har de ocks\u00e5 sprit som kommer fr\u00e5n &#8221;vernaccia&#8221;, pressrester.<\/p>\n<p>Och s\u00e5, efter 24 m\u00e5naders vila i det mest bekv\u00e4ma och aromatiska hemmet, fick vi \u00e4ntligen den eleganta och kraftfulla ADRIATICO AGED IN GRAPPA BONOLLO CASK. Grappa \u00e4r den mest traditionella italienska spriten som kommer fr\u00e5n destilleringen av resterna och resterna av vinets produktion. Bonollo \u00e4r ett av de mest prestigefyllda namnen i branschen, baserat i Padova, med ett l\u00e5ngt arv och en blick mot framtiden.<\/p>\n<p>Slutresultatet \u00e4r en otrolig och elegant profil, komplex men enkel, aromatisk och vin\u00f6s, mineral med kryddor och en omslutande vaniljfinish.<\/p>\n<p>Denna nya produkt fr\u00e5n ADRIATICOs familj ger gourmanderna ett annat s\u00e4tt att smaka och uppskatta den riktiga amaretton och alla smaker som passar perfekt till den, vilket g\u00f6r varje g\u00e5ng till en riktig upplevelse.<\/p>\n<p>H\u00e4r \u00e4r smakguiden gjord av Gennaro Buono, b\u00e4sta italienska sommelier 2012:<\/p>\n<p>&#8221;Vid synen sl\u00e5r den f\u00f6r sin attraktivitet, ett sm\u00e4lt guld blandat med b\u00e4rnsten som avsl\u00f6jar n\u00e5gra tegelr\u00f6da nyanser som inte g\u00e5r obem\u00e4rkt f\u00f6rbi.<\/p>\n<p>Den r\u00f6r sig slingrande i glaset, l\u00e5ngsamt, som ett bevis p\u00e5 en fin t\u00e4thet som omsluter olika element som finns d\u00e4r och v\u00e4ntar p\u00e5 att smakaren ska uppt\u00e4ckas.<\/p>\n<p>En otroligt komplex doftserie som korsar landomr\u00e5den, \u00e5rstider och upplevelser, som sedan tar tillbaka aromaterna till sitt fasta italienska ursprung!<\/p>\n<p>Resan b\u00f6rjar med snygga karamellnoter, perfekt definierade, den p\u00e5minner om torrone, kaffe, praliner, rost.. sedan charmas n\u00e4san av jodsensationer, marina, som skiftar mot minnen av medelhavsskrubb, salvia och lavendelessens.<\/p>\n<p>Jag finner samma komplexitet i munnen, ett mjukt anfall, sammetslen, som omfamnar tungan, den \u00f6vertygar den, den materiska k\u00e4nslan \u00e4r den av str\u00f6socker. I detta tivoli av aromer och smaker kommer andra g\u00e4ster: fruktiga minnen av fikon, tonka och marsipan.<\/p>\n<p>Avslutningen \u00e4r extremt delikat, o\u00e4ndlig&#8230; f\u00f6r att vittna om den otroliga kraften, balansen och elegansen som den kan uttrycka. Balansen placerar varje element p\u00e5 r\u00e4tt plats, \u00e4ven alkoholnoterna \u00e4r fina, subtila, n\u00e4stan abstrakta.. en mjuk men djup sensorisk upplevelse, f\u00f6r en produkt som stannar d\u00e4r, i provarens sinne, som en poesi som har mycket att g\u00f6ra ber\u00e4tta och det ber\u00f6r varje ackord av dina k\u00e4nslor.&#8221;<\/p>\n<p>Tillverkningen \u00e4r p\u00e5 1230 flaskor i begr\u00e4nsad upplaga.<\/p>\n<p>F\u00f6r vi tycker att Amaretto \u00e4r en seri\u00f6s behandling.<\/p>\n<p>Honn\u00f6r!<\/p>\n","protected":false},"excerpt":{"rendered":"<p>Italian Premium Liqueur<\/p>\n","protected":false},"featured_media":42576,"template":"","meta":{"_acf_changed":false,"rs_blank_template":"","rs_page_bg_color":"","slide_template_v7":""},"product_brand":[],"product_cat":[4716,2387,2390],"product_tag":[],"class_list":{"0":"post-42560","1":"product","2":"type-product","3":"status-publish","4":"has-post-thumbnail","6":"product_cat-andra-likorer","7":"product_cat-avec-sv","8":"product_cat-sprit","9":"pa_land-italien-sv","10":"pa_procent-28-sv","11":"pa_producent-amaretto-adriatico-sv","12":"pa_region-puglia-sv","13":"pa_traefad-grappa-sv","14":"pa_volume-70-sv-2","16":"first","17":"instock","18":"taxable","19":"shipping-taxable","20":"purchasable","21":"product-type-simple"},"bundled_by":[],"bundle_stock_status":"instock","bundle_stock_quantity":null,"bundle_virtual":false,"bundle_layout":"","bundle_add_to_cart_form_location":"","bundle_editable_in_cart":false,"bundle_sold_individually_context":"","bundle_item_grouping":"","bundle_min_size":"","bundle_max_size":"","bundle_price":[],"bundled_items":[],"bundle_sell_ids":[],"acf":[],"_links":{"self":[{"href":"https:\/\/www.raschvin.com\/sv\/wp-json\/wp\/v2\/product\/42560","targetHints":{"allow":["GET"]}}],"collection":[{"href":"https:\/\/www.raschvin.com\/sv\/wp-json\/wp\/v2\/product"}],"about":[{"href":"https:\/\/www.raschvin.com\/sv\/wp-json\/wp\/v2\/types\/product"}],"wp:featuredmedia":[{"embeddable":true,"href":"https:\/\/www.raschvin.com\/sv\/wp-json\/wp\/v2\/media\/42576"}],"wp:attachment":[{"href":"https:\/\/www.raschvin.com\/sv\/wp-json\/wp\/v2\/media?parent=42560"}],"wp:term":[{"taxonomy":"product_brand","embeddable":true,"href":"https:\/\/www.raschvin.com\/sv\/wp-json\/wp\/v2\/product_brand?post=42560"},{"taxonomy":"product_cat","embeddable":true,"href":"https:\/\/www.raschvin.com\/sv\/wp-json\/wp\/v2\/product_cat?post=42560"},{"taxonomy":"product_tag","embeddable":true,"href":"https:\/\/www.raschvin.com\/sv\/wp-json\/wp\/v2\/product_tag?post=42560"}],"curies":[{"name":"wp","href":"https:\/\/api.w.org\/{rel}","templated":true}]}}