{"id":42557,"date":"2023-10-26T18:23:45","date_gmt":"2023-10-26T16:23:45","guid":{"rendered":"https:\/\/www.raschvin.com\/produkt\/pallini-limoncello-amalfi-coast-edition-50-cl-28\/"},"modified":"2023-10-26T18:23:45","modified_gmt":"2023-10-26T16:23:45","slug":"pallini-limoncello-amalfi-coast-edition-50-cl-28","status":"publish","type":"product","link":"https:\/\/www.raschvin.com\/sv\/produkt\/pallini-limoncello-amalfi-coast-edition-50-cl-28\/","title":{"rendered":"Pallini Limoncello Amalfi Coast Edition 50 cl. 28%"},"content":{"rendered":"<p>En fin limoncello f\u00f6rtj\u00e4nar naturligtvis en fin flaska! Denna begr\u00e4nsade upplaga fr\u00e5n Pallini Limoncello \u00e4r ett litet konstverk.<\/p>\n<p>Bakom Pallini Limoncello ligger ett mer \u00e4n 100 \u00e5r gammalt familjerecept. Faktum \u00e4r att familjen har gjort den traditionella italienska lik\u00f6ren sedan 1875! De anv\u00e4nder helt f\u00e4rska citroner, av typen Sfusato Amalfitano, som sk\u00f6rdas f\u00f6r hand. Skalet infunderas i neutral sprit (gjord av sockerbetsmelass) inom 24 timmar efter sk\u00f6rd. Man m\u00e5ste jobba snabbt om aromen ska bevaras perfekt! Lik\u00f6ren \u00e4r smaksatt med socker och buteljerad med 26 % alkohol.<\/p>\n<p>F\u00e4rg: Ljus, gr\u00f6ngul.<br \/>\nDoft: Den perfekta doften av f\u00e4rskt citronskal och juice.<br \/>\nSmakanteckningar: Smaken \u00e4r rik och fr\u00e4sch p\u00e5 samma g\u00e5ng. P\u00e5minner om citronmar\u00e4ngpaj, med en mintig fr\u00e4sch\u00f6r och balanserad s\u00f6tma.<\/p>\n<p>Serveringsf\u00f6rslag: Kan avnjutas snyggt eller i cocktails.<\/p>\n","protected":false},"excerpt":{"rendered":"<p>Italian Lemon Liqueur<\/p>\n","protected":false},"featured_media":42567,"template":"","meta":{"_acf_changed":false,"rs_blank_template":"","rs_page_bg_color":"","slide_template_v7":""},"product_brand":[],"product_cat":[2387,4670,2390],"product_tag":[],"class_list":{"0":"post-42557","1":"product","2":"type-product","3":"status-publish","4":"has-post-thumbnail","6":"product_cat-avec-sv","7":"product_cat-frukt","8":"product_cat-sprit","9":"pa_land-italien-sv","10":"pa_procent-28-sv","11":"pa_producent-pallini-sv","12":"pa_region-amalfi-sv","13":"pa_serveringstemperatur-8-10-sv","14":"pa_volume-50-sv","16":"first","17":"instock","18":"sale","19":"taxable","20":"shipping-taxable","21":"purchasable","22":"product-type-simple"},"bundled_by":[],"bundle_stock_status":"instock","bundle_stock_quantity":null,"bundle_virtual":false,"bundle_layout":"","bundle_add_to_cart_form_location":"","bundle_editable_in_cart":false,"bundle_sold_individually_context":"","bundle_item_grouping":"","bundle_min_size":"","bundle_max_size":"","bundle_price":[],"bundled_items":[],"bundle_sell_ids":[],"acf":[],"_links":{"self":[{"href":"https:\/\/www.raschvin.com\/sv\/wp-json\/wp\/v2\/product\/42557","targetHints":{"allow":["GET"]}}],"collection":[{"href":"https:\/\/www.raschvin.com\/sv\/wp-json\/wp\/v2\/product"}],"about":[{"href":"https:\/\/www.raschvin.com\/sv\/wp-json\/wp\/v2\/types\/product"}],"wp:featuredmedia":[{"embeddable":true,"href":"https:\/\/www.raschvin.com\/sv\/wp-json\/wp\/v2\/media\/42567"}],"wp:attachment":[{"href":"https:\/\/www.raschvin.com\/sv\/wp-json\/wp\/v2\/media?parent=42557"}],"wp:term":[{"taxonomy":"product_brand","embeddable":true,"href":"https:\/\/www.raschvin.com\/sv\/wp-json\/wp\/v2\/product_brand?post=42557"},{"taxonomy":"product_cat","embeddable":true,"href":"https:\/\/www.raschvin.com\/sv\/wp-json\/wp\/v2\/product_cat?post=42557"},{"taxonomy":"product_tag","embeddable":true,"href":"https:\/\/www.raschvin.com\/sv\/wp-json\/wp\/v2\/product_tag?post=42557"}],"curies":[{"name":"wp","href":"https:\/\/api.w.org\/{rel}","templated":true}]}}