{"id":42554,"date":"2023-10-26T18:11:08","date_gmt":"2023-10-26T16:11:08","guid":{"rendered":"https:\/\/www.raschvin.com\/produkt\/courvoisier-v-s-o-p-cognac-5-cl-40\/"},"modified":"2023-10-26T18:11:08","modified_gmt":"2023-10-26T16:11:08","slug":"courvoisier-v-s-o-p-cognac-5-cl-40","status":"publish","type":"product","link":"https:\/\/www.raschvin.com\/sv\/produkt\/courvoisier-v-s-o-p-cognac-5-cl-40\/","title":{"rendered":"Courvoisier V.S.O.P Cognac 5 cl. 40%"},"content":{"rendered":"<p>B\u00e5de Grande och Petite Champagnes bidrar med harmoni, medan Fins Bois ger Courvoisier\u00ae VSOP Cognac en blommig och fruktig karakt\u00e4r.<\/p>\n<p>\u00c4lskat av kungligheter, k\u00e4ndisar och artister genom \u00e5ren, \u00e4r detta ett varum\u00e4rke som har satt sin pr\u00e4gel p\u00e5 v\u00e4rlden sedan starten och kommer att forts\u00e4tta g\u00f6ra det i framtiden.<\/p>\n<p>Fins Bois, Grande och Petite Champagne druvor samlas in fr\u00e5n Cognac-regionen och bearbetas till sin distinkta eau-de-vie. Dessa blandas sedan skickligt i andan som kallas Courvoisier VSOP. VSOP st\u00e5r f\u00f6r &#8221;Very Superior Old Pale&#8221;, vilket betyder att den yngsta eau-de-vie som anv\u00e4nds i blandningen \u00e4r minst fyra \u00e5r gammal. Denna mjuka och eleganta konjak lyser med de vackra smakerna av persika, rostad mandel och jasmin och \u00e4r helt enkelt tidl\u00f6s.<\/p>\n<p>Doften av Courvoisier VSOP g\u00f6r denna fint utformade sprit f\u00f6rtrollande. Men det \u00e4r smaken som f\u00e5r dig att komma tillbaka f\u00f6r mer. Den vackra b\u00e4rnstensf\u00e4rgade f\u00e4rgen som uppn\u00e5s genom att \u00e5ldras i m\u00e5nga \u00e5r ger vika f\u00f6r en smak som b\u00e4st avnjuts hur du vill. Oavsett om det \u00e4r snyggt, p\u00e5 klipporna, med en skv\u00e4tt vatten eller i en blandad drink, kommer Courvoisier VSOP garanterat att gl\u00e4nsa.<\/p>\n","protected":false},"excerpt":{"rendered":"<p>Cognac de France<\/p>\n","protected":false},"featured_media":42585,"template":"","meta":{"_acf_changed":false,"rs_blank_template":"","rs_page_bg_color":"","slide_template_v7":""},"product_brand":[],"product_cat":[2387,2389,4606],"product_tag":[],"class_list":{"0":"post-42554","1":"product","2":"type-product","3":"status-publish","4":"has-post-thumbnail","6":"product_cat-avec-sv","7":"product_cat-cognac-sv","8":"product_cat-v-s-o-p-sv","9":"pa_land-frankrike","10":"pa_procent-40-sv-2","11":"pa_producent-courvoisier-sv","12":"pa_region-cognac-sv","13":"pa_volume-5-sv","15":"first","16":"instock","17":"taxable","18":"shipping-taxable","19":"purchasable","20":"product-type-simple"},"bundled_by":[],"bundle_stock_status":"instock","bundle_stock_quantity":null,"bundle_virtual":false,"bundle_layout":"","bundle_add_to_cart_form_location":"","bundle_editable_in_cart":false,"bundle_sold_individually_context":"","bundle_item_grouping":"","bundle_min_size":"","bundle_max_size":"","bundle_price":[],"bundled_items":[],"bundle_sell_ids":[],"acf":[],"_links":{"self":[{"href":"https:\/\/www.raschvin.com\/sv\/wp-json\/wp\/v2\/product\/42554","targetHints":{"allow":["GET"]}}],"collection":[{"href":"https:\/\/www.raschvin.com\/sv\/wp-json\/wp\/v2\/product"}],"about":[{"href":"https:\/\/www.raschvin.com\/sv\/wp-json\/wp\/v2\/types\/product"}],"wp:featuredmedia":[{"embeddable":true,"href":"https:\/\/www.raschvin.com\/sv\/wp-json\/wp\/v2\/media\/42585"}],"wp:attachment":[{"href":"https:\/\/www.raschvin.com\/sv\/wp-json\/wp\/v2\/media?parent=42554"}],"wp:term":[{"taxonomy":"product_brand","embeddable":true,"href":"https:\/\/www.raschvin.com\/sv\/wp-json\/wp\/v2\/product_brand?post=42554"},{"taxonomy":"product_cat","embeddable":true,"href":"https:\/\/www.raschvin.com\/sv\/wp-json\/wp\/v2\/product_cat?post=42554"},{"taxonomy":"product_tag","embeddable":true,"href":"https:\/\/www.raschvin.com\/sv\/wp-json\/wp\/v2\/product_tag?post=42554"}],"curies":[{"name":"wp","href":"https:\/\/api.w.org\/{rel}","templated":true}]}}