{"id":42494,"date":"2023-10-26T09:22:33","date_gmt":"2023-10-26T07:22:33","guid":{"rendered":"https:\/\/www.raschvin.com\/produkt\/zuidam-jonge-genever-50-cl-35\/"},"modified":"2023-10-26T09:22:33","modified_gmt":"2023-10-26T07:22:33","slug":"zuidam-jonge-genever-50-cl-35","status":"publish","type":"product","link":"https:\/\/www.raschvin.com\/sv\/produkt\/zuidam-jonge-genever-50-cl-35\/","title":{"rendered":"Zuidam Jonge Genever 50 cl. 35%"},"content":{"rendered":"<p>Denna Jonge Genever fr\u00e5n Zuidam \u00e4r en uts\u00f6kt ung genever som \u00e4r destillerad fr\u00e5n enb\u00e4r, salttr\u00e4 och anis. F\u00f6rutom en vacker och subtil kryddighet har denna unga geneva fruktiga aromer och en behaglig munk\u00e4nsla. Destillerad i v\u00e5rt eget destilleri fr\u00e5n tre sorters spannm\u00e5l och i en liten kastrull.<\/p>\n<p>Zuidam Jonge Graan Genever \u00e4r destillerad fr\u00e5n en m\u00e4sk som best\u00e5r av en tredjedel majs, en tredjedel kornmalt och en tredjedel r\u00e5g. D\u00e4refter omdestilleras en del av detta med utvalda v\u00e4xter: enb\u00e4r, lakrits och anis. Resultatet \u00e4r en fr\u00e4sch och fruktig genever, som buteljeras utan fatlagring vid 35 % alkohol.<\/p>\n<p>F\u00e4rg: Klar.<br \/>\nDoft: Doften k\u00e4nnetecknas av enb\u00e4r, lakrits och vanilj.<br \/>\nSmaknoter: Fyllig och mjuk med toner av varmt r\u00e5gbr\u00f6d och enb\u00e4r.<\/p>\n<p>Serveringsf\u00f6rslag: Kan avnjutas snyggt eller i cocktails.<\/p>\n<p>Zuidam Distillers startades 1975 av Fred van Zuidam. P\u00e5 den tiden hade destilleriet bara en liten kastrull och cirka 300 kvadratmeter att arbeta p\u00e5. Efter 10 \u00e5r av h\u00e5rt arbete hade Zuidam odlat ett rykte som Hollands finaste destilleri, men det tog fart f\u00f6rst n\u00e4r Fred fick sin fru Helene att designa flaskorna. Idag \u00e4r Zuidam fortfarande ett av Hollands mest respekterade destillerier, med mer \u00e4n tusen fat i lager och 4 nya kopparpot stills som lyser i deras 3600 kvadratmeter stora destilleri. M\u00e5let \u00e4r dock fortfarande detsamma: att g\u00f6ra produkter av h\u00f6gsta m\u00f6jliga kvalitet med hantverk i fr\u00e4msta rummet. Portf\u00f6ljen inneh\u00e5ller bland annat gin, single malt whisky, genever, lik\u00f6rer och rom.<\/p>\n","protected":false},"excerpt":{"rendered":"<p>Dutch Genever \u2013 Zuidam Distillers<\/p>\n","protected":false},"featured_media":42533,"template":"","meta":{"_acf_changed":false,"rs_blank_template":"","rs_page_bg_color":"","slide_template_v7":""},"product_brand":[],"product_cat":[4587,2402],"product_tag":[],"class_list":{"0":"post-42494","1":"product","2":"type-product","3":"status-publish","4":"has-post-thumbnail","6":"product_cat-genever-sv","7":"product_cat-sprit-sv","8":"pa_land-nederlaenderna","9":"pa_procent-35-sv","10":"pa_producent-zuidam-distillers-sv","11":"pa_region-barde-nassau-sv","12":"pa_volume-50-sv","14":"first","15":"instock","16":"taxable","17":"shipping-taxable","18":"purchasable","19":"product-type-simple"},"bundled_by":[],"bundle_stock_status":"instock","bundle_stock_quantity":null,"bundle_virtual":false,"bundle_layout":"","bundle_add_to_cart_form_location":"","bundle_editable_in_cart":false,"bundle_sold_individually_context":"","bundle_item_grouping":"","bundle_min_size":"","bundle_max_size":"","bundle_price":[],"bundled_items":[],"bundle_sell_ids":[],"acf":[],"_links":{"self":[{"href":"https:\/\/www.raschvin.com\/sv\/wp-json\/wp\/v2\/product\/42494","targetHints":{"allow":["GET"]}}],"collection":[{"href":"https:\/\/www.raschvin.com\/sv\/wp-json\/wp\/v2\/product"}],"about":[{"href":"https:\/\/www.raschvin.com\/sv\/wp-json\/wp\/v2\/types\/product"}],"wp:featuredmedia":[{"embeddable":true,"href":"https:\/\/www.raschvin.com\/sv\/wp-json\/wp\/v2\/media\/42533"}],"wp:attachment":[{"href":"https:\/\/www.raschvin.com\/sv\/wp-json\/wp\/v2\/media?parent=42494"}],"wp:term":[{"taxonomy":"product_brand","embeddable":true,"href":"https:\/\/www.raschvin.com\/sv\/wp-json\/wp\/v2\/product_brand?post=42494"},{"taxonomy":"product_cat","embeddable":true,"href":"https:\/\/www.raschvin.com\/sv\/wp-json\/wp\/v2\/product_cat?post=42494"},{"taxonomy":"product_tag","embeddable":true,"href":"https:\/\/www.raschvin.com\/sv\/wp-json\/wp\/v2\/product_tag?post=42494"}],"curies":[{"name":"wp","href":"https:\/\/api.w.org\/{rel}","templated":true}]}}