{"id":42485,"date":"2023-10-26T08:26:40","date_gmt":"2023-10-26T06:26:40","guid":{"rendered":"https:\/\/www.raschvin.com\/produkt\/waqar-pisco-70-cl-40\/"},"modified":"2023-10-26T08:26:40","modified_gmt":"2023-10-26T06:26:40","slug":"waqar-pisco-70-cl-40","status":"publish","type":"product","link":"https:\/\/www.raschvin.com\/sv\/produkt\/waqar-pisco-70-cl-40\/","title":{"rendered":"Waqar Pisco 70 cl. 40%"},"content":{"rendered":"<p>Familjen Camposano har praktiserat hantverksdestillation i Chile i fem generationer med vin gjort p\u00e5 handplockade druvor Rosa Muscat och Muscat of Alexandria fr\u00e5n den lilla byn Tulahu\u00e9n vid foten av Anderna. Vinet destilleras endast en g\u00e5ng i pot stills och blandas med det friska bergsvattnet som bevattnar Tulahu\u00e9ns terroir. Masterdestilleriet v\u00e4rmer destillationerna med ved och sk\u00e4r i sm\u00e5 partier f\u00f6r att ha mer kontroll \u00f6ver slutprodukten.<\/p>\n<p>L\u00e4tt och ren, n\u00e4san \u00e4r som en frisk, mintig bris med toner av vita blommor, stenfrukt, p\u00e4ron och jordgubbar. I munnen \u00e4r en delikat viol och l\u00e4tta ingef\u00e4ra toner skiktade, len med bra struktur och kryddiga toner som tillf\u00f6r mer komplexitet och en l\u00e5ng, delikat finish.<\/p>\n<p>Pisco \u00e4r den nationella andan i Chile (liksom i Peru) och Waqar \u00e4r ett av de b\u00e4sta exemplen vi hittills har hittat. Den produceras i Pisquera Tulahu\u00e9n i Coquimbo p\u00e5 1100 meters h\u00f6jd p\u00e5 100 % muscat som odlats vid foten av Anderna och sk\u00f6rdats f\u00f6r hand, precis som man gjorde n\u00e4r Pisco Waqar tillverkades f\u00f6r f\u00f6rsta g\u00e5ngen, f\u00f6r mer \u00e4n 170 \u00e5r sedan. Druvorna pressas och j\u00e4ser till ett vin, som destilleras i traditionell kopparalmbics eldad med ved.<\/p>\n<p>Waqar \u00e4r f\u00f6rmodligen en av de mest prisbel\u00f6nta piscos som finns, med guldmedaljer vid SFWSC, International Spirits Challenge, Berlin International Spirits Competition och en m\u00e4ngd andra.<\/p>\n","protected":false},"excerpt":{"rendered":"<p>Chilean Artisan Made Premium Pisco<\/p>\n","protected":false},"featured_media":42530,"template":"","meta":{"_acf_changed":false,"rs_blank_template":"","rs_page_bg_color":"","slide_template_v7":""},"product_brand":[],"product_cat":[2387,6314],"product_tag":[],"class_list":{"0":"post-42485","1":"product","2":"type-product","3":"status-publish","4":"has-post-thumbnail","6":"product_cat-avec-sv","7":"product_cat-pisco-sv","8":"pa_drue-moscato-sv","9":"pa_land-chile-sv","10":"pa_procent-40-sv-2","11":"pa_producent-waqar-sv","12":"pa_region-coquimbo-sv","13":"pa_volume-70-sv-2","15":"first","16":"instock","17":"sale","18":"taxable","19":"shipping-taxable","20":"purchasable","21":"product-type-simple"},"bundled_by":[],"bundle_stock_status":"instock","bundle_stock_quantity":null,"bundle_virtual":false,"bundle_layout":"","bundle_add_to_cart_form_location":"","bundle_editable_in_cart":false,"bundle_sold_individually_context":"","bundle_item_grouping":"","bundle_min_size":"","bundle_max_size":"","bundle_price":[],"bundled_items":[],"bundle_sell_ids":[],"acf":[],"_links":{"self":[{"href":"https:\/\/www.raschvin.com\/sv\/wp-json\/wp\/v2\/product\/42485","targetHints":{"allow":["GET"]}}],"collection":[{"href":"https:\/\/www.raschvin.com\/sv\/wp-json\/wp\/v2\/product"}],"about":[{"href":"https:\/\/www.raschvin.com\/sv\/wp-json\/wp\/v2\/types\/product"}],"wp:featuredmedia":[{"embeddable":true,"href":"https:\/\/www.raschvin.com\/sv\/wp-json\/wp\/v2\/media\/42530"}],"wp:attachment":[{"href":"https:\/\/www.raschvin.com\/sv\/wp-json\/wp\/v2\/media?parent=42485"}],"wp:term":[{"taxonomy":"product_brand","embeddable":true,"href":"https:\/\/www.raschvin.com\/sv\/wp-json\/wp\/v2\/product_brand?post=42485"},{"taxonomy":"product_cat","embeddable":true,"href":"https:\/\/www.raschvin.com\/sv\/wp-json\/wp\/v2\/product_cat?post=42485"},{"taxonomy":"product_tag","embeddable":true,"href":"https:\/\/www.raschvin.com\/sv\/wp-json\/wp\/v2\/product_tag?post=42485"}],"curies":[{"name":"wp","href":"https:\/\/api.w.org\/{rel}","templated":true}]}}