{"id":42406,"date":"2023-10-25T20:40:13","date_gmt":"2023-10-25T18:40:13","guid":{"rendered":"https:\/\/www.raschvin.com\/produkt\/hokkan-sake-ougyoku-junmai-72-cl-145\/"},"modified":"2023-10-25T20:40:13","modified_gmt":"2023-10-25T18:40:13","slug":"hokkan-sake-ougyoku-junmai-72-cl-145","status":"publish","type":"product","link":"https:\/\/www.raschvin.com\/sv\/produkt\/hokkan-sake-ougyoku-junmai-72-cl-145\/","title":{"rendered":"Hokkan Sake Ougyoku Junmai 72 cl. 14,5%"},"content":{"rendered":"<p>Choya Hokkan Ougyoku Junmai \u00e4r en sake fr\u00e5n Hochigi i Japan. Denna &#8221;junmai&#8221; sake \u00e4r gjord uteslutande av japanskt ris som har polerats till 60%. Inga andra former av alkohol har tillsatts, vilket \u00e4r fallet med andra typer av sake.<\/p>\n<p>F\u00e4rg: Klar med svag vit glans.<br \/>\nDoft: Milda toner av \u00e4pplen, melon och p\u00e4ron.<br \/>\nSmaknoter: L\u00e4tt, fruktig och fr\u00e4sch.<\/p>\n<p>Serveringsf\u00f6rslag: Njut av den i rumstemperatur eller l\u00e4tt kyld, t ex med sushi.<\/p>\n<p>Choya ligger i Habikino, Osaka, och \u00e4r v\u00e4rldens st\u00f6rsta (och, enligt m\u00e5ngas \u00e5sikt, den b\u00e4sta) producenten av umeshu. Och vad \u00e4r det? Ja, umeshu \u00e4r en japansk lik\u00f6r gjord p\u00e5 umefrukten, som tillh\u00f6r samma familj som plommon och aprikoser, men har en betydligt h\u00f6gre syrahalt. Choya g\u00f6r m\u00e5nga olika sorters umeshu, vissa helt traditionella och andra mer innovativa \u2013 men gemensamt f\u00f6r dem alla \u00e4r att inga konstgjorda tillsatser n\u00e5gonsin anv\u00e4nds \u2013 varken f\u00e4rg- eller smak\u00e4mnen.<\/p>\n<p>Smaken av en god umeshu kommer inte bara fr\u00e5n fruktk\u00f6ttet och skalet, utan ocks\u00e5 fr\u00e5n k\u00e4rnan. Av de hundratals ume-sorter som finns i Japan har Choya valt att arbeta med endast fyra, varav s\u00e4rskilt Nanko-ume fr\u00e5n Wakayama \u00e4r s\u00e4rskilt eftertraktad bland annat p\u00e5 grund av sin h\u00f6ga syra.<\/p>\n","protected":false},"excerpt":{"rendered":"<p>CHOYA UMESHU CO., LTD.<\/p>\n","protected":false},"featured_media":42468,"template":"","meta":{"_acf_changed":false,"rs_blank_template":"","rs_page_bg_color":"","slide_template_v7":""},"product_brand":[],"product_cat":[2387,4593],"product_tag":[],"class_list":{"0":"post-42406","1":"product","2":"type-product","3":"status-publish","4":"has-post-thumbnail","6":"product_cat-avec-sv","7":"product_cat-sake-umeshu-sv","8":"pa_land-japan-sv","9":"pa_procent-14-5-sv","10":"pa_producent-choya-sv","11":"pa_region-habikino-sv","12":"pa_volume-72-sv","14":"first","15":"instock","16":"taxable","17":"shipping-taxable","18":"purchasable","19":"product-type-simple"},"bundled_by":[],"bundle_stock_status":"instock","bundle_stock_quantity":null,"bundle_virtual":false,"bundle_layout":"","bundle_add_to_cart_form_location":"","bundle_editable_in_cart":false,"bundle_sold_individually_context":"","bundle_item_grouping":"","bundle_min_size":"","bundle_max_size":"","bundle_price":[],"bundled_items":[],"bundle_sell_ids":[],"acf":[],"_links":{"self":[{"href":"https:\/\/www.raschvin.com\/sv\/wp-json\/wp\/v2\/product\/42406","targetHints":{"allow":["GET"]}}],"collection":[{"href":"https:\/\/www.raschvin.com\/sv\/wp-json\/wp\/v2\/product"}],"about":[{"href":"https:\/\/www.raschvin.com\/sv\/wp-json\/wp\/v2\/types\/product"}],"wp:featuredmedia":[{"embeddable":true,"href":"https:\/\/www.raschvin.com\/sv\/wp-json\/wp\/v2\/media\/42468"}],"wp:attachment":[{"href":"https:\/\/www.raschvin.com\/sv\/wp-json\/wp\/v2\/media?parent=42406"}],"wp:term":[{"taxonomy":"product_brand","embeddable":true,"href":"https:\/\/www.raschvin.com\/sv\/wp-json\/wp\/v2\/product_brand?post=42406"},{"taxonomy":"product_cat","embeddable":true,"href":"https:\/\/www.raschvin.com\/sv\/wp-json\/wp\/v2\/product_cat?post=42406"},{"taxonomy":"product_tag","embeddable":true,"href":"https:\/\/www.raschvin.com\/sv\/wp-json\/wp\/v2\/product_tag?post=42406"}],"curies":[{"name":"wp","href":"https:\/\/api.w.org\/{rel}","templated":true}]}}