{"id":42367,"date":"2023-10-25T18:49:19","date_gmt":"2023-10-25T16:49:19","guid":{"rendered":"https:\/\/www.raschvin.com\/produkt\/choya-sake-gold-label-75-cl-145\/"},"modified":"2023-10-25T18:49:19","modified_gmt":"2023-10-25T16:49:19","slug":"choya-sake-gold-label-75-cl-145","status":"publish","type":"product","link":"https:\/\/www.raschvin.com\/sv\/produkt\/choya-sake-gold-label-75-cl-145\/","title":{"rendered":"Choya Sake Gold Label 75 cl. 14,5%"},"content":{"rendered":"<p>Choya Gold Label \u00e4r en japansk sake fr\u00e5n den v\u00e4lk\u00e4nda producenten Choya och h\u00e4r tar vi ett steg upp p\u00e5 kvalitetsstegen fr\u00e5n deras &#8221;normala&#8221; sake. Gold Label-utg\u00e5van \u00e4r bland annat buteljerad p\u00e5 lite h\u00f6gre styrka. En fr\u00e4sch och l\u00e4tt fruktig sake.<\/p>\n<p>F\u00e4rg: Blek gulaktig.<br \/>\nDoft: Milda toner av melon, s\u00f6tt ris och mandel.<br \/>\nSmaknoter: Frisk, l\u00e4tt s\u00f6t smak med en fruktig touch.<\/p>\n<p>Serveringsf\u00f6rslag: Njut av den till exempel till sushi eller fisk \u2013 g\u00e4rna lite kyld hellre \u00e4n varm.<\/p>\n<p>Choya ligger i Habikino, Osaka, och \u00e4r v\u00e4rldens st\u00f6rsta (och, enligt m\u00e5ngas \u00e5sikt, den b\u00e4sta) producenten av umeshu. Och vad \u00e4r det? Ja, umeshu \u00e4r en japansk lik\u00f6r gjord p\u00e5 umefrukten, som tillh\u00f6r samma familj som plommon och aprikoser, men har en betydligt h\u00f6gre syrahalt. Choya g\u00f6r m\u00e5nga olika sorters umeshu, vissa helt traditionella och andra mer innovativa \u2013 men gemensamt f\u00f6r dem alla \u00e4r att inga konstgjorda tillsatser n\u00e5gonsin anv\u00e4nds \u2013 varken f\u00e4rg- eller smak\u00e4mnen.<\/p>\n<p>Smaken av en god umeshu kommer inte bara fr\u00e5n fruktk\u00f6ttet och skalet, utan ocks\u00e5 fr\u00e5n k\u00e4rnan. Av de hundratals ume-sorter som finns i Japan har Choya valt att arbeta med endast fyra, varav s\u00e4rskilt Nanko-ume fr\u00e5n Wakayama \u00e4r s\u00e4rskilt eftertraktad bland annat p\u00e5 grund av sin h\u00f6ga syra.<\/p>\n","protected":false},"excerpt":{"rendered":"<p>CHOYA UMESHU CO., LTD.<\/p>\n","protected":false},"featured_media":42391,"template":"","meta":{"_acf_changed":false,"rs_blank_template":"","rs_page_bg_color":"","slide_template_v7":""},"product_brand":[],"product_cat":[2387,4593],"product_tag":[],"class_list":{"0":"post-42367","1":"product","2":"type-product","3":"status-publish","4":"has-post-thumbnail","6":"product_cat-avec-sv","7":"product_cat-sake-umeshu-sv","8":"pa_land-japan-sv","9":"pa_procent-14-5-sv","10":"pa_producent-choya-sv","11":"pa_region-habikino-sv","12":"pa_volume-75-sv","14":"first","15":"instock","16":"sale","17":"taxable","18":"shipping-taxable","19":"purchasable","20":"product-type-simple"},"bundled_by":[],"bundle_stock_status":"instock","bundle_stock_quantity":null,"bundle_virtual":false,"bundle_layout":"","bundle_add_to_cart_form_location":"","bundle_editable_in_cart":false,"bundle_sold_individually_context":"","bundle_item_grouping":"","bundle_min_size":"","bundle_max_size":"","bundle_price":[],"bundled_items":[],"bundle_sell_ids":[],"acf":[],"_links":{"self":[{"href":"https:\/\/www.raschvin.com\/sv\/wp-json\/wp\/v2\/product\/42367","targetHints":{"allow":["GET"]}}],"collection":[{"href":"https:\/\/www.raschvin.com\/sv\/wp-json\/wp\/v2\/product"}],"about":[{"href":"https:\/\/www.raschvin.com\/sv\/wp-json\/wp\/v2\/types\/product"}],"wp:featuredmedia":[{"embeddable":true,"href":"https:\/\/www.raschvin.com\/sv\/wp-json\/wp\/v2\/media\/42391"}],"wp:attachment":[{"href":"https:\/\/www.raschvin.com\/sv\/wp-json\/wp\/v2\/media?parent=42367"}],"wp:term":[{"taxonomy":"product_brand","embeddable":true,"href":"https:\/\/www.raschvin.com\/sv\/wp-json\/wp\/v2\/product_brand?post=42367"},{"taxonomy":"product_cat","embeddable":true,"href":"https:\/\/www.raschvin.com\/sv\/wp-json\/wp\/v2\/product_cat?post=42367"},{"taxonomy":"product_tag","embeddable":true,"href":"https:\/\/www.raschvin.com\/sv\/wp-json\/wp\/v2\/product_tag?post=42367"}],"curies":[{"name":"wp","href":"https:\/\/api.w.org\/{rel}","templated":true}]}}