{"id":42247,"date":"2023-10-25T09:16:03","date_gmt":"2023-10-25T07:16:03","guid":{"rendered":"https:\/\/www.raschvin.com\/produkt\/signal-hill-whisky-70-cl-40\/"},"modified":"2023-10-25T09:16:03","modified_gmt":"2023-10-25T07:16:03","slug":"signal-hill-whisky-70-cl-40","status":"publish","type":"product","link":"https:\/\/www.raschvin.com\/sv\/produkt\/signal-hill-whisky-70-cl-40\/","title":{"rendered":"Signal Hill Whisky 70 cl. 40%"},"content":{"rendered":"<p>Signal Hill Whisky \u00e4r en kanadensisk whisky gjord p\u00e5 en blandning av majswhisky och maltwhisky. Majswhiskyn destilleras i en dubbelkolonn och maltwhiskyn i en traditionell pot still. Efter destillering blandas de tv\u00e5 whiskytyperna och lagras p\u00e5 3 olika fat: nya amerikanska vita ekfat, first fill ex-bourbonfat och kanadensiska whiskyfat.<\/p>\n<p>F\u00e4rg: Amber.<br \/>\nN\u00e4sa: En perfekt balanserad fullsmakande whisky, med en delikat blandning av subtila russin och torkade plommon kompletterad med s\u00f6t gr\u00e4ddsherry, engelsk kola, vanilj, honung, mjuk ek och en hint av krydda.<br \/>\nSmaknoter: S\u00f6t p\u00e5 tungan till en b\u00f6rjan, f\u00f6ljt av bitters\u00f6t kakao, subtila toner av l\u00e4der och piptobak. Russin och torkade plommon fyller mitten. Creamsherry, te, melass och mild ek i finish<\/p>\n<p>Serveringsf\u00f6rslag: Njut av det rent, ev med n\u00e5gra droppar vatten, eller i din favorit whiskycocktail.<\/p>\n<p>Signal Hill har en plats i v\u00e5r kollektiva historia, fr\u00e5n Kapstaden till Kowloon, Kalifornien till Newfoundland. Det var h\u00e4r som fartygen fick s\u00e4ker passage in i hamnar. Det var h\u00e4r eldar t\u00e4ndes f\u00f6r att signalera mellan byar. Det var h\u00e4r som v\u00e4rldens f\u00f6rsta transatlantiska tr\u00e5dl\u00f6sa signal togs emot i morsekoden, och platsen f\u00f6r den f\u00f6rsta non-stop transatlantiska flygpostflygningen. Det \u00e4r dessa historiska gestaltningar av anslutning och kommunikation som inspirerar framst\u00e4llningen av v\u00e5r whisky. Var \u00e4r din Signal Hill?<\/p>\n<p>Signal Hill, som ligger p\u00e5 den h\u00f6gsta toppen intill en av Nordamerikas tidigast anv\u00e4nda hamnar, var en naturlig plats f\u00f6r att etablera en utkiksplats med r\u00f6tter i historien som str\u00e4cker sig s\u00e5 l\u00e5ngt tillbaka som 1600-talet. Det \u00e4r detta fort som b\u00e4r ber\u00e4ttelserna om tidigare ber\u00e4ttelser; en plats f\u00f6r innovation och en plats f\u00f6r anslutning. Buteljerat i St. John \u00e4r inom synh\u00e5ll fr\u00e5n Signal Hill (om v\u00e4dret till\u00e5ter, f\u00f6rst\u00e5s), det \u00e4r v\u00e5r whisky som uppr\u00e4tth\u00e5ller dessa f\u00f6rbindelser nu och imorgon.<\/p>\n<p>D\u00e4r vi \u00e4r i en flaska representerar en samling stora historiska \u00f6gonblick som representerar en anda av anslutning. Den 12 december 1901 mottog Signal Hill den f\u00f6rsta rapporterade transatlantiska tr\u00e5dl\u00f6sa \u00f6verf\u00f6ringen av Guglielmo Marconi. Han st\u00e4llde upp sin mottagare p\u00e5 ett \u00f6vergivet sjukhus bel\u00e4get p\u00e5 en klippa som vetter mot Europa p\u00e5 toppen av Signal Hill, i hopp om att f\u00e5 en signal fr\u00e5n sin Poldhu Wireless Station i Cornwall, Storbritannien. N\u00e4r Marconi lyssnade genom sitt telefonheadset h\u00f6rde han en serie av tre &#8221;pip&#8221; &#8211; morsekod f\u00f6r bokstaven S. Det var h\u00e4r historien skapades, ett bevis p\u00e5 att kommunikation \u00f6ver stora avst\u00e5nd var m\u00f6jlig.<\/p>\n<p>Leta efter morsekoden p\u00e5 v\u00e5r flaska.<\/p>\n<p>Det var i St. John&#8217;s, Newfoundland, att det f\u00f6rsta non-stop transatlantiska flygpostflyget avgick. Den 14 juni 1919 gick de brittiska flygarna, Alcock och Brown, ombord p\u00e5 Vickers flygplan och lyfte fr\u00e5n Lester&#8217;s Field och landade i Galway redan n\u00e4sta dag. Under sin resa misslyckades de elektriska v\u00e4rmedr\u00e4kterna, piloterna tvingades utst\u00e5 de kalla temperaturerna i den \u00f6ppna cockpiten. Som ett s\u00e4tt att v\u00e4rma deras kaffe spetsades med n\u00e5got annat \u00e4n whisky!<\/p>\n<p>Wineland, du kanske k\u00e4nner till det som Newfoundland, var platsen f\u00f6r den f\u00f6rsta kanadensiska landningen f\u00f6r nordborna. Det var 1 000 \u00e5r sedan som Leif Erikson och hans vikingabes\u00e4ttning satte sin fot p\u00e5 Kanadas str\u00e4nder och tog med sig nordisk mytologi. Deras kultur har funnits kvar genom valknutsymbolen &#8211; en symbol f\u00f6r deras vikingagud Oden och kungariket Valhalla d\u00e4r han regerade.<\/p>\n<p>V\u00e5r logotyp \u00e4r inspirerad av denna fornnordiska symbol. De tre sammankopplade trianglarna har en stor betydelse och har ofta f\u00f6rknippats med olika treenigheter. F\u00f6r oss kopplar den samman de tre viktigaste delarna av v\u00e5r whisky: spannm\u00e5len, vattnet och faten. Signal Hill ligger i hj\u00e4rtat av v\u00e5r treenighet, som f\u00f6r alltid kommer att st\u00e5 som en symbol f\u00f6r den m\u00e4nskliga andens \u00f6nskan om anslutning.<\/p>\n","protected":false},"excerpt":{"rendered":"<p>Canadian Whisky<\/p>\n","protected":false},"featured_media":42288,"template":"","meta":{"_acf_changed":false,"rs_blank_template":"","rs_page_bg_color":"","slide_template_v7":""},"product_brand":[],"product_cat":[2387,4765,4648,2392],"product_tag":[],"class_list":{"0":"post-42247","1":"product","2":"type-product","3":"status-publish","4":"has-post-thumbnail","6":"product_cat-avec-sv","7":"product_cat-blended-sv","8":"product_cat-blended-malt","9":"product_cat-whisky-sv","10":"pa_land-canada-sv","11":"pa_procent-40-sv-2","12":"pa_region-newfoundland-sv","13":"pa_volume-70-sv-2","15":"first","16":"instock","17":"sale","18":"taxable","19":"shipping-taxable","20":"purchasable","21":"product-type-simple"},"bundled_by":[],"bundle_stock_status":"instock","bundle_stock_quantity":null,"bundle_virtual":false,"bundle_layout":"","bundle_add_to_cart_form_location":"","bundle_editable_in_cart":false,"bundle_sold_individually_context":"","bundle_item_grouping":"","bundle_min_size":"","bundle_max_size":"","bundle_price":[],"bundled_items":[],"bundle_sell_ids":[],"acf":[],"_links":{"self":[{"href":"https:\/\/www.raschvin.com\/sv\/wp-json\/wp\/v2\/product\/42247","targetHints":{"allow":["GET"]}}],"collection":[{"href":"https:\/\/www.raschvin.com\/sv\/wp-json\/wp\/v2\/product"}],"about":[{"href":"https:\/\/www.raschvin.com\/sv\/wp-json\/wp\/v2\/types\/product"}],"wp:featuredmedia":[{"embeddable":true,"href":"https:\/\/www.raschvin.com\/sv\/wp-json\/wp\/v2\/media\/42288"}],"wp:attachment":[{"href":"https:\/\/www.raschvin.com\/sv\/wp-json\/wp\/v2\/media?parent=42247"}],"wp:term":[{"taxonomy":"product_brand","embeddable":true,"href":"https:\/\/www.raschvin.com\/sv\/wp-json\/wp\/v2\/product_brand?post=42247"},{"taxonomy":"product_cat","embeddable":true,"href":"https:\/\/www.raschvin.com\/sv\/wp-json\/wp\/v2\/product_cat?post=42247"},{"taxonomy":"product_tag","embeddable":true,"href":"https:\/\/www.raschvin.com\/sv\/wp-json\/wp\/v2\/product_tag?post=42247"}],"curies":[{"name":"wp","href":"https:\/\/api.w.org\/{rel}","templated":true}]}}