{"id":42119,"date":"2023-10-24T20:45:52","date_gmt":"2023-10-24T18:45:52","guid":{"rendered":"https:\/\/www.raschvin.com\/produkt\/glen-scotia-campbeltown-harbour-70-cl-40\/"},"modified":"2023-10-24T20:45:52","modified_gmt":"2023-10-24T18:45:52","slug":"glen-scotia-campbeltown-harbour-70-cl-40","status":"publish","type":"product","link":"https:\/\/www.raschvin.com\/sv\/produkt\/glen-scotia-campbeltown-harbour-70-cl-40\/","title":{"rendered":"Glen Scotia \u2013 Campbeltown Harbour 70 cl. 40%"},"content":{"rendered":"<p>Campbeltowns ikoniska hamn var en g\u00e5ng det sista stoppet f\u00f6r skotsk whisky fr\u00e5n alla regioner till den stora v\u00e4rlden, och v\u00e5r passande namn &#8221;Campbeltown Harbour&#8221; \u00e4r en sk\u00e5l f\u00f6r denna viktiga hamn och de l\u00e5ngvariga relationer den har skapat mellan Campbeltown och omv\u00e4rlden. .<\/p>\n<p>Glen Scotia Campbeltown Harbour whisky \u00e4r en fantastisk introduktion till Glen Scotia-serien, med en distinkt kustn\u00e4ra influens av havssalt och mild r\u00f6k, balanserad med mjuk persika och vaniljkr\u00e4m.<\/p>\n<p>Glen Scotia f\u00f6ddes p\u00e5 en plats utan dess like &#8211; en liten stad p\u00e5 Skottlands v\u00e4stkust som skulle bli den &#8221;viktorianska whiskyhuvudstaden i v\u00e4rlden&#8221;. Inv\u00e5narna i Campbeltown \u00e4r stoiska och stolta, och v\u00e5r whisky har alltid haft ett underbart s\u00e4tt att f\u00f6ra oss samman i n\u00f6den. Glen Scotia segrade mot oddsen d\u00e4r ett trettiotal andra lokala destillerier f\u00f6ll. Idag st\u00e5r den stolt bland de sista av m\u00e5nga, i kraft av den gemenskapsanda som definierar Campbeltown.<\/p>\n<p>SMAKANM\u00c4RKNINGAR<br \/>\nN\u00c4SA<br \/>\nBriny havsspray, viol och lavendel och vanilj<\/p>\n<p>SMAK<br \/>\nMjuk persika, krispigt gr\u00f6nt \u00e4pple, seg fudge och vaniljkr\u00e4m<\/p>\n<p>AVSLUTA<br \/>\nMedell\u00e4ngd, torr med mild r\u00f6k, syrlig torv och havsspray<\/p>\n","protected":false},"excerpt":{"rendered":"<p>Campbeltown Single Malt Scotch Whisky<\/p>\n","protected":false},"featured_media":42150,"template":"","meta":{"_acf_changed":false,"rs_blank_template":"","rs_page_bg_color":"","slide_template_v7":""},"product_brand":[],"product_cat":[2387,4651,2392],"product_tag":[],"class_list":{"0":"post-42119","1":"product","2":"type-product","3":"status-publish","4":"has-post-thumbnail","6":"product_cat-avec-sv","7":"product_cat-single-malt-sv","8":"product_cat-whisky-sv","9":"pa_land-skottland","10":"pa_procent-40-sv-2","11":"pa_producent-glen-scotia-sv","12":"pa_region-campbeltown-sv","13":"pa_volume-70-sv-2","15":"first","16":"instock","17":"sale","18":"taxable","19":"shipping-taxable","20":"purchasable","21":"product-type-simple"},"bundled_by":[],"bundle_stock_status":"instock","bundle_stock_quantity":null,"bundle_virtual":false,"bundle_layout":"","bundle_add_to_cart_form_location":"","bundle_editable_in_cart":false,"bundle_sold_individually_context":"","bundle_item_grouping":"","bundle_min_size":"","bundle_max_size":"","bundle_price":[],"bundled_items":[],"bundle_sell_ids":[],"acf":[],"_links":{"self":[{"href":"https:\/\/www.raschvin.com\/sv\/wp-json\/wp\/v2\/product\/42119","targetHints":{"allow":["GET"]}}],"collection":[{"href":"https:\/\/www.raschvin.com\/sv\/wp-json\/wp\/v2\/product"}],"about":[{"href":"https:\/\/www.raschvin.com\/sv\/wp-json\/wp\/v2\/types\/product"}],"wp:featuredmedia":[{"embeddable":true,"href":"https:\/\/www.raschvin.com\/sv\/wp-json\/wp\/v2\/media\/42150"}],"wp:attachment":[{"href":"https:\/\/www.raschvin.com\/sv\/wp-json\/wp\/v2\/media?parent=42119"}],"wp:term":[{"taxonomy":"product_brand","embeddable":true,"href":"https:\/\/www.raschvin.com\/sv\/wp-json\/wp\/v2\/product_brand?post=42119"},{"taxonomy":"product_cat","embeddable":true,"href":"https:\/\/www.raschvin.com\/sv\/wp-json\/wp\/v2\/product_cat?post=42119"},{"taxonomy":"product_tag","embeddable":true,"href":"https:\/\/www.raschvin.com\/sv\/wp-json\/wp\/v2\/product_tag?post=42119"}],"curies":[{"name":"wp","href":"https:\/\/api.w.org\/{rel}","templated":true}]}}