{"id":42116,"date":"2023-10-24T20:31:55","date_gmt":"2023-10-24T18:31:55","guid":{"rendered":"https:\/\/www.raschvin.com\/produkt\/elements-of-islay-sherry-cask-shry1-70-cl-545\/"},"modified":"2023-10-24T20:31:55","modified_gmt":"2023-10-24T18:31:55","slug":"elements-of-islay-sherry-cask-shry1-70-cl-545","status":"publish","type":"product","link":"https:\/\/www.raschvin.com\/sv\/produkt\/elements-of-islay-sherry-cask-shry1-70-cl-545\/","title":{"rendered":"Elements of Islay &#8211; Sherry Cask SHRY1 70 cl. 54,5%"},"content":{"rendered":"<p>Elements of Islay Sherry Cask \u00e4r, tillsammans med Cask Edit och Bourbon Cask, en del av den nya trilogin, som kommer att vara en vanlig del av Elements of Islay. Den blandas av flera Islay-destillerier och mognas i first fill- och refill-sherryfat. Den \u00e4r buteljerad till 54,5 % f\u00f6r att helt visa whiskyns naturliga personlighet och smak. Inslag av torkad frukt och m\u00f6rk choklad fr\u00e5n ett Islay-destilleri p\u00e5 sydkusten, kombinerat med toner av citrusolja och r\u00f6kt kolja fr\u00e5n norra kusten.<\/p>\n<p>F\u00e4rg: M\u00f6rk b\u00e4rnsten.<br \/>\nDoft: Som tobak fr\u00e5n en nyt\u00f6md cigarrl\u00e5da i sandeltr\u00e4, kombinerat med r\u00f6k fr\u00e5n Arbroath n\u00e4r de r\u00f6ker kol, och aromatiska toner av citronolja, ingef\u00e4ra och en hint av mentol.<br \/>\nSmaknoter: Kanderade apelsinskivor, doppade i m\u00f6rk choklad och bitar av kristalliserad ingef\u00e4ra. Muscovadosirap ringlade \u00f6ver ingef\u00e4rskaka med dadlar. S\u00f6t r\u00f6k och torkade h\u00f6stfrukter i bakgrunden. En fin avslutning med kola och m\u00f6rkt, r\u00f6kigt te, s\u00f6tat med m\u00f6rkt brunt socker. L\u00e5ng, s\u00f6t, dj\u00e4rv och kryddig finish.<\/p>\n<p>Serveringsf\u00f6rslag: Njut av det rent, ev med n\u00e5gra droppar vatten.<\/p>\n<p>Elements of Islay k\u00e4rntrilogi inneh\u00e5ller tre termer:<br \/>\nCask Edit, Bourbon Cask och Sherry Cask.<\/p>\n<p>Cask Edit \u00e4r en komposition &#8211; eller redigering &#8211; av refill-, bourbon- och sherryfat. Rik, r\u00f6kig singelmalt fr\u00e5n Islays sydkust sm\u00e4lter samman med en fr\u00e4schare, fruktigare stil fr\u00e5n norr. Bourbon Cask \u00e4r mognat i first fill och refill bourbon fat. Klassisk rik grillr\u00f6k fr\u00e5n ett Islay-destilleri p\u00e5 sydkusten kombineras med mer subtila, fr\u00e4scha smaker fr\u00e5n nordkusten. Sherry Cask \u00e4r mognat i first fill and refill sherry butts och hogsheads. Islay single malt fr\u00e5n ett sydkustdestilleri ger smaker av torkad frukt och m\u00f6rk choklad, medan ett nordkustdestilleri bidrar med toner av citronolja och Arbroath-smokie.<\/p>\n<p>Sortimentet inkluderar \u00e4ven en rad single malt-tappningar fr\u00e5n hela Islay-destillerierna, s\u00e5v\u00e4l som v\u00e5ra nu arkiverade PEAT-blandningstappningar.<\/p>\n<p>Elements of Islay-sortimentet best\u00e5r av prisbel\u00f6nta whisky. Vi \u00e4r stolta vinnare av guldmedaljer f\u00f6r b\u00e5de Cask Edit och Sherry Cask och silvermedalj f\u00f6r Bourbon Cask fr\u00e5n IWSC (International Wine &#038; Spirits Awards)<\/p>\n","protected":false},"excerpt":{"rendered":"<p>Islay Blended Malt Scotch Whisky<\/p>\n","protected":false},"featured_media":42171,"template":"","meta":{"_acf_changed":false,"rs_blank_template":"","rs_page_bg_color":"","slide_template_v7":""},"product_brand":[],"product_cat":[2387,4648,2392],"product_tag":[],"class_list":{"0":"post-42116","1":"product","2":"type-product","3":"status-publish","4":"has-post-thumbnail","6":"product_cat-avec-sv","7":"product_cat-blended-malt","8":"product_cat-whisky-sv","9":"pa_champagne-type-blended-malt-sv","10":"pa_land-skottland","11":"pa_procent-54-5-sv","12":"pa_producent-elixir-distillers-sv","13":"pa_region-islay-sv","14":"pa_volume-70-sv-2","16":"first","17":"instock","18":"taxable","19":"shipping-taxable","20":"purchasable","21":"product-type-simple"},"bundled_by":[],"bundle_stock_status":"instock","bundle_stock_quantity":null,"bundle_virtual":false,"bundle_layout":"","bundle_add_to_cart_form_location":"","bundle_editable_in_cart":false,"bundle_sold_individually_context":"","bundle_item_grouping":"","bundle_min_size":"","bundle_max_size":"","bundle_price":[],"bundled_items":[],"bundle_sell_ids":[],"acf":[],"_links":{"self":[{"href":"https:\/\/www.raschvin.com\/sv\/wp-json\/wp\/v2\/product\/42116","targetHints":{"allow":["GET"]}}],"collection":[{"href":"https:\/\/www.raschvin.com\/sv\/wp-json\/wp\/v2\/product"}],"about":[{"href":"https:\/\/www.raschvin.com\/sv\/wp-json\/wp\/v2\/types\/product"}],"wp:featuredmedia":[{"embeddable":true,"href":"https:\/\/www.raschvin.com\/sv\/wp-json\/wp\/v2\/media\/42171"}],"wp:attachment":[{"href":"https:\/\/www.raschvin.com\/sv\/wp-json\/wp\/v2\/media?parent=42116"}],"wp:term":[{"taxonomy":"product_brand","embeddable":true,"href":"https:\/\/www.raschvin.com\/sv\/wp-json\/wp\/v2\/product_brand?post=42116"},{"taxonomy":"product_cat","embeddable":true,"href":"https:\/\/www.raschvin.com\/sv\/wp-json\/wp\/v2\/product_cat?post=42116"},{"taxonomy":"product_tag","embeddable":true,"href":"https:\/\/www.raschvin.com\/sv\/wp-json\/wp\/v2\/product_tag?post=42116"}],"curies":[{"name":"wp","href":"https:\/\/api.w.org\/{rel}","templated":true}]}}