{"id":42107,"date":"2023-10-24T20:03:50","date_gmt":"2023-10-24T18:03:50","guid":{"rendered":"https:\/\/www.raschvin.com\/produkt\/pisco-campo-de-encanto-grand-noble-acholado-405\/"},"modified":"2023-10-24T20:03:50","modified_gmt":"2023-10-24T18:03:50","slug":"pisco-campo-de-encanto-grand-noble-acholado-405","status":"publish","type":"product","link":"https:\/\/www.raschvin.com\/sv\/produkt\/pisco-campo-de-encanto-grand-noble-acholado-405\/","title":{"rendered":"Pisco Campo De Encanto Grand Noble Acholado 40,5%"},"content":{"rendered":"<p>F\u00e5 spritdrycker har en s\u00e5 f\u00f6rf\u00f6risk arom som riktigt god pisco. Campo de Encanto betyder ungef\u00e4r &#8221;f\u00f6rtrollningens (vin)f\u00e4lt&#8221;, och h\u00e4r r\u00e5der det ingen tvekan om att f\u00f6rtrollningen f\u00f6ljer med hela v\u00e4gen fr\u00e5n f\u00e4ltet till glaset &#8211; det doftar helt enkelt underbart av tropisk frukt, stenfrukt, blommor och allt m\u00f6jligt. annat. \u00c4ven om en trollkarl aldrig avsl\u00f6jar sina trick, vet vi vad magin kan tillskrivas: n\u00e4mligen m\u00e4sterdestillat\u00f6ren Carlos Romeros hantverk. Pisco Campo de Encanto \u00e4r gjord p\u00e5 druvor fr\u00e5n gamla vinstockar med bl.a. torontel, moscatel och quebranta, som j\u00e4ser l\u00e5ngsamt och destilleras en g\u00e5ng i en koppargryta. Den buteljeras utan \u00e5ldrande och utan utsp\u00e4dning, s\u00e5 de 40,5% \u00e4r &#8221;destillationsstyrka&#8221;.<\/p>\n<p>F\u00e4rg: Klar.<br \/>\nDoft: B\u00e5de blommig (jasmin) och fruktig doft. Mycket mogen persika, vindruvor, citrus och tropisk frukt.<br \/>\nSmaknoter: Torr, men med toner av honung, mynta, stenfrukt och citronskal.<\/p>\n<p>Serveringsf\u00f6rslag: Perfekt i en pisco sour!<\/p>\n<p>Denna har toner av plommon, persikor, mandel och choklad.<\/p>\n","protected":false},"excerpt":{"rendered":"<p>Peruvian Pisco<\/p>\n","protected":false},"featured_media":42230,"template":"","meta":{"_acf_changed":false,"rs_blank_template":"","rs_page_bg_color":"","slide_template_v7":""},"product_brand":[],"product_cat":[2387,2743,6314],"product_tag":[],"class_list":{"0":"post-42107","1":"product","2":"type-product","3":"status-publish","4":"has-post-thumbnail","6":"product_cat-avec-sv","7":"product_cat-brannvin-sv","8":"product_cat-pisco-sv","9":"pa_land-peru-sv","10":"pa_procent-40-5-sv","11":"pa_producent-encanto-sv","12":"pa_volume-70-sv-2","14":"first","15":"instock","16":"sale","17":"taxable","18":"shipping-taxable","19":"purchasable","20":"product-type-simple"},"bundled_by":[],"bundle_stock_status":"instock","bundle_stock_quantity":null,"bundle_virtual":false,"bundle_layout":"","bundle_add_to_cart_form_location":"","bundle_editable_in_cart":false,"bundle_sold_individually_context":"","bundle_item_grouping":"","bundle_min_size":"","bundle_max_size":"","bundle_price":[],"bundled_items":[],"bundle_sell_ids":[],"acf":[],"_links":{"self":[{"href":"https:\/\/www.raschvin.com\/sv\/wp-json\/wp\/v2\/product\/42107","targetHints":{"allow":["GET"]}}],"collection":[{"href":"https:\/\/www.raschvin.com\/sv\/wp-json\/wp\/v2\/product"}],"about":[{"href":"https:\/\/www.raschvin.com\/sv\/wp-json\/wp\/v2\/types\/product"}],"wp:featuredmedia":[{"embeddable":true,"href":"https:\/\/www.raschvin.com\/sv\/wp-json\/wp\/v2\/media\/42230"}],"wp:attachment":[{"href":"https:\/\/www.raschvin.com\/sv\/wp-json\/wp\/v2\/media?parent=42107"}],"wp:term":[{"taxonomy":"product_brand","embeddable":true,"href":"https:\/\/www.raschvin.com\/sv\/wp-json\/wp\/v2\/product_brand?post=42107"},{"taxonomy":"product_cat","embeddable":true,"href":"https:\/\/www.raschvin.com\/sv\/wp-json\/wp\/v2\/product_cat?post=42107"},{"taxonomy":"product_tag","embeddable":true,"href":"https:\/\/www.raschvin.com\/sv\/wp-json\/wp\/v2\/product_tag?post=42107"}],"curies":[{"name":"wp","href":"https:\/\/api.w.org\/{rel}","templated":true}]}}