{"id":41738,"date":"2023-10-17T10:44:23","date_gmt":"2023-10-17T08:44:23","guid":{"rendered":"https:\/\/www.raschvin.com\/produkt\/dorre-corrigan-cocktail-straw-3-cm-set-of-6\/"},"modified":"2023-10-17T10:44:23","modified_gmt":"2023-10-17T08:44:23","slug":"dorre-corrigan-cocktail-straw-3-cm-set-of-6","status":"publish","type":"product","link":"https:\/\/www.raschvin.com\/sv\/produkt\/dorre-corrigan-cocktail-straw-3-cm-set-of-6\/","title":{"rendered":"Dorre Corrigan Cocktail Straw 3 cm &#8211; Set of 6"},"content":{"rendered":"<p>Corrigan sugr\u00f6r 23 cm 6-pack fr\u00e5n Dorre \u00e4r b\u00f6jda sugr\u00f6r av rostfritt st\u00e5l. Designen p\u00e5 de snygga metallsugr\u00f6ren g\u00f6r att de fungerar b\u00e5de till vardagsmat och tjusiga fester. De fungerar f\u00f6r allt fr\u00e5n varma kaffedrycker till uppfriskande cocktails.<\/p>\n<p>Dorre \u00e4r ett svenskt familjef\u00f6retag med fokus p\u00e5 design, funktion och kvalitet. Sedan 1963 har de skapat popul\u00e4ra produkter f\u00f6r k\u00f6ket och hemmet fr\u00e5n praktiska k\u00f6ksredskap till snygga tillbeh\u00f6r till middagsbordet och hemmabaren. H\u00e4r p\u00e5 Nordic Nest hittar du ett brett och modernt utbud av design fr\u00e5n Dorre.<\/p>\n<p>Inkluderade komponenter<br \/>\n4 sugr\u00f6r<br \/>\n1 reng\u00f6ringsborste<\/p>\n<p>Sk\u00f6tselr\u00e5d<br \/>\nKan diskas i diskmaskin.<\/p>\n","protected":false},"excerpt":{"rendered":"<p>Corrigan sugr\u00f6r 23 cm 6-pack fr\u00e5n Dorre \u00e4r b\u00f6jda sugr\u00f6r av rostfritt st\u00e5l. Designen p\u00e5 de snygga metallsugr\u00f6ren g\u00f6r att de fungerar b\u00e5de till vardagsmat och tjusiga fester. De fungerar&#8230;<\/p>\n","protected":false},"featured_media":41759,"template":"","meta":{"_acf_changed":false,"rs_blank_template":"","rs_page_bg_color":"","slide_template_v7":""},"product_brand":[],"product_cat":[2753,2761],"product_tag":[],"class_list":{"0":"post-41738","1":"product","2":"type-product","3":"status-publish","4":"has-post-thumbnail","6":"product_cat-gaavor","7":"product_cat-tillbehoer","8":"pa_producent-dorre-sv","10":"first","11":"instock","12":"taxable","13":"shipping-taxable","14":"purchasable","15":"product-type-simple"},"bundled_by":[],"bundle_stock_status":"instock","bundle_stock_quantity":null,"bundle_virtual":false,"bundle_layout":"","bundle_add_to_cart_form_location":"","bundle_editable_in_cart":false,"bundle_sold_individually_context":"","bundle_item_grouping":"","bundle_min_size":"","bundle_max_size":"","bundle_price":[],"bundled_items":[],"bundle_sell_ids":[],"acf":[],"_links":{"self":[{"href":"https:\/\/www.raschvin.com\/sv\/wp-json\/wp\/v2\/product\/41738","targetHints":{"allow":["GET"]}}],"collection":[{"href":"https:\/\/www.raschvin.com\/sv\/wp-json\/wp\/v2\/product"}],"about":[{"href":"https:\/\/www.raschvin.com\/sv\/wp-json\/wp\/v2\/types\/product"}],"wp:featuredmedia":[{"embeddable":true,"href":"https:\/\/www.raschvin.com\/sv\/wp-json\/wp\/v2\/media\/41759"}],"wp:attachment":[{"href":"https:\/\/www.raschvin.com\/sv\/wp-json\/wp\/v2\/media?parent=41738"}],"wp:term":[{"taxonomy":"product_brand","embeddable":true,"href":"https:\/\/www.raschvin.com\/sv\/wp-json\/wp\/v2\/product_brand?post=41738"},{"taxonomy":"product_cat","embeddable":true,"href":"https:\/\/www.raschvin.com\/sv\/wp-json\/wp\/v2\/product_cat?post=41738"},{"taxonomy":"product_tag","embeddable":true,"href":"https:\/\/www.raschvin.com\/sv\/wp-json\/wp\/v2\/product_tag?post=41738"}],"curies":[{"name":"wp","href":"https:\/\/api.w.org\/{rel}","templated":true}]}}